{"id":43041,"date":"2025-05-07T16:39:28","date_gmt":"2025-05-07T09:39:28","guid":{"rendered":"https:\/\/annhouse.com.vn\/?post_type=product&#038;p=43041"},"modified":"2025-05-07T16:40:35","modified_gmt":"2025-05-07T09:40:35","slug":"keo-dan-kim-tuyen-carioca-glitter-glue-neon-6-lo-42117","status":"publish","type":"product","link":"https:\/\/annhouse.com.vn\/en\/san-pham\/keo-dan-kim-tuyen-carioca-glitter-glue-neon-6-lo-42117","title":{"rendered":"Keo d\u00e1n kim tuy\u1ebfn Carioca Glitter Glue Neon &#8211; 6 l\u1ecd &#8211; 42117"},"content":{"rendered":"<p><span style=\"color: #000000;\"><strong>CARIOCA\u00ae<\/strong> l\u00e0 m\u1ed9t th\u01b0\u01a1ng hi\u1ec7u V\u0103n ph\u00f2ng ph\u1ea9m v\u00e0 \u0110\u1ed3 ch\u01a1i s\u00e1ng t\u1ea1o \u0111\u01b0\u1ee3c y\u00eau th\u00edch tr\u00ean to\u00e0n c\u1ea7u ra \u0111\u1eddi n\u0103m 1965 t\u1ea1i \u00dd. <\/span><span style=\"color: #000000;\">D\u00f2ng s\u1ea3n ph\u1ea9m c\u1ee7a CARIOCA\u00ae bao g\u1ed3m: b\u00fat d\u1ea1, b\u00fat ch\u00ec m\u00e0u, b\u00fat s\u00e1p m\u00e0u, ph\u1ea5n m\u00e0u, tr\u00f2 ch\u01a1i gi\u00e1o d\u1ee5c v\u00e0 nhi\u1ec1u d\u1ee5ng c\u1ee5 v\u1ebd kh\u00e1c. C\u00e1c s\u1ea3n ph\u1ea9m c\u1ee7a CARIOCA\u00ae hi\u1ec7n \u0111ang \u0111\u01b0\u1ee3c ph\u00e2n ph\u1ed1i h\u01a1n 80 qu\u1ed1c gia tr\u00ean to\u00e0n th\u1ebf gi\u1edbi.<\/span><\/p>\n<p><span style=\"color: #000000;\">T\u1eeb n\u0103m 2025, Ann House t\u1ef1 h\u00e0o l\u00e0 nh\u00e0 ph\u00e2n ph\u1ed1i \u0111\u1ed9c quy\u1ec1n th\u01b0\u01a1ng hi\u1ec7u CARIOCA\u00ae t\u1ea1i Vi\u1ec7t Nam.<\/span><\/p>\n<p><span style=\"color: #000000;\"><strong>S\u1ef1 kh\u00e1c bi\u1ec7t c\u1ee7a CARIOCA:<\/strong><\/span><\/p>\n<p><span style=\"color: #000000;\"><strong>1. T\u1eadp trung v\u00e0o s\u1ef1 s\u00e1ng t\u1ea1o c\u1ee7a tr\u1ebb em:<\/strong> Carioca cam k\u1ebft ph\u00e1t tri\u1ec3n s\u1ef1 s\u00e1ng t\u1ea1o c\u1ee7a tr\u1ebb em th\u00f4ng qua c\u00e1c s\u1ea3n ph\u1ea9m c\u1ee7a m\u00ecnh. \u0110\u00e2y l\u00e0 m\u1ed9t ph\u1ea7n c\u1ed1t l\u00f5i trong b\u1ea3n s\u1eafc th\u01b0\u01a1ng hi\u1ec7u c\u1ee7a h\u1ecd.<\/span><\/p>\n<p><span style=\"color: #000000;\"><strong>2. Ch\u1ea5t li\u1ec7u an to\u00e0n, ch\u1ea5t l\u01b0\u1ee3ng cao:<\/strong> Ch\u00fang t\u00f4i ch\u00fa tr\u1ecdng vi\u1ec7c s\u1eed d\u1ee5ng v\u1eadt li\u1ec7u ch\u1ea5t l\u01b0\u1ee3ng cao, bao g\u1ed3m thu\u1ed1c nhu\u1ed9m c\u1ea5p th\u1ef1c ph\u1ea9m cho m\u1ef1c b\u00fat d\u1ea1, v\u00e0 ki\u1ec3m tra nghi\u00eam ng\u1eb7t v\u1ec1 \u0111\u1ed9 an to\u00e0n.<\/span><\/p>\n<p><span style=\"color: #000000;\"><strong>3. Di s\u1ea3n &#8220;S\u1ea3n xu\u1ea5t t\u1ea1i \u00dd&#8221;:<\/strong> C\u00e1c s\u1ea3n ph\u1ea9m \u0111a s\u1ed1 \u0111\u01b0\u1ee3c s\u1ea3n xu\u1ea5t t\u1ea1i \u00dd.<\/span><\/p>\n<p><span style=\"color: #000000;\"><strong>4. D\u00f2ng s\u1ea3n ph\u1ea9m phong ph\u00fa:<\/strong> Carioca cung c\u1ea5p nhi\u1ec1u lo\u1ea1i \u0111\u1ed3 d\u00f9ng ngh\u1ec7 thu\u1eadt, bao g\u1ed3m b\u00fat d\u1ea1, b\u00fat ch\u00ec m\u00e0u, b\u00fat s\u00e1p m\u00e0u, ph\u1ea5n m\u00e0u v\u00e0 tr\u00f2 ch\u01a1i gi\u00e1o d\u1ee5c.<\/span><\/p>\n<p><span style=\"color: #000000;\"><strong>5. S\u1ea3n xu\u1ea5t v\u00e0 ph\u00e2n ph\u1ed1i quy m\u00f4 l\u1edbn:<\/strong>\u00a0Carioca c\u00f3 quy m\u00f4 s\u1ea3n xu\u1ea5t r\u1ea5t l\u1edbn v\u00e0 ph\u00e2n ph\u1ed1i r\u1ed9ng r\u00e3i tr\u00ean to\u00e0n c\u1ea7u.<\/span><\/p>\n","protected":false},"excerpt":{"rendered":"<p data-sourcepos=\"1:1-1:244\"><span style=\"color: #000000;\"><strong>Keo d\u00e1n kim tuy\u1ebfn Glitter Glue<\/strong> l\u00e0 lo\u1ea1i keo c\u00f3 pha tr\u1ed9n c\u00e1c h\u1ea1t kim tuy\u1ebfn l\u1ea5p l\u00e1nh v\u1edbi nhi\u1ec1u m\u00e0u s\u1eafc kh\u00e1c nhau. \u0110\u00e2y l\u00e0 m\u1ed9t lo\u1ea1i v\u1eadt li\u1ec7u th\u1ee7 c\u00f4ng \u0111\u01b0\u1ee3c tr\u1ebb em v\u00e0 ng\u01b0\u1eddi l\u1edbn y\u00eau th\u00edch \u0111\u1ec3 trang tr\u00ed, v\u1ebd ho\u1eb7c l\u00e0m c\u00e1c s\u1ea3n ph\u1ea9m DIY (t\u1ef1 l\u00e0m).<\/span><\/p>\n<p data-sourcepos=\"3:1-3:43\"><span style=\"color: #000000;\"><strong>\u0110\u1eb7c \u0111i\u1ec3m c\u1ee7a \u0111\u1ed3 ch\u01a1i keo d\u00e1n kim tuy\u1ebfn:<\/strong><\/span><\/p>\n<ul data-sourcepos=\"5:1-9:0\">\n<li data-sourcepos=\"5:1-5:106\"><span style=\"color: #000000;\"><strong>M\u00e0u s\u1eafc b\u1eaft m\u1eaft:<\/strong> Keo c\u00f3 nhi\u1ec1u m\u00e0u s\u1eafc t\u01b0\u01a1i s\u00e1ng, k\u1ebft h\u1ee3p v\u1edbi \u00e1nh kim tuy\u1ebfn l\u1ea5p l\u00e1nh, t\u1ea1o s\u1ef1 thu h\u00fat.<\/span><\/li>\n<li data-sourcepos=\"6:1-6:79\"><span style=\"color: #000000;\"><strong>D\u1ec5 s\u1eed d\u1ee5ng:<\/strong> Th\u01b0\u1eddng c\u00f3 d\u1ea1ng tu\u00fdp nh\u1ecf, d\u1ec5 d\u00e0ng b\u00f3p v\u00e0 \u0111i\u1ec1u khi\u1ec3n l\u01b0\u1ee3ng keo.<\/span><\/li>\n<li data-sourcepos=\"7:1-7:148\"><span style=\"color: #000000;\"><strong>\u0110a n\u0103ng:<\/strong> C\u00f3 th\u1ec3 d\u00f9ng \u0111\u1ec3 d\u00e1n tr\u00ean gi\u1ea5y, v\u1ea3i, g\u1ed7, nh\u1ef1a v\u00e0 nhi\u1ec1u b\u1ec1 m\u1eb7t kh\u00e1c. Ngo\u00e0i ra, n\u00f3 c\u00f2n l\u00e0 m\u1ed9t th\u00e0nh ph\u1ea7n ph\u1ed5 bi\u1ebfn \u0111\u1ec3 l\u00e0m slime kim tuy\u1ebfn.<\/span><\/li>\n<li data-sourcepos=\"8:1-9:0\"><span style=\"color: #000000;\"><strong>T\u00ednh s\u00e1ng t\u1ea1o:<\/strong> Khuy\u1ebfn kh\u00edch s\u1ef1 s\u00e1ng t\u1ea1o v\u00e0 ph\u00e1t tri\u1ec3n k\u1ef9 n\u0103ng th\u1ee7 c\u00f4ng \u1edf tr\u1ebb em.<\/span><\/li>\n<\/ul>\n<p><span style=\"color: #000000;\"><strong>CARIOCA\u00ae l\u00e0 m\u1ed9t th\u01b0\u01a1ng hi\u1ec7u V\u0103n ph\u00f2ng ph\u1ea9m v\u00e0 \u0110\u1ed3 ch\u01a1i s\u00e1ng t\u1ea1o \u0111\u01b0\u1ee3c y\u00eau th\u00edch tr\u00ean to\u00e0n c\u1ea7u ra \u0111\u1eddi n\u0103m 1965 t\u1ea1i \u00dd.<\/strong><\/span><\/p>\n<p><span style=\"color: #000000;\"><strong>Th\u00f4ng tin s\u1ea3n ph\u1ea9m:<\/strong><br \/>\n<\/span><\/p>\n<p><span style=\"color: #000000;\">&#8211; Thi\u1ebft k\u1ebf n\u1eafp v\u1eb7n ti\u1ec7n l\u1ee3i<br \/>\n&#8211; G\u1ed3m 6 l\u1ecd m\u00e0u s\u1eafc kh\u00e1c nhau<\/span><br \/>\n<span style=\"color: #000000;\">&#8211; M\u1ef1c g\u1ed1c n\u01b0\u1edbc<\/span><br \/>\n<span style=\"color: #000000;\">&#8211; \u0110\u1ea7u b\u00fat cao c\u1ea5p<\/span><br \/>\n<span style=\"color: #000000;\">&#8211; Ph\u00f9 h\u1ee3p \u0111\u1ec3 t\u00f4 v\u1ebd trang tr\u00ed s\u00e1ng t\u1ea1o<\/span><br \/>\n<span style=\"color: #000000;\">&#8211; Th\u01b0\u01a1ng hi\u1ec7u \u00dd, s\u1ea3n xu\u1ea5t t\u1ea1i Trung Qu\u1ed1c, \u0111\u1ea1t ti\u00eau chu\u1ea9n an to\u00e0n Ch\u00e2u \u00c2u<br \/>\n<\/span><\/p>\n<p><span style=\"color: #000000;\"><strong>L\u01b0u \u00fd: Tr\u00e1nh ngu\u1ed3n nhi\u1ec7t, ho\u00e1 ch\u1ea5t. Kh\u00f4ng th\u00edch h\u1ee3p cho tr\u1ebb d\u01b0\u1edbi 3 tu\u1ed5i<\/strong><\/span><\/p>\n","protected":false},"featured_media":42689,"comment_status":"open","ping_status":"closed","template":"","meta":{"kk_blocks_editor_width":"","_kiokenblocks_attr":"","_kiokenblocks_dimensions":""},"product_cat":[31,868,881,885,882],"product_tag":[],"yoast_head":"<!-- This site is optimized with the Yoast SEO plugin v16.2 - https:\/\/yoast.com\/wordpress\/plugins\/seo\/ -->\n<title>Keo d\u00e1n kim tuy\u1ebfn Carioca Glitter Glue Neon - 6 l\u1ecd - 42117 - Ann House<\/title>\n<meta name=\"robots\" content=\"index, follow, max-snippet:-1, max-image-preview:large, max-video-preview:-1\" \/>\n<link rel=\"canonical\" href=\"https:\/\/annhouse.com.vn\/san-pham\/keo-dan-kim-tuyen-carioca-glitter-glue-neon-6-lo-42117\" \/>\n<meta property=\"og:locale\" content=\"en_US\" \/>\n<meta property=\"og:type\" content=\"article\" \/>\n<meta property=\"og:title\" content=\"Keo d\u00e1n kim tuy\u1ebfn Carioca Glitter Glue Neon - 6 l\u1ecd - 42117 - Ann House\" \/>\n<meta property=\"og:description\" content=\"Keo d\u00e1n kim tuy\u1ebfn Glitter Glue l\u00e0 lo\u1ea1i keo c\u00f3 pha tr\u1ed9n c\u00e1c h\u1ea1t kim tuy\u1ebfn l\u1ea5p l\u00e1nh v\u1edbi nhi\u1ec1u m\u00e0u s\u1eafc kh\u00e1c nhau. \u0110\u00e2y l\u00e0 m\u1ed9t lo\u1ea1i v\u1eadt li\u1ec7u th\u1ee7 c\u00f4ng \u0111\u01b0\u1ee3c tr\u1ebb em v\u00e0 ng\u01b0\u1eddi l\u1edbn y\u00eau th\u00edch \u0111\u1ec3 trang tr\u00ed, v\u1ebd ho\u1eb7c l\u00e0m c\u00e1c s\u1ea3n ph\u1ea9m DIY (t\u1ef1 l\u00e0m). \u0110\u1eb7c \u0111i\u1ec3m c\u1ee7a \u0111\u1ed3 ch\u01a1i keo d\u00e1n kim tuy\u1ebfn:    M\u00e0u s\u1eafc b\u1eaft m\u1eaft: Keo c\u00f3 nhi\u1ec1u m\u00e0u s\u1eafc t\u01b0\u01a1i s\u00e1ng, k\u1ebft h\u1ee3p v\u1edbi \u00e1nh kim tuy\u1ebfn l\u1ea5p l\u00e1nh, t\u1ea1o s\u1ef1 thu h\u00fat.  D\u1ec5 s\u1eed d\u1ee5ng: Th\u01b0\u1eddng c\u00f3 d\u1ea1ng tu\u00fdp nh\u1ecf, d\u1ec5 d\u00e0ng b\u00f3p v\u00e0 \u0111i\u1ec1u khi\u1ec3n l\u01b0\u1ee3ng keo.  \u0110a n\u0103ng: C\u00f3 th\u1ec3 d\u00f9ng \u0111\u1ec3 d\u00e1n tr\u00ean gi\u1ea5y, v\u1ea3i, g\u1ed7, nh\u1ef1a v\u00e0 nhi\u1ec1u b\u1ec1 m\u1eb7t kh\u00e1c. Ngo\u00e0i ra, n\u00f3 c\u00f2n l\u00e0 m\u1ed9t th\u00e0nh ph\u1ea7n ph\u1ed5 bi\u1ebfn \u0111\u1ec3 l\u00e0m slime kim tuy\u1ebfn.  T\u00ednh s\u00e1ng t\u1ea1o: Khuy\u1ebfn kh\u00edch s\u1ef1 s\u00e1ng t\u1ea1o v\u00e0 ph\u00e1t tri\u1ec3n k\u1ef9 n\u0103ng th\u1ee7 c\u00f4ng \u1edf tr\u1ebb em.  CARIOCA\u00ae l\u00e0 m\u1ed9t th\u01b0\u01a1ng hi\u1ec7u V\u0103n ph\u00f2ng ph\u1ea9m v\u00e0 \u0110\u1ed3 ch\u01a1i s\u00e1ng t\u1ea1o \u0111\u01b0\u1ee3c y\u00eau th\u00edch tr\u00ean to\u00e0n c\u1ea7u ra \u0111\u1eddi n\u0103m 1965 t\u1ea1i \u00dd.  Th\u00f4ng tin s\u1ea3n ph\u1ea9m:   - Thi\u1ebft k\u1ebf n\u1eafp v\u1eb7n ti\u1ec7n l\u1ee3i - G\u1ed3m 6 l\u1ecd m\u00e0u s\u1eafc kh\u00e1c nhau - M\u1ef1c g\u1ed1c n\u01b0\u1edbc - \u0110\u1ea7u b\u00fat cao c\u1ea5p - Ph\u00f9 h\u1ee3p \u0111\u1ec3 t\u00f4 v\u1ebd trang tr\u00ed s\u00e1ng t\u1ea1o - Th\u01b0\u01a1ng hi\u1ec7u \u00dd, s\u1ea3n xu\u1ea5t t\u1ea1i Trung Qu\u1ed1c, \u0111\u1ea1t ti\u00eau chu\u1ea9n an to\u00e0n Ch\u00e2u \u00c2u   L\u01b0u \u00fd: Tr\u00e1nh ngu\u1ed3n nhi\u1ec7t, ho\u00e1 ch\u1ea5t. Kh\u00f4ng th\u00edch h\u1ee3p cho tr\u1ebb d\u01b0\u1edbi 3 tu\u1ed5i\" \/>\n<meta property=\"og:url\" content=\"https:\/\/annhouse.com.vn\/san-pham\/keo-dan-kim-tuyen-carioca-glitter-glue-neon-6-lo-42117\" \/>\n<meta property=\"og:site_name\" content=\"Ann House\" \/>\n<meta property=\"article:publisher\" content=\"https:\/\/www.facebook.com\/MicroScootersVN\" \/>\n<meta property=\"article:modified_time\" content=\"2025-05-07T09:40:35+00:00\" \/>\n<meta property=\"og:image\" content=\"https:\/\/annhouse.com.vn\/wp-content\/uploads\/2025\/02\/42117-02.jpg\" \/>\n\t<meta property=\"og:image:width\" content=\"1000\" \/>\n\t<meta property=\"og:image:height\" content=\"1000\" \/>\n<meta name=\"twitter:card\" content=\"summary_large_image\" \/>\n<meta name=\"twitter:label1\" content=\"Est. reading time\">\n\t<meta name=\"twitter:data1\" content=\"2 minutes\">\n<script type=\"application\/ld+json\" class=\"yoast-schema-graph\">{\"@context\":\"https:\/\/schema.org\",\"@graph\":[{\"@type\":\"Organization\",\"@id\":\"https:\/\/annhouse.com.vn\/#organization\",\"name\":\"Ann House - Micro Scooters Vietnam\",\"url\":\"https:\/\/annhouse.com.vn\/\",\"sameAs\":[\"https:\/\/www.facebook.com\/MicroScootersVN\",\"https:\/\/www.instagram.com\/annhouse.store\/\"],\"logo\":{\"@type\":\"ImageObject\",\"@id\":\"https:\/\/annhouse.com.vn\/#logo\",\"inLanguage\":\"en-US\",\"url\":\"https:\/\/annhouse.com.vn\/wp-content\/uploads\/2019\/12\/LOGO-ANN.png\",\"contentUrl\":\"https:\/\/annhouse.com.vn\/wp-content\/uploads\/2019\/12\/LOGO-ANN.png\",\"width\":1080,\"height\":642,\"caption\":\"Ann House - Micro Scooters Vietnam\"},\"image\":{\"@id\":\"https:\/\/annhouse.com.vn\/#logo\"}},{\"@type\":\"WebSite\",\"@id\":\"https:\/\/annhouse.com.vn\/#website\",\"url\":\"https:\/\/annhouse.com.vn\/\",\"name\":\"Ann House\",\"description\":\"Micro Scooters Vietnam\",\"publisher\":{\"@id\":\"https:\/\/annhouse.com.vn\/#organization\"},\"potentialAction\":[{\"@type\":\"SearchAction\",\"target\":\"https:\/\/annhouse.com.vn\/?s={search_term_string}\",\"query-input\":\"required name=search_term_string\"}],\"inLanguage\":\"en-US\"},{\"@type\":\"ImageObject\",\"@id\":\"https:\/\/annhouse.com.vn\/san-pham\/keo-dan-kim-tuyen-carioca-glitter-glue-neon-6-lo-42117#primaryimage\",\"inLanguage\":\"en-US\",\"url\":\"https:\/\/annhouse.com.vn\/wp-content\/uploads\/2025\/02\/42117-02.jpg\",\"contentUrl\":\"https:\/\/annhouse.com.vn\/wp-content\/uploads\/2025\/02\/42117-02.jpg\",\"width\":1000,\"height\":1000},{\"@type\":\"WebPage\",\"@id\":\"https:\/\/annhouse.com.vn\/san-pham\/keo-dan-kim-tuyen-carioca-glitter-glue-neon-6-lo-42117#webpage\",\"url\":\"https:\/\/annhouse.com.vn\/san-pham\/keo-dan-kim-tuyen-carioca-glitter-glue-neon-6-lo-42117\",\"name\":\"Keo d\\u00e1n kim tuy\\u1ebfn Carioca Glitter Glue Neon - 6 l\\u1ecd - 42117 - Ann House\",\"isPartOf\":{\"@id\":\"https:\/\/annhouse.com.vn\/#website\"},\"primaryImageOfPage\":{\"@id\":\"https:\/\/annhouse.com.vn\/san-pham\/keo-dan-kim-tuyen-carioca-glitter-glue-neon-6-lo-42117#primaryimage\"},\"datePublished\":\"2025-05-07T09:39:28+00:00\",\"dateModified\":\"2025-05-07T09:40:35+00:00\",\"breadcrumb\":{\"@id\":\"https:\/\/annhouse.com.vn\/san-pham\/keo-dan-kim-tuyen-carioca-glitter-glue-neon-6-lo-42117#breadcrumb\"},\"inLanguage\":\"en-US\",\"potentialAction\":[{\"@type\":\"ReadAction\",\"target\":[\"https:\/\/annhouse.com.vn\/san-pham\/keo-dan-kim-tuyen-carioca-glitter-glue-neon-6-lo-42117\"]}]},{\"@type\":\"BreadcrumbList\",\"@id\":\"https:\/\/annhouse.com.vn\/san-pham\/keo-dan-kim-tuyen-carioca-glitter-glue-neon-6-lo-42117#breadcrumb\",\"itemListElement\":[{\"@type\":\"ListItem\",\"position\":1,\"item\":{\"@type\":\"WebPage\",\"@id\":\"https:\/\/annhouse.com.vn\/en\",\"url\":\"https:\/\/annhouse.com.vn\/en\",\"name\":\"Trang ch\\u1ee7\"}},{\"@type\":\"ListItem\",\"position\":2,\"item\":{\"@type\":\"WebPage\",\"@id\":\"https:\/\/annhouse.com.vn\/en\/shop\",\"url\":\"https:\/\/annhouse.com.vn\/en\/shop\",\"name\":\"Shop\"}},{\"@type\":\"ListItem\",\"position\":3,\"item\":{\"@id\":\"https:\/\/annhouse.com.vn\/san-pham\/keo-dan-kim-tuyen-carioca-glitter-glue-neon-6-lo-42117#webpage\"}}]}]}<\/script>\n<!-- \/ Yoast SEO plugin. -->","_links":{"self":[{"href":"https:\/\/annhouse.com.vn\/en\/wp-json\/wp\/v2\/product\/43041"}],"collection":[{"href":"https:\/\/annhouse.com.vn\/en\/wp-json\/wp\/v2\/product"}],"about":[{"href":"https:\/\/annhouse.com.vn\/en\/wp-json\/wp\/v2\/types\/product"}],"replies":[{"embeddable":true,"href":"https:\/\/annhouse.com.vn\/en\/wp-json\/wp\/v2\/comments?post=43041"}],"wp:featuredmedia":[{"embeddable":true,"href":"https:\/\/annhouse.com.vn\/en\/wp-json\/wp\/v2\/media\/42689"}],"wp:attachment":[{"href":"https:\/\/annhouse.com.vn\/en\/wp-json\/wp\/v2\/media?parent=43041"}],"wp:term":[{"taxonomy":"product_cat","embeddable":true,"href":"https:\/\/annhouse.com.vn\/en\/wp-json\/wp\/v2\/product_cat?post=43041"},{"taxonomy":"product_tag","embeddable":true,"href":"https:\/\/annhouse.com.vn\/en\/wp-json\/wp\/v2\/product_tag?post=43041"}],"curies":[{"name":"wp","href":"https:\/\/api.w.org\/{rel}","templated":true}]}}