{"id":42552,"date":"2025-02-21T10:14:49","date_gmt":"2025-02-21T03:14:49","guid":{"rendered":"https:\/\/annhouse.com.vn\/?post_type=product&#038;p=42552"},"modified":"2025-09-18T14:15:26","modified_gmt":"2025-09-18T07:15:26","slug":"but-da-mau-carioca-65-45181","status":"publish","type":"product","link":"https:\/\/annhouse.com.vn\/en\/san-pham\/but-da-mau-carioca-65-45181","title":{"rendered":"B\u1ed9 m\u00e0u v\u1ebd Carioca &#8211; 65 m\u00f3n &#8211; 45181"},"content":{"rendered":"<p><span style=\"color: #000000;\"><strong>CARIOCA\u00ae l\u00e0 m\u1ed9t th\u01b0\u01a1ng hi\u1ec7u V\u0103n ph\u00f2ng ph\u1ea9m v\u00e0 \u0110\u1ed3 ch\u01a1i s\u00e1ng t\u1ea1o \u0111\u01b0\u1ee3c y\u00eau th\u00edch tr\u00ean to\u00e0n c\u1ea7u ra \u0111\u1eddi n\u0103m 1965 t\u1ea1i \u00dd.<\/strong><\/span><\/p>\n<p><span style=\"color: #000000;\"><strong>Th\u00f4ng tin s\u1ea3n ph\u1ea9m:<\/strong><br \/>\n&#8211; B\u1ed9 65 b\u00fat t\u00f4 m\u00e0u Carioca<\/span><br \/>\n<span style=\"color: #000000;\">&#8211; G\u1ed3m 30 b\u00fat d\u1ea1 Joy<\/span><br \/>\n<span style=\"color: #000000;\">&#8211; G\u1ed3m 30 b\u00fat ch\u00ec m\u00e0u <\/span><br \/>\n<span style=\"color: #000000;\">&#8211; 2 c\u1ee5c t\u1ea9y<\/span><br \/>\n<span style=\"color: #000000;\">&#8211; 2 b\u00fat ch\u00ec than <\/span><br \/>\n<span style=\"color: #000000;\">&#8211; 1 \u0111\u1ed3 g\u1ecdt b\u00fat ch\u00ec<br \/>\n&#8211; S\u1ea3n xu\u1ea5t t\u1ea1i \u00dd<\/span><\/p>\n<p><span style=\"color: #000000;\"><strong>L\u01b0u \u00fd: Tr\u00e1nh ngu\u1ed3n nhi\u1ec7t, ho\u00e1 ch\u1ea5t. Kh\u00f4ng th\u00edch h\u1ee3p cho tr\u1ebb d\u01b0\u1edbi 3 tu\u1ed5i<\/strong><\/span><\/p>\n","protected":false},"excerpt":{"rendered":"<p><span style=\"color: #000000;\"><strong>CARIOCA\u00ae l\u00e0 m\u1ed9t th\u01b0\u01a1ng hi\u1ec7u V\u0103n ph\u00f2ng ph\u1ea9m v\u00e0 \u0110\u1ed3 ch\u01a1i s\u00e1ng t\u1ea1o \u0111\u01b0\u1ee3c y\u00eau th\u00edch tr\u00ean to\u00e0n c\u1ea7u ra \u0111\u1eddi n\u0103m 1965 t\u1ea1i \u00dd.<\/strong><\/span><\/p>\n<p><span style=\"color: #000000;\"><strong>B\u1ed9 s\u1ea3n ph\u1ea9m 65 m\u00f3n bao g\u1ed3m:<\/strong><\/span><br \/>\n<span style=\"color: #000000;\">&#8211; 30 b\u00fat d\u1ea1 CARIOCA Joy<\/span><br \/>\n<span style=\"color: #000000;\">&#8211; 30 b\u00fat ch\u00ec m\u00e0u si\u00eau b\u1ec1n Tita<\/span><br \/>\n<span style=\"color: #000000;\">&#8211; 2 c\u1ee5c t\u1ea9y<\/span><br \/>\n<span style=\"color: #000000;\">&#8211; 2 b\u00fat ch\u00ec<\/span><br \/>\n<span style=\"color: #000000;\">&#8211; 1 g\u1ecdt b\u00fat ch\u00ec<\/span><\/p>\n<p><span style=\"color: #000000;\"><strong>\u0110\u1eb7c \u0111i\u1ec3m n\u1ed5i b\u1eadt:<\/strong><\/span><br \/>\n<span style=\"color: #000000;\">&#8211; S\u1ea3n xu\u1ea5t t\u1ea1i \u00dd, ch\u1ea5t l\u01b0\u1ee3ng ch\u00e2u \u00c2u, an to\u00e0n cho b\u00e9. <\/span><br \/>\n<span style=\"color: #000000;\">&#8211; B\u00fat d\u1ea1 Joy: M\u00e0u s\u1eafc t\u01b0\u01a1i s\u00e1ng, \u0111a d\u1ea1ng, d\u1ec5 t\u1ea9y r\u1eeda khi b\u00e1m b\u1ea9n; th\u00edch h\u1ee3p cho vi\u1ec7c v\u1ebd v\u00e0 t\u00f4 m\u00e0u \u1edf tr\u01b0\u1eddng h\u1ecdc c\u0169ng nh\u01b0 khi vui ch\u01a1i.<\/span><br \/>\n<span style=\"color: #000000;\">&#8211; B\u00fat ch\u00ec m\u00e0u Tita: M\u00e0u s\u1eafc r\u1ef1c r\u1ee1, \u0111\u1ed9 ph\u1ee7 cao, d\u1ec5 t\u1ea9y r\u1eeda khi b\u00e1m b\u1ea9n; ph\u00f9 h\u1ee3p cho c\u1ea3 tr\u1ebb em v\u00e0 ng\u01b0\u1eddi l\u1edbn.<\/span><br \/>\n<span style=\"color: #000000;\">&#8211; Ch\u1ea5t li\u1ec7u an to\u00e0n: B\u00fat d\u1ea1 Joy c\u00f3 n\u1eafp th\u00f4ng kh\u00ed v\u00e0 ng\u00f2i b\u00fat \u0111\u01b0\u1ee3c c\u1ed1 \u0111\u1ecbnh ch\u1eafc ch\u1eafn \u0111\u1ec3 \u0111\u1ea3m b\u1ea3o an to\u00e0n t\u1ed1i \u0111a.<\/span><br \/>\n<span style=\"color: #000000;\">&#8211; Ti\u1ec7n l\u1ee3i: B\u1ed9 s\u1ea3n ph\u1ea9m thi\u1ebft k\u1ebf nh\u1ecf g\u1ecdn, d\u1ec5 d\u00e0ng mang theo m\u1ecdi l\u00fac, m\u1ecdi n\u01a1i. Ho\u1ea1t \u0111\u1ed9ng t\u00f4 m\u00e0u vui nh\u1ed9n, s\u00e1ng t\u1ea1o d\u00e0nh cho m\u1ecdi l\u1ee9a tu\u1ed5i.<\/span><\/p>\n<p><span style=\"color: #000000;\"><strong>L\u01b0u \u00fd:<\/strong> Tr\u00e1nh ngu\u1ed3n nhi\u1ec7t, ho\u00e1 ch\u1ea5t. Kh\u00f4ng th\u00edch h\u1ee3p cho tr\u1ebb d\u01b0\u1edbi 3 tu\u1ed5i<\/span><\/p>\n","protected":false},"featured_media":42659,"comment_status":"open","ping_status":"closed","template":"","meta":{"kk_blocks_editor_width":"","_kiokenblocks_attr":"","_kiokenblocks_dimensions":""},"product_cat":[31,60,62,880,886,882],"product_tag":[],"yoast_head":"<!-- This site is optimized with the Yoast SEO plugin v16.2 - https:\/\/yoast.com\/wordpress\/plugins\/seo\/ -->\n<title>B\u1ed9 m\u00e0u v\u1ebd Carioca - 65 m\u00f3n - 45181 - Ann House<\/title>\n<meta name=\"robots\" content=\"index, follow, max-snippet:-1, max-image-preview:large, max-video-preview:-1\" \/>\n<link rel=\"canonical\" href=\"https:\/\/annhouse.com.vn\/san-pham\/but-da-mau-carioca-65-45181\" \/>\n<meta property=\"og:locale\" content=\"en_US\" \/>\n<meta property=\"og:type\" content=\"article\" \/>\n<meta property=\"og:title\" content=\"B\u1ed9 m\u00e0u v\u1ebd Carioca - 65 m\u00f3n - 45181 - Ann House\" \/>\n<meta property=\"og:description\" content=\"CARIOCA\u00ae l\u00e0 m\u1ed9t th\u01b0\u01a1ng hi\u1ec7u V\u0103n ph\u00f2ng ph\u1ea9m v\u00e0 \u0110\u1ed3 ch\u01a1i s\u00e1ng t\u1ea1o \u0111\u01b0\u1ee3c y\u00eau th\u00edch tr\u00ean to\u00e0n c\u1ea7u ra \u0111\u1eddi n\u0103m 1965 t\u1ea1i \u00dd.  B\u1ed9 s\u1ea3n ph\u1ea9m 65 m\u00f3n bao g\u1ed3m: - 30 b\u00fat d\u1ea1 CARIOCA Joy - 30 b\u00fat ch\u00ec m\u00e0u si\u00eau b\u1ec1n Tita - 2 c\u1ee5c t\u1ea9y - 2 b\u00fat ch\u00ec - 1 g\u1ecdt b\u00fat ch\u00ec  \u0110\u1eb7c \u0111i\u1ec3m n\u1ed5i b\u1eadt: - S\u1ea3n xu\u1ea5t t\u1ea1i \u00dd, ch\u1ea5t l\u01b0\u1ee3ng ch\u00e2u \u00c2u, an to\u00e0n cho b\u00e9.  - B\u00fat d\u1ea1 Joy: M\u00e0u s\u1eafc t\u01b0\u01a1i s\u00e1ng, \u0111a d\u1ea1ng, d\u1ec5 t\u1ea9y r\u1eeda khi b\u00e1m b\u1ea9n; th\u00edch h\u1ee3p cho vi\u1ec7c v\u1ebd v\u00e0 t\u00f4 m\u00e0u \u1edf tr\u01b0\u1eddng h\u1ecdc c\u0169ng nh\u01b0 khi vui ch\u01a1i. - B\u00fat ch\u00ec m\u00e0u Tita: M\u00e0u s\u1eafc r\u1ef1c r\u1ee1, \u0111\u1ed9 ph\u1ee7 cao, d\u1ec5 t\u1ea9y r\u1eeda khi b\u00e1m b\u1ea9n; ph\u00f9 h\u1ee3p cho c\u1ea3 tr\u1ebb em v\u00e0 ng\u01b0\u1eddi l\u1edbn. - Ch\u1ea5t li\u1ec7u an to\u00e0n: B\u00fat d\u1ea1 Joy c\u00f3 n\u1eafp th\u00f4ng kh\u00ed v\u00e0 ng\u00f2i b\u00fat \u0111\u01b0\u1ee3c c\u1ed1 \u0111\u1ecbnh ch\u1eafc ch\u1eafn \u0111\u1ec3 \u0111\u1ea3m b\u1ea3o an to\u00e0n t\u1ed1i \u0111a. - Ti\u1ec7n l\u1ee3i: B\u1ed9 s\u1ea3n ph\u1ea9m thi\u1ebft k\u1ebf nh\u1ecf g\u1ecdn, d\u1ec5 d\u00e0ng mang theo m\u1ecdi l\u00fac, m\u1ecdi n\u01a1i. Ho\u1ea1t \u0111\u1ed9ng t\u00f4 m\u00e0u vui nh\u1ed9n, s\u00e1ng t\u1ea1o d\u00e0nh cho m\u1ecdi l\u1ee9a tu\u1ed5i.  L\u01b0u \u00fd: Tr\u00e1nh ngu\u1ed3n nhi\u1ec7t, ho\u00e1 ch\u1ea5t. Kh\u00f4ng th\u00edch h\u1ee3p cho tr\u1ebb d\u01b0\u1edbi 3 tu\u1ed5i\" \/>\n<meta property=\"og:url\" content=\"https:\/\/annhouse.com.vn\/san-pham\/but-da-mau-carioca-65-45181\" \/>\n<meta property=\"og:site_name\" content=\"Ann House\" \/>\n<meta property=\"article:publisher\" content=\"https:\/\/www.facebook.com\/MicroScootersVN\" \/>\n<meta property=\"article:modified_time\" content=\"2025-09-18T07:15:26+00:00\" \/>\n<meta property=\"og:image\" content=\"https:\/\/annhouse.com.vn\/wp-content\/uploads\/2025\/02\/45181-01.jpg\" \/>\n\t<meta property=\"og:image:width\" content=\"1000\" \/>\n\t<meta property=\"og:image:height\" content=\"1000\" \/>\n<meta name=\"twitter:card\" content=\"summary_large_image\" \/>\n<meta name=\"twitter:label1\" content=\"Est. reading time\">\n\t<meta name=\"twitter:data1\" content=\"1 minute\">\n<script type=\"application\/ld+json\" class=\"yoast-schema-graph\">{\"@context\":\"https:\/\/schema.org\",\"@graph\":[{\"@type\":\"Organization\",\"@id\":\"https:\/\/annhouse.com.vn\/#organization\",\"name\":\"Ann House - Micro Scooters Vietnam\",\"url\":\"https:\/\/annhouse.com.vn\/\",\"sameAs\":[\"https:\/\/www.facebook.com\/MicroScootersVN\",\"https:\/\/www.instagram.com\/annhouse.store\/\"],\"logo\":{\"@type\":\"ImageObject\",\"@id\":\"https:\/\/annhouse.com.vn\/#logo\",\"inLanguage\":\"en-US\",\"url\":\"https:\/\/annhouse.com.vn\/wp-content\/uploads\/2019\/12\/LOGO-ANN.png\",\"contentUrl\":\"https:\/\/annhouse.com.vn\/wp-content\/uploads\/2019\/12\/LOGO-ANN.png\",\"width\":1080,\"height\":642,\"caption\":\"Ann House - Micro Scooters Vietnam\"},\"image\":{\"@id\":\"https:\/\/annhouse.com.vn\/#logo\"}},{\"@type\":\"WebSite\",\"@id\":\"https:\/\/annhouse.com.vn\/#website\",\"url\":\"https:\/\/annhouse.com.vn\/\",\"name\":\"Ann House\",\"description\":\"Micro Scooters Vietnam\",\"publisher\":{\"@id\":\"https:\/\/annhouse.com.vn\/#organization\"},\"potentialAction\":[{\"@type\":\"SearchAction\",\"target\":\"https:\/\/annhouse.com.vn\/?s={search_term_string}\",\"query-input\":\"required name=search_term_string\"}],\"inLanguage\":\"en-US\"},{\"@type\":\"ImageObject\",\"@id\":\"https:\/\/annhouse.com.vn\/san-pham\/but-da-mau-carioca-65-45181#primaryimage\",\"inLanguage\":\"en-US\",\"url\":\"https:\/\/annhouse.com.vn\/wp-content\/uploads\/2025\/02\/45181-01.jpg\",\"contentUrl\":\"https:\/\/annhouse.com.vn\/wp-content\/uploads\/2025\/02\/45181-01.jpg\",\"width\":1000,\"height\":1000},{\"@type\":\"WebPage\",\"@id\":\"https:\/\/annhouse.com.vn\/san-pham\/but-da-mau-carioca-65-45181#webpage\",\"url\":\"https:\/\/annhouse.com.vn\/san-pham\/but-da-mau-carioca-65-45181\",\"name\":\"B\\u1ed9 m\\u00e0u v\\u1ebd Carioca - 65 m\\u00f3n - 45181 - Ann House\",\"isPartOf\":{\"@id\":\"https:\/\/annhouse.com.vn\/#website\"},\"primaryImageOfPage\":{\"@id\":\"https:\/\/annhouse.com.vn\/san-pham\/but-da-mau-carioca-65-45181#primaryimage\"},\"datePublished\":\"2025-02-21T03:14:49+00:00\",\"dateModified\":\"2025-09-18T07:15:26+00:00\",\"breadcrumb\":{\"@id\":\"https:\/\/annhouse.com.vn\/san-pham\/but-da-mau-carioca-65-45181#breadcrumb\"},\"inLanguage\":\"en-US\",\"potentialAction\":[{\"@type\":\"ReadAction\",\"target\":[\"https:\/\/annhouse.com.vn\/san-pham\/but-da-mau-carioca-65-45181\"]}]},{\"@type\":\"BreadcrumbList\",\"@id\":\"https:\/\/annhouse.com.vn\/san-pham\/but-da-mau-carioca-65-45181#breadcrumb\",\"itemListElement\":[{\"@type\":\"ListItem\",\"position\":1,\"item\":{\"@type\":\"WebPage\",\"@id\":\"https:\/\/annhouse.com.vn\/en\",\"url\":\"https:\/\/annhouse.com.vn\/en\",\"name\":\"Trang ch\\u1ee7\"}},{\"@type\":\"ListItem\",\"position\":2,\"item\":{\"@type\":\"WebPage\",\"@id\":\"https:\/\/annhouse.com.vn\/en\/shop\",\"url\":\"https:\/\/annhouse.com.vn\/en\/shop\",\"name\":\"Shop\"}},{\"@type\":\"ListItem\",\"position\":3,\"item\":{\"@id\":\"https:\/\/annhouse.com.vn\/san-pham\/but-da-mau-carioca-65-45181#webpage\"}}]}]}<\/script>\n<!-- \/ Yoast SEO plugin. -->","_links":{"self":[{"href":"https:\/\/annhouse.com.vn\/en\/wp-json\/wp\/v2\/product\/42552"}],"collection":[{"href":"https:\/\/annhouse.com.vn\/en\/wp-json\/wp\/v2\/product"}],"about":[{"href":"https:\/\/annhouse.com.vn\/en\/wp-json\/wp\/v2\/types\/product"}],"replies":[{"embeddable":true,"href":"https:\/\/annhouse.com.vn\/en\/wp-json\/wp\/v2\/comments?post=42552"}],"wp:featuredmedia":[{"embeddable":true,"href":"https:\/\/annhouse.com.vn\/en\/wp-json\/wp\/v2\/media\/42659"}],"wp:attachment":[{"href":"https:\/\/annhouse.com.vn\/en\/wp-json\/wp\/v2\/media?parent=42552"}],"wp:term":[{"taxonomy":"product_cat","embeddable":true,"href":"https:\/\/annhouse.com.vn\/en\/wp-json\/wp\/v2\/product_cat?post=42552"},{"taxonomy":"product_tag","embeddable":true,"href":"https:\/\/annhouse.com.vn\/en\/wp-json\/wp\/v2\/product_tag?post=42552"}],"curies":[{"name":"wp","href":"https:\/\/api.w.org\/{rel}","templated":true}]}}