{"id":42341,"date":"2024-12-17T11:26:24","date_gmt":"2024-12-17T04:26:24","guid":{"rendered":"https:\/\/annhouse.com.vn\/?post_type=product&#038;p=42341"},"modified":"2025-10-28T16:57:01","modified_gmt":"2025-10-28T09:57:01","slug":"bup-be-em-be-paola-reina-leire-04108","status":"publish","type":"product","link":"https:\/\/annhouse.com.vn\/en\/san-pham\/bup-be-em-be-paola-reina-leire-04108","title":{"rendered":"B\u00fap b\u00ea em b\u00e9 &#8211; Paola Reina &#8211; Leire 04108"},"content":{"rendered":"<h3><img loading=\"lazy\" class=\"aligncenter wp-image-41549 size-full\" src=\"https:\/\/annhouse.com.vn\/wp-content\/uploads\/2024\/05\/Paola-Reina-2024-Banner.jpg\" alt=\"\" width=\"1293\" height=\"635\" srcset=\"https:\/\/annhouse.com.vn\/wp-content\/uploads\/2024\/05\/Paola-Reina-2024-Banner.jpg 1293w, https:\/\/annhouse.com.vn\/wp-content\/uploads\/2024\/05\/Paola-Reina-2024-Banner-300x147.jpg 300w, https:\/\/annhouse.com.vn\/wp-content\/uploads\/2024\/05\/Paola-Reina-2024-Banner-1024x503.jpg 1024w, https:\/\/annhouse.com.vn\/wp-content\/uploads\/2024\/05\/Paola-Reina-2024-Banner-1200x589.jpg 1200w, https:\/\/annhouse.com.vn\/wp-content\/uploads\/2024\/05\/Paola-Reina-2024-Banner-768x377.jpg 768w, https:\/\/annhouse.com.vn\/wp-content\/uploads\/2024\/05\/Paola-Reina-2024-Banner-1000x491.jpg 1000w\" sizes=\"(max-width: 1293px) 100vw, 1293px\" \/><\/h3>\n<h3 style=\"text-align: center;\"><span style=\"color: #d7344a;\"><strong>PAOLA REINA<\/strong><\/span><\/h3>\n<h4 style=\"text-align: center;\"><strong><span style=\"color: #000000;\">B\u00fap b\u00ea cao c\u1ea5p \u0111\u01b0\u1ee3c l\u00e0m b\u1eb1ng tay t\u1ea1i T\u00e2y Ban Nha<\/span><\/strong><\/h4>\n<p><span style=\"color: #000000;\">Paola Reina \u0111\u00e3 ho\u1ea1t \u0111\u1ed9ng qua h\u00e0ng th\u1eadp k\u1ef7 \u0111\u1ec3 mang \u0111\u1ebfn nh\u1eefng s\u1ea3n ph\u1ea9m ch\u1ea5t l\u01b0\u1ee3ng cho to\u00e0n tr\u1ebb em tr\u00ean th\u1ebf gi\u1edbi. \u0110i\u1ec1u n\u00e0y l\u00e0 \u0111\u1ed9ng l\u1ef1c \u0111\u1ec3 Paola Reina kh\u00f4ng ng\u1eebng s\u00e1ng t\u1ea1o, ph\u00e1t minh v\u00e0 c\u1ea3i ti\u1ebfn s\u1ea3n ph\u1ea9m c\u1ee7a m\u00ecnh m\u1ed7i ng\u00e0y.\u00a0Paola Reina t\u1ef1 h\u00e0o l\u00e0 th\u01b0\u01a1ng hi\u1ec7u cung c\u1ea5p b\u00fap b\u00ea \u0111a d\u1ea1ng v\u1edbi nhi\u1ec1u m\u1eabu m\u00e3 kh\u00e1c nhau, l\u00e0 s\u1ef1 k\u1ebft h\u1ee3p gi\u1eefa c\u00f4ng ngh\u1ec7 hi\u1ec7n \u0111\u1ea1i v\u00e0 th\u1ee7 c\u00f4ng. T\u1ea5t c\u1ea3 c\u00e1c s\u1ea3n ph\u1ea9m c\u1ee7a Paola Reina \u0111\u1ec1u \u0111\u01b0\u1ee3c l\u00e0m b\u1eb1ng tay (Handcrafted Doll), v\u00ec th\u1ebf mang \u0111\u1ebfn s\u1ef1 t\u1ec9 m\u1ec9 ho\u00e0n h\u1ea3o nh\u1ea5t.\u00a0Paola Reina hi\u1ec7n \u0111ang \u0111\u01b0\u1ee3c ph\u00e2n ph\u1ed1i tr\u00ean g\u1ea7n 40 qu\u1ed1c gia tr\u00ean to\u00e0n c\u1ea7u, ng\u00e0y c\u00e0ng kh\u1eb3ng \u0111\u1ecbnh \u0111\u01b0\u1ee3c ch\u1ea5t l\u01b0\u1ee3ng c\u1ee7a m\u00ecnh.<\/span><\/p>\n<p style=\"text-align: center;\"><div id=\"metaslider-id-34806\" style=\"width: 100%; margin: 0 auto;\" class=\"ml-slider-3-106-0 metaslider metaslider-flex metaslider-34806 ml-slider has-dots-nav has-carousel-mode ml-slider-lightbox-2-22-0 simple-lightbox-2-9-5 ms-theme-default\" role=\"region\" aria-label=\"Paola Reina Production\" data-height=\"250\" data-width=\"450\">\n    <div id=\"metaslider_container_34806\">\n        <div id=\"metaslider_34806\">\n            <ul class='slides'>\n                <li style=\"display: none; width: 100%;\" class=\"slide-34828 ms-image \" aria-roledescription=\"slide\" data-date=\"2021-06-15 14:32:29\" data-filename=\"quy-trinh-paola-1.jpg\" data-slide-type=\"image\"><img src=\"https:\/\/annhouse.com.vn\/wp-content\/uploads\/2021\/06\/quy-trinh-paola-1.jpg\" height=\"250\" width=\"450\" alt=\"\" class=\"slider-34806 slide-34828 msDefaultImage ml-lightbox-enabled\" title=\"quy-trinh-paola-1\" \/><\/li>\n                <li style=\"display: none; width: 100%;\" class=\"slide-34829 ms-image \" aria-roledescription=\"slide\" data-date=\"2021-06-15 14:32:29\" data-filename=\"quy-trinh-paola-2.jpg\" data-slide-type=\"image\"><img src=\"https:\/\/annhouse.com.vn\/wp-content\/uploads\/2021\/06\/quy-trinh-paola-2.jpg\" height=\"250\" width=\"450\" alt=\"\" class=\"slider-34806 slide-34829 msDefaultImage ml-lightbox-enabled\" title=\"quy-trinh-paola-2\" \/><\/li>\n                <li style=\"display: none; width: 100%;\" class=\"slide-34835 ms-image \" aria-roledescription=\"slide\" data-date=\"2021-06-15 14:32:29\" data-filename=\"quy-trinh-paola-e.jpg\" data-slide-type=\"image\"><img src=\"https:\/\/annhouse.com.vn\/wp-content\/uploads\/2021\/06\/quy-trinh-paola-e.jpg\" height=\"250\" width=\"450\" alt=\"\" class=\"slider-34806 slide-34835 msDefaultImage ml-lightbox-enabled\" title=\"quy-trinh-paola-e\" \/><\/li>\n                <li style=\"display: none; width: 100%;\" class=\"slide-34830 ms-image \" aria-roledescription=\"slide\" data-date=\"2021-06-15 14:32:29\" data-filename=\"quy-trinh-paola-4.jpg\" data-slide-type=\"image\"><img src=\"https:\/\/annhouse.com.vn\/wp-content\/uploads\/2021\/06\/quy-trinh-paola-4.jpg\" height=\"250\" width=\"450\" alt=\"\" class=\"slider-34806 slide-34830 msDefaultImage ml-lightbox-enabled\" title=\"quy-trinh-paola-4\" \/><\/li>\n                <li style=\"display: none; width: 100%;\" class=\"slide-34831 ms-image \" aria-roledescription=\"slide\" data-date=\"2021-06-15 14:32:29\" data-filename=\"quy-trinh-paola-5.jpg\" data-slide-type=\"image\"><img src=\"https:\/\/annhouse.com.vn\/wp-content\/uploads\/2021\/06\/quy-trinh-paola-5.jpg\" height=\"250\" width=\"450\" alt=\"\" class=\"slider-34806 slide-34831 msDefaultImage ml-lightbox-enabled\" title=\"quy-trinh-paola-5\" \/><\/li>\n                <li style=\"display: none; width: 100%;\" class=\"slide-34832 ms-image \" aria-roledescription=\"slide\" data-date=\"2021-06-15 14:32:29\" data-filename=\"quy-trinh-paola-6.jpg\" data-slide-type=\"image\"><img src=\"https:\/\/annhouse.com.vn\/wp-content\/uploads\/2021\/06\/quy-trinh-paola-6.jpg\" height=\"250\" width=\"450\" alt=\"\" class=\"slider-34806 slide-34832 msDefaultImage ml-lightbox-enabled\" title=\"quy-trinh-paola-6\" \/><\/li>\n                <li style=\"display: none; width: 100%;\" class=\"slide-34833 ms-image \" aria-roledescription=\"slide\" data-date=\"2021-06-15 14:32:29\" data-filename=\"quy-trinh-paola-7.jpg\" data-slide-type=\"image\"><img src=\"https:\/\/annhouse.com.vn\/wp-content\/uploads\/2021\/06\/quy-trinh-paola-7.jpg\" height=\"250\" width=\"450\" alt=\"\" class=\"slider-34806 slide-34833 msDefaultImage ml-lightbox-enabled\" title=\"quy-trinh-paola-7\" \/><\/li>\n                <li style=\"display: none; width: 100%;\" class=\"slide-34834 ms-image \" aria-roledescription=\"slide\" data-date=\"2021-06-15 14:32:29\" data-filename=\"quy-trinh-paola-8.jpg\" data-slide-type=\"image\"><img src=\"https:\/\/annhouse.com.vn\/wp-content\/uploads\/2021\/06\/quy-trinh-paola-8.jpg\" height=\"250\" width=\"450\" alt=\"\" class=\"slider-34806 slide-34834 msDefaultImage ml-lightbox-enabled\" title=\"quy-trinh-paola-8\" \/><\/li>\n            <\/ul>\n        <\/div>\n        \n    <\/div>\n<\/div>\n<p style=\"text-align: center;\"><span style=\"color: #ffffff;\">__<\/span><\/p>\n<h4><span style=\"color: #d7344a;\"><strong>Quy tr\u00ecnh s\u1ea3n xu\u1ea5t<\/strong><\/span><\/h4>\n<p><span style=\"color: #000000;\">Paola Reina ch\u00fa tr\u1ecdng \u0111\u1ebfn m\u1ecdi quy tr\u00ecnh s\u1ea3n xu\u1ea5t \u0111\u1ec3 t\u1ea1o ra nh\u1eefng s\u1ea3n ph\u1ea9m b\u00fap b\u00ea v\u1edbi ch\u1ea5t l\u01b0\u1ee3ng v\u00e0 thi\u1ebft k\u1ebf tuy\u1ec7t v\u1eddi. Theo sau m\u1ed7i s\u1ea3n ph\u1ea9m l\u00e0 m\u1ed9t \u0111\u1ed9i ng\u0169 chuy\u00ean gia \u0111\u1ea7y nhi\u1ec7t huy\u1ebft v\u00e0 ni\u1ec1m \u0111am m\u00ea, g\u00f3p ph\u1ea7n v\u00e0o s\u1ef1 ph\u00e1t tri\u1ec3n b\u1ec1n v\u1eefng c\u1ee7a Paola Reina.<br \/>\nC\u00f4ng ngh\u1ec7, ch\u1ea5t l\u01b0\u1ee3ng v\u00e0 thi\u1ebft k\u1ebf \u0111\u00f3ng m\u1ed9t vai tr\u00f2 c\u1ef1c k\u00ec quan tr\u1ecdng trong quy tr\u00ecnh s\u1ea3n xu\u1ea5t. M\u1ed7i s\u1ea3n ph\u1ea9m l\u00e0 s\u1ef1 k\u1ebft h\u1ee3p gi\u1eefa c\u00f4ng ngh\u1ec7 hi\u1ec7n \u0111\u1ea1i v\u00e0 quy tr\u00ecnh th\u1ee7 c\u00f4ng c\u1ee7a nh\u1eefng ngh\u1ec7 nh\u00e2n l\u00e0nh ngh\u1ec1.<\/span><\/p>\n<p><img loading=\"lazy\" class=\"aligncenter wp-image-41547 size-full\" src=\"https:\/\/annhouse.com.vn\/wp-content\/uploads\/2024\/05\/Paola-Reina-2024-Banner-02.jpg\" alt=\"\" width=\"1293\" height=\"635\" srcset=\"https:\/\/annhouse.com.vn\/wp-content\/uploads\/2024\/05\/Paola-Reina-2024-Banner-02.jpg 1293w, https:\/\/annhouse.com.vn\/wp-content\/uploads\/2024\/05\/Paola-Reina-2024-Banner-02-300x147.jpg 300w, https:\/\/annhouse.com.vn\/wp-content\/uploads\/2024\/05\/Paola-Reina-2024-Banner-02-1024x503.jpg 1024w, https:\/\/annhouse.com.vn\/wp-content\/uploads\/2024\/05\/Paola-Reina-2024-Banner-02-1200x589.jpg 1200w, https:\/\/annhouse.com.vn\/wp-content\/uploads\/2024\/05\/Paola-Reina-2024-Banner-02-768x377.jpg 768w, https:\/\/annhouse.com.vn\/wp-content\/uploads\/2024\/05\/Paola-Reina-2024-Banner-02-1000x491.jpg 1000w\" sizes=\"(max-width: 1293px) 100vw, 1293px\" \/><\/p>\n<h4><span style=\"color: #d7344a;\"><strong>L\u00e0m b\u1eb1ng tay t\u1ea1i T\u00e2y Ban Nha<\/strong><\/span><\/h4>\n<p><span style=\"color: #000000;\">Paola Reina cam k\u1ebft v\u1ec1 ch\u1ea5t l\u01b0\u1ee3ng c\u1ee7a s\u1ea3n ph\u1ea9m, \u0111\u00f3 l\u00e0 l\u00fd do ch\u00fang t\u00f4i tr\u1ef1c ti\u1ebfp ch\u1ecbu tr\u00e1ch nhi\u1ec7m cho m\u1ecdi quy tr\u00ecnh s\u00e1ng t\u1ea1o trong s\u1ea3n xu\u1ea5t. T\u1ea5t c\u1ea3 m\u1ecdi s\u1ea3n ph\u1ea9m b\u00fap b\u00ea c\u1ee7a Paola Reina, bao g\u1ed3m c\u1ea3 qu\u1ea7n \u00e1o v\u00e0 ph\u1ee5 ki\u1ec7n \u0111\u1ec1u \u0111\u01b0\u1ee3c s\u1ea3n xu\u1ea5t 100% t\u1ea1i T\u00e2y Ban Nha (Nh\u00e0 m\u00e1y \u1edf Onil, T\u00e2y Nha, c\u00e1i n\u00f4i cho b\u00fap b\u00ea t\u1eeb nh\u1eefng t\u1eadp ni\u00ean 1870). Ch\u1ee9ng nh\u1eadn \u201cMade in Spain\u201d tr\u00ean s\u1ea3n ph\u1ea9m \u0111\u1ea3m b\u1ea3o tu\u00e2n th\u1ee7 c\u00e1c bi\u1ec7n ph\u00e1p ch\u1eb7t ch\u1ebd nh\u1ea5t v\u1ec1 c\u00e1c quy \u0111\u1ecbnh ch\u1ea5t l\u01b0\u1ee3ng c\u1ee7a ch\u00e2u \u00c2u.<\/span><\/p>\n<p><img loading=\"lazy\" class=\"aligncenter wp-image-41551 size-full\" src=\"https:\/\/annhouse.com.vn\/wp-content\/uploads\/2024\/05\/paola-reina-banner-03.jpg\" alt=\"\" width=\"1293\" height=\"856\" srcset=\"https:\/\/annhouse.com.vn\/wp-content\/uploads\/2024\/05\/paola-reina-banner-03.jpg 1293w, https:\/\/annhouse.com.vn\/wp-content\/uploads\/2024\/05\/paola-reina-banner-03-300x199.jpg 300w, https:\/\/annhouse.com.vn\/wp-content\/uploads\/2024\/05\/paola-reina-banner-03-1024x678.jpg 1024w, https:\/\/annhouse.com.vn\/wp-content\/uploads\/2024\/05\/paola-reina-banner-03-949x628.jpg 949w, https:\/\/annhouse.com.vn\/wp-content\/uploads\/2024\/05\/paola-reina-banner-03-768x508.jpg 768w, https:\/\/annhouse.com.vn\/wp-content\/uploads\/2024\/05\/paola-reina-banner-03-1000x662.jpg 1000w\" sizes=\"(max-width: 1293px) 100vw, 1293px\" \/><\/p>\n<h4><span style=\"color: #d7344a;\"><strong>S\u1ef1 kh\u00e1c bi\u1ec7t c\u1ee7a Paola Reina\u00a0<\/strong><\/span><\/h4>\n<p><span style=\"color: #000000;\">1\/ C\u00f4ng ngh\u1ec7, Ch\u1ea5t l\u01b0\u1ee3ng s\u1ea3n ph\u1ea9m v\u00e0 Thi\u1ebft k\u1ebf l\u00e0 nh\u1eefng y\u1ebfu t\u1ed1 quan tr\u1ecdng nh\u1ea5t trong qu\u00e1 tr\u00ecnh s\u1ea3n xu\u1ea5t.<br \/>\n2\/ Paola Reina l\u00e0 s\u1ef1 k\u1ebft h\u1ee3p gi\u1eefa c\u00f4ng ngh\u1ec7 hi\u1ec7n \u0111\u1ea1i v\u00e0 th\u1ee7 c\u00f4ng. C\u00e1c s\u1ea3n ph\u1ea9m c\u1ee7a Paola Reina \u0111\u01b0\u1ee3c ch\u00ednh tay c\u00e1c ngh\u1ec7 nh\u00e2n l\u00e0nh ngh\u1ec1 may qu\u1ea7n \u00e1o; \u0111\u00fac khu\u00f4n; trang \u0111i\u1ec3m; t\u1ea1o ki\u1ec3u t\u00f3c v\u00e0 l\u1eafp r\u00e1p.<br \/>\n3\/ Nguy\u00ean li\u1ec7u an to\u00e0n v\u00e0 th\u00e2n thi\u1ec7n v\u1edbi tr\u1ebb em, s\u1ea3n xu\u1ea5t 100% t\u1ea1i T\u00e2y Ban Nha, \u0111\u1ea1t ti\u00eau chu\u1ea9n Ch\u00e2u \u00c2u.<br \/>\n4\/ B\u00fap b\u00ea c\u00f3 h\u01b0\u01a1ng th\u01a1m d\u1ecbu nh\u1eb9 c\u1ee7a Vanilla, mang \u0111\u1ebfn s\u1ef1 tho\u1ea3i m\u00e1i cho tr\u1ebb. \u0110\u1eb7c bi\u1ec7t, d\u00f2ng b\u00fap b\u00ea Santoro Gorjuss c\u00f3 h\u01b0\u01a1ng th\u01a1m c\u1ee7a hoa h\u1ed3ng v\u00e0 kim ng\u00e2n.<\/span><\/p>\n<p><img loading=\"lazy\" class=\"aligncenter wp-image-41553 size-full\" src=\"https:\/\/annhouse.com.vn\/wp-content\/uploads\/2024\/05\/Paola-Reina-banner-04.jpg\" alt=\"\" width=\"1293\" height=\"856\" srcset=\"https:\/\/annhouse.com.vn\/wp-content\/uploads\/2024\/05\/Paola-Reina-banner-04.jpg 1293w, https:\/\/annhouse.com.vn\/wp-content\/uploads\/2024\/05\/Paola-Reina-banner-04-300x199.jpg 300w, https:\/\/annhouse.com.vn\/wp-content\/uploads\/2024\/05\/Paola-Reina-banner-04-1024x678.jpg 1024w, https:\/\/annhouse.com.vn\/wp-content\/uploads\/2024\/05\/Paola-Reina-banner-04-949x628.jpg 949w, https:\/\/annhouse.com.vn\/wp-content\/uploads\/2024\/05\/Paola-Reina-banner-04-768x508.jpg 768w, https:\/\/annhouse.com.vn\/wp-content\/uploads\/2024\/05\/Paola-Reina-banner-04-1000x662.jpg 1000w\" sizes=\"(max-width: 1293px) 100vw, 1293px\" \/><\/p>\n<p style=\"text-align: center;\"><strong><span style=\"color: #e5a493;\"><span style=\"color: #d7344a;\">Ann House t\u1ef1 h\u00e0o l\u00e0 nh\u00e0 ph\u00e2n ph\u1ed1i \u0111\u1ed9c quy\u1ec1n th\u01b0\u01a1ng hi\u1ec7u Paola Reina t\u1ea1i Vi\u1ec7t Nam<\/span>.<\/span><\/strong><\/p>\n<p>&nbsp;<\/p>\n<p style=\"text-align: center;\"><span style=\"color: #ffffff;\">__<\/span><\/p>\n","protected":false},"excerpt":{"rendered":"<p><span style=\"color: #000000;\"><strong>\u0110\u1eb7c \u0111i\u1ec3m:<\/strong> Th\u00e2n c\u1ee9ng, m\u1eaft lu\u00f4n m\u1edf<\/span><br \/>\n<span style=\"color: #000000;\"><strong>Kh\u1edbp:<\/strong> \u0110\u1ea7u, tay, ch\u00e2n<\/span><br \/>\n<span style=\"color: #000000;\"><strong>Chi\u1ec1u cao:<\/strong> 34cm<\/span><br \/>\n<span style=\"color: #000000;\"><strong>S\u1ea3n xu\u1ea5t t\u1ea1i:<\/strong> T\u00e2y Ban Nha<br \/>\n<\/span><span style=\"color: #000000;\"><strong>S\u1ea3n ph\u1ea9m g\u1ed3m h\u1ed9p \u0111\u1ef1ng<\/strong><br \/>\n<\/span><br \/>\n<span style=\"color: #d7344a;\"><strong>V\u00ec sao b\u1ea1n n\u00ean mua Paola Reina t\u1ea1i Ann House?<\/strong><\/span><br \/>\n<span style=\"color: #000000;\">&#8211; Ann House l\u00e0 Nh\u00e0 ph\u00e2n ph\u1ed1i \u0111\u1ed9c quy\u1ec1n th\u01b0\u01a1ng hi\u1ec7u Paola Reina t\u1ea1i Vi\u1ec7t Nam, ch\u00fang t\u00f4i \u0111\u1ea1i di\u1ec7n cho H\u00e3ng \u0111\u1ec3 mang \u0111\u1ebfn b\u1ea1n nh\u1eefng em b\u00fap b\u00ea m\u1edbi nh\u1ea5t c\u00f9ng v\u1edbi ch\u1ea5t l\u01b0\u1ee3ng an to\u00e0n v\u00e0 \u0111\u1ea3m b\u1ea3o.<\/span><br \/>\n<span style=\"color: #000000;\">&#8211; T\u1ea5t c\u1ea3 c\u00e1c s\u1ea3n ph\u1ea9m \u0111\u1ec1u \u0111\u01b0\u1ee3c ki\u1ec3m tra ch\u1ea5t l\u01b0\u1ee3ng khi nh\u1eadp kh\u1ea9u v\u1ec1 Vi\u1ec7t Nam v\u00e0 \u0111\u1ea1t chu\u1ea9n an to\u00e0n.<\/span><br \/>\n<span style=\"color: #000000;\">&#8211; C\u00e1c s\u1ea3n ph\u1ea9m b\u00fap b\u00ea \u0111\u01b0\u1ee3c l\u00e0m b\u1eb1ng tay n\u00ean r\u1ea5t t\u1ec9 m\u1ec9 v\u00e0 ch\u1ec9n chu.<\/span><br \/>\n<span style=\"color: #000000;\">&#8211; Paola Reina l\u00e0 th\u01b0\u01a1ng hi\u1ec7u b\u00fap b\u00ea c\u00f3 h\u01b0\u01a1ng th\u01a1m \u0111\u1eb7c bi\u1ec7t, s\u1ebd mang \u0111\u1ebfn cho b\u1ea1n m\u1ed9t tr\u1ea3i nghi\u1ec7m ho\u00e0n to\u00e0n m\u1edbi l\u1ea1.<\/span><\/p>\n","protected":false},"featured_media":42344,"comment_status":"open","ping_status":"closed","template":"","meta":{"kk_blocks_editor_width":"","_kiokenblocks_attr":"","_kiokenblocks_dimensions":""},"product_cat":[21,509,58],"product_tag":[],"yoast_head":"<!-- This site is optimized with the Yoast SEO plugin v16.2 - https:\/\/yoast.com\/wordpress\/plugins\/seo\/ -->\n<title>B\u00fap b\u00ea em b\u00e9 - Paola Reina - Leire 04108 - Ann House<\/title>\n<meta name=\"robots\" content=\"index, follow, max-snippet:-1, max-image-preview:large, max-video-preview:-1\" \/>\n<link rel=\"canonical\" href=\"https:\/\/annhouse.com.vn\/san-pham\/bup-be-em-be-paola-reina-leire-04108\" \/>\n<meta property=\"og:locale\" content=\"en_US\" \/>\n<meta property=\"og:type\" content=\"article\" \/>\n<meta property=\"og:title\" content=\"B\u00fap b\u00ea em b\u00e9 - Paola Reina - Leire 04108 - Ann House\" \/>\n<meta property=\"og:description\" content=\"\u0110\u1eb7c \u0111i\u1ec3m: Th\u00e2n c\u1ee9ng, m\u1eaft lu\u00f4n m\u1edf Kh\u1edbp: \u0110\u1ea7u, tay, ch\u00e2n Chi\u1ec1u cao: 34cm S\u1ea3n xu\u1ea5t t\u1ea1i: T\u00e2y Ban Nha S\u1ea3n ph\u1ea9m g\u1ed3m h\u1ed9p \u0111\u1ef1ng  V\u00ec sao b\u1ea1n n\u00ean mua Paola Reina t\u1ea1i Ann House? - Ann House l\u00e0 Nh\u00e0 ph\u00e2n ph\u1ed1i \u0111\u1ed9c quy\u1ec1n th\u01b0\u01a1ng hi\u1ec7u Paola Reina t\u1ea1i Vi\u1ec7t Nam, ch\u00fang t\u00f4i \u0111\u1ea1i di\u1ec7n cho H\u00e3ng \u0111\u1ec3 mang \u0111\u1ebfn b\u1ea1n nh\u1eefng em b\u00fap b\u00ea m\u1edbi nh\u1ea5t c\u00f9ng v\u1edbi ch\u1ea5t l\u01b0\u1ee3ng an to\u00e0n v\u00e0 \u0111\u1ea3m b\u1ea3o. - T\u1ea5t c\u1ea3 c\u00e1c s\u1ea3n ph\u1ea9m \u0111\u1ec1u \u0111\u01b0\u1ee3c ki\u1ec3m tra ch\u1ea5t l\u01b0\u1ee3ng khi nh\u1eadp kh\u1ea9u v\u1ec1 Vi\u1ec7t Nam v\u00e0 \u0111\u1ea1t chu\u1ea9n an to\u00e0n. - C\u00e1c s\u1ea3n ph\u1ea9m b\u00fap b\u00ea \u0111\u01b0\u1ee3c l\u00e0m b\u1eb1ng tay n\u00ean r\u1ea5t t\u1ec9 m\u1ec9 v\u00e0 ch\u1ec9n chu. - Paola Reina l\u00e0 th\u01b0\u01a1ng hi\u1ec7u b\u00fap b\u00ea c\u00f3 h\u01b0\u01a1ng th\u01a1m \u0111\u1eb7c bi\u1ec7t, s\u1ebd mang \u0111\u1ebfn cho b\u1ea1n m\u1ed9t tr\u1ea3i nghi\u1ec7m ho\u00e0n to\u00e0n m\u1edbi l\u1ea1.\" \/>\n<meta property=\"og:url\" content=\"https:\/\/annhouse.com.vn\/san-pham\/bup-be-em-be-paola-reina-leire-04108\" \/>\n<meta property=\"og:site_name\" content=\"Ann House\" \/>\n<meta property=\"article:publisher\" content=\"https:\/\/www.facebook.com\/MicroScootersVN\" \/>\n<meta property=\"article:modified_time\" content=\"2025-10-28T09:57:01+00:00\" \/>\n<meta property=\"og:image\" content=\"https:\/\/annhouse.com.vn\/wp-content\/uploads\/2024\/12\/04108.jpg\" \/>\n\t<meta property=\"og:image:width\" content=\"800\" \/>\n\t<meta property=\"og:image:height\" content=\"1000\" \/>\n<meta name=\"twitter:card\" content=\"summary_large_image\" \/>\n<meta name=\"twitter:label1\" content=\"Est. reading time\">\n\t<meta name=\"twitter:data1\" content=\"3 minutes\">\n<script type=\"application\/ld+json\" class=\"yoast-schema-graph\">{\"@context\":\"https:\/\/schema.org\",\"@graph\":[{\"@type\":\"Organization\",\"@id\":\"https:\/\/annhouse.com.vn\/#organization\",\"name\":\"Ann House - Micro Scooters Vietnam\",\"url\":\"https:\/\/annhouse.com.vn\/\",\"sameAs\":[\"https:\/\/www.facebook.com\/MicroScootersVN\",\"https:\/\/www.instagram.com\/annhouse.store\/\"],\"logo\":{\"@type\":\"ImageObject\",\"@id\":\"https:\/\/annhouse.com.vn\/#logo\",\"inLanguage\":\"en-US\",\"url\":\"https:\/\/annhouse.com.vn\/wp-content\/uploads\/2019\/12\/LOGO-ANN.png\",\"contentUrl\":\"https:\/\/annhouse.com.vn\/wp-content\/uploads\/2019\/12\/LOGO-ANN.png\",\"width\":1080,\"height\":642,\"caption\":\"Ann House - Micro Scooters Vietnam\"},\"image\":{\"@id\":\"https:\/\/annhouse.com.vn\/#logo\"}},{\"@type\":\"WebSite\",\"@id\":\"https:\/\/annhouse.com.vn\/#website\",\"url\":\"https:\/\/annhouse.com.vn\/\",\"name\":\"Ann House\",\"description\":\"Micro Scooters Vietnam\",\"publisher\":{\"@id\":\"https:\/\/annhouse.com.vn\/#organization\"},\"potentialAction\":[{\"@type\":\"SearchAction\",\"target\":\"https:\/\/annhouse.com.vn\/?s={search_term_string}\",\"query-input\":\"required name=search_term_string\"}],\"inLanguage\":\"en-US\"},{\"@type\":\"ImageObject\",\"@id\":\"https:\/\/annhouse.com.vn\/san-pham\/bup-be-em-be-paola-reina-leire-04108#primaryimage\",\"inLanguage\":\"en-US\",\"url\":\"https:\/\/annhouse.com.vn\/wp-content\/uploads\/2024\/12\/04108.jpg\",\"contentUrl\":\"https:\/\/annhouse.com.vn\/wp-content\/uploads\/2024\/12\/04108.jpg\",\"width\":800,\"height\":1000},{\"@type\":\"WebPage\",\"@id\":\"https:\/\/annhouse.com.vn\/san-pham\/bup-be-em-be-paola-reina-leire-04108#webpage\",\"url\":\"https:\/\/annhouse.com.vn\/san-pham\/bup-be-em-be-paola-reina-leire-04108\",\"name\":\"B\\u00fap b\\u00ea em b\\u00e9 - Paola Reina - Leire 04108 - Ann House\",\"isPartOf\":{\"@id\":\"https:\/\/annhouse.com.vn\/#website\"},\"primaryImageOfPage\":{\"@id\":\"https:\/\/annhouse.com.vn\/san-pham\/bup-be-em-be-paola-reina-leire-04108#primaryimage\"},\"datePublished\":\"2024-12-17T04:26:24+00:00\",\"dateModified\":\"2025-10-28T09:57:01+00:00\",\"breadcrumb\":{\"@id\":\"https:\/\/annhouse.com.vn\/san-pham\/bup-be-em-be-paola-reina-leire-04108#breadcrumb\"},\"inLanguage\":\"en-US\",\"potentialAction\":[{\"@type\":\"ReadAction\",\"target\":[\"https:\/\/annhouse.com.vn\/san-pham\/bup-be-em-be-paola-reina-leire-04108\"]}]},{\"@type\":\"BreadcrumbList\",\"@id\":\"https:\/\/annhouse.com.vn\/san-pham\/bup-be-em-be-paola-reina-leire-04108#breadcrumb\",\"itemListElement\":[{\"@type\":\"ListItem\",\"position\":1,\"item\":{\"@type\":\"WebPage\",\"@id\":\"https:\/\/annhouse.com.vn\/en\",\"url\":\"https:\/\/annhouse.com.vn\/en\",\"name\":\"Trang ch\\u1ee7\"}},{\"@type\":\"ListItem\",\"position\":2,\"item\":{\"@type\":\"WebPage\",\"@id\":\"https:\/\/annhouse.com.vn\/en\/shop\",\"url\":\"https:\/\/annhouse.com.vn\/en\/shop\",\"name\":\"Shop\"}},{\"@type\":\"ListItem\",\"position\":3,\"item\":{\"@id\":\"https:\/\/annhouse.com.vn\/san-pham\/bup-be-em-be-paola-reina-leire-04108#webpage\"}}]}]}<\/script>\n<!-- \/ Yoast SEO plugin. -->","_links":{"self":[{"href":"https:\/\/annhouse.com.vn\/en\/wp-json\/wp\/v2\/product\/42341"}],"collection":[{"href":"https:\/\/annhouse.com.vn\/en\/wp-json\/wp\/v2\/product"}],"about":[{"href":"https:\/\/annhouse.com.vn\/en\/wp-json\/wp\/v2\/types\/product"}],"replies":[{"embeddable":true,"href":"https:\/\/annhouse.com.vn\/en\/wp-json\/wp\/v2\/comments?post=42341"}],"wp:featuredmedia":[{"embeddable":true,"href":"https:\/\/annhouse.com.vn\/en\/wp-json\/wp\/v2\/media\/42344"}],"wp:attachment":[{"href":"https:\/\/annhouse.com.vn\/en\/wp-json\/wp\/v2\/media?parent=42341"}],"wp:term":[{"taxonomy":"product_cat","embeddable":true,"href":"https:\/\/annhouse.com.vn\/en\/wp-json\/wp\/v2\/product_cat?post=42341"},{"taxonomy":"product_tag","embeddable":true,"href":"https:\/\/annhouse.com.vn\/en\/wp-json\/wp\/v2\/product_tag?post=42341"}],"curies":[{"name":"wp","href":"https:\/\/api.w.org\/{rel}","templated":true}]}}