{"id":41223,"date":"2023-07-15T13:22:24","date_gmt":"2023-07-15T06:22:24","guid":{"rendered":"https:\/\/annhouse.com.vn\/san-pham\/do-choi-duc-khuon-to-tuong-phat-sang-casting-and-painting-dino-fantasy"},"modified":"2025-09-17T14:02:31","modified_gmt":"2025-09-17T07:02:31","slug":"casting-and-painting-dino-fantasy","status":"publish","type":"product","link":"https:\/\/annhouse.com.vn\/en\/san-pham\/casting-and-painting-dino-fantasy","title":{"rendered":"\u0110\u1ed3 ch\u01a1i \u0111\u00fac khu\u00f4n t\u00f4 t\u01b0\u1ee3ng ph\u00e1t s\u00e1ng &#8211; Casting and painting &#8211; Dino fantasy &#8211; 01292"},"content":{"rendered":"<p><span style=\"color: #000000;\">Dinosaur casting mould;<\/span><br \/>\n<span style=\"color: #000000;\">Moulding powder (300gr);<\/span><br \/>\n<span style=\"color: #000000;\">Spatula;<\/span><br \/>\n<span style=\"color: #000000;\">6 colours of poster paint (6&#215;5 ml);<\/span><br \/>\n<span style=\"color: #000000;\">Glow-in-the-dark paint (5 ml);<\/span><br \/>\n<span style=\"color: #000000;\">Brush;<\/span><br \/>\n<span style=\"color: #000000;\">Instructions;<\/span><\/p>\n","protected":false},"excerpt":{"rendered":"<p><span style=\"color: #000000;\">An afternoon of casting and painting with the kids! The casting and painting sets by SES Creative are guaranteed to give you a fun, creative crafting day! With this set, you can create colourful, glow-in-the-dark dinosaurs. The plastic moulds are made of recycled plastic and are easy to fill with plaster. Once the plaster has hardened, children can get creative with the brush and six colours of paint and glow-in-the-dark paint to create their own unique plaster figures.<\/span><\/p>\n<p><span style=\"color: #000000;\">Dinosaur theme;<\/span><br \/>\n<span style=\"color: #000000;\">Mould made of recycled plastic;<\/span><br \/>\n<span style=\"color: #000000;\">Quick-drying plaster;<\/span><br \/>\n<span style=\"color: #000000;\">Pouring plaster into the mould;<\/span><br \/>\n<span style=\"color: #000000;\">The detailed mould yields excellent results;<\/span><br \/>\n<span style=\"color: #000000;\">Bright colours and good paint coverage;<\/span><br \/>\n<span style=\"color: #000000;\">Paint the models to be as scary as you can;<\/span><br \/>\n<span style=\"color: #000000;\">Encourages creativity;<\/span><br \/>\n<span style=\"color: #000000;\">The paint and the plaster are easy to wash off fabric and skin;<\/span><\/p>\n","protected":false},"featured_media":39619,"comment_status":"open","ping_status":"closed","template":"","meta":{"kk_blocks_editor_width":"","_kiokenblocks_attr":"","_kiokenblocks_dimensions":""},"product_cat":[815,781,864,784],"product_tag":[],"yoast_head":"<!-- This site is optimized with the Yoast SEO plugin v16.2 - https:\/\/yoast.com\/wordpress\/plugins\/seo\/ -->\n<title>\u0110\u1ed3 ch\u01a1i \u0111\u00fac khu\u00f4n t\u00f4 t\u01b0\u1ee3ng ph\u00e1t s\u00e1ng - Casting and painting - Dino fantasy - 01292 - Ann House<\/title>\n<meta name=\"robots\" content=\"index, follow, max-snippet:-1, max-image-preview:large, max-video-preview:-1\" \/>\n<link rel=\"canonical\" href=\"https:\/\/annhouse.com.vn\/en\/san-pham\/casting-and-painting-dino-fantasy\" \/>\n<meta property=\"og:locale\" content=\"en_US\" \/>\n<meta property=\"og:type\" content=\"article\" \/>\n<meta property=\"og:title\" content=\"\u0110\u1ed3 ch\u01a1i \u0111\u00fac khu\u00f4n t\u00f4 t\u01b0\u1ee3ng ph\u00e1t s\u00e1ng - Casting and painting - Dino fantasy - 01292 - Ann House\" \/>\n<meta property=\"og:description\" content=\"An afternoon of casting and painting with the kids! The casting and painting sets by SES Creative are guaranteed to give you a fun, creative crafting day! With this set, you can create colourful, glow-in-the-dark dinosaurs. The plastic moulds are made of recycled plastic and are easy to fill with plaster. Once the plaster has hardened, children can get creative with the brush and six colours of paint and glow-in-the-dark paint to create their own unique plaster figures.  Dinosaur theme; Mould made of recycled plastic; Quick-drying plaster; Pouring plaster into the mould; The detailed mould yields excellent results; Bright colours and good paint coverage; Paint the models to be as scary as you can; Encourages creativity; The paint and the plaster are easy to wash off fabric and skin;\" \/>\n<meta property=\"og:url\" content=\"https:\/\/annhouse.com.vn\/en\/san-pham\/casting-and-painting-dino-fantasy\" \/>\n<meta property=\"og:site_name\" content=\"Ann House\" \/>\n<meta property=\"article:publisher\" content=\"https:\/\/www.facebook.com\/MicroScootersVN\" \/>\n<meta property=\"article:modified_time\" content=\"2025-09-17T07:02:31+00:00\" \/>\n<meta property=\"og:image\" content=\"https:\/\/annhouse.com.vn\/wp-content\/uploads\/2023\/05\/01292-01.jpg\" \/>\n\t<meta property=\"og:image:width\" content=\"800\" \/>\n\t<meta property=\"og:image:height\" content=\"1000\" \/>\n<meta name=\"twitter:card\" content=\"summary_large_image\" \/>\n<meta name=\"twitter:label1\" content=\"Est. reading time\">\n\t<meta name=\"twitter:data1\" content=\"1 minute\">\n<script type=\"application\/ld+json\" class=\"yoast-schema-graph\">{\"@context\":\"https:\/\/schema.org\",\"@graph\":[{\"@type\":\"Organization\",\"@id\":\"https:\/\/annhouse.com.vn\/#organization\",\"name\":\"Ann House - Micro Scooters Vietnam\",\"url\":\"https:\/\/annhouse.com.vn\/\",\"sameAs\":[\"https:\/\/www.facebook.com\/MicroScootersVN\",\"https:\/\/www.instagram.com\/annhouse.store\/\"],\"logo\":{\"@type\":\"ImageObject\",\"@id\":\"https:\/\/annhouse.com.vn\/#logo\",\"inLanguage\":\"en-US\",\"url\":\"https:\/\/annhouse.com.vn\/wp-content\/uploads\/2019\/12\/LOGO-ANN.png\",\"contentUrl\":\"https:\/\/annhouse.com.vn\/wp-content\/uploads\/2019\/12\/LOGO-ANN.png\",\"width\":1080,\"height\":642,\"caption\":\"Ann House - Micro Scooters Vietnam\"},\"image\":{\"@id\":\"https:\/\/annhouse.com.vn\/#logo\"}},{\"@type\":\"WebSite\",\"@id\":\"https:\/\/annhouse.com.vn\/#website\",\"url\":\"https:\/\/annhouse.com.vn\/\",\"name\":\"Ann House\",\"description\":\"Micro Scooters Vietnam\",\"publisher\":{\"@id\":\"https:\/\/annhouse.com.vn\/#organization\"},\"potentialAction\":[{\"@type\":\"SearchAction\",\"target\":\"https:\/\/annhouse.com.vn\/?s={search_term_string}\",\"query-input\":\"required name=search_term_string\"}],\"inLanguage\":\"en-US\"},{\"@type\":\"ImageObject\",\"@id\":\"https:\/\/annhouse.com.vn\/en\/san-pham\/casting-and-painting-dino-fantasy#primaryimage\",\"inLanguage\":\"en-US\",\"url\":\"https:\/\/annhouse.com.vn\/wp-content\/uploads\/2023\/05\/01292-01.jpg\",\"contentUrl\":\"https:\/\/annhouse.com.vn\/wp-content\/uploads\/2023\/05\/01292-01.jpg\",\"width\":800,\"height\":1000},{\"@type\":\"WebPage\",\"@id\":\"https:\/\/annhouse.com.vn\/en\/san-pham\/casting-and-painting-dino-fantasy#webpage\",\"url\":\"https:\/\/annhouse.com.vn\/en\/san-pham\/casting-and-painting-dino-fantasy\",\"name\":\"\\u0110\\u1ed3 ch\\u01a1i \\u0111\\u00fac khu\\u00f4n t\\u00f4 t\\u01b0\\u1ee3ng ph\\u00e1t s\\u00e1ng - Casting and painting - Dino fantasy - 01292 - Ann House\",\"isPartOf\":{\"@id\":\"https:\/\/annhouse.com.vn\/#website\"},\"primaryImageOfPage\":{\"@id\":\"https:\/\/annhouse.com.vn\/en\/san-pham\/casting-and-painting-dino-fantasy#primaryimage\"},\"datePublished\":\"2023-07-15T06:22:24+00:00\",\"dateModified\":\"2025-09-17T07:02:31+00:00\",\"breadcrumb\":{\"@id\":\"https:\/\/annhouse.com.vn\/en\/san-pham\/casting-and-painting-dino-fantasy#breadcrumb\"},\"inLanguage\":\"en-US\",\"potentialAction\":[{\"@type\":\"ReadAction\",\"target\":[\"https:\/\/annhouse.com.vn\/en\/san-pham\/casting-and-painting-dino-fantasy\"]}]},{\"@type\":\"BreadcrumbList\",\"@id\":\"https:\/\/annhouse.com.vn\/en\/san-pham\/casting-and-painting-dino-fantasy#breadcrumb\",\"itemListElement\":[{\"@type\":\"ListItem\",\"position\":1,\"item\":{\"@type\":\"WebPage\",\"@id\":\"https:\/\/annhouse.com.vn\/en\",\"url\":\"https:\/\/annhouse.com.vn\/en\",\"name\":\"Trang ch\\u1ee7\"}},{\"@type\":\"ListItem\",\"position\":2,\"item\":{\"@type\":\"WebPage\",\"@id\":\"https:\/\/annhouse.com.vn\/en\/shop\",\"url\":\"https:\/\/annhouse.com.vn\/en\/shop\",\"name\":\"Shop\"}},{\"@type\":\"ListItem\",\"position\":3,\"item\":{\"@id\":\"https:\/\/annhouse.com.vn\/en\/san-pham\/casting-and-painting-dino-fantasy#webpage\"}}]}]}<\/script>\n<!-- \/ Yoast SEO plugin. -->","_links":{"self":[{"href":"https:\/\/annhouse.com.vn\/en\/wp-json\/wp\/v2\/product\/41223"}],"collection":[{"href":"https:\/\/annhouse.com.vn\/en\/wp-json\/wp\/v2\/product"}],"about":[{"href":"https:\/\/annhouse.com.vn\/en\/wp-json\/wp\/v2\/types\/product"}],"replies":[{"embeddable":true,"href":"https:\/\/annhouse.com.vn\/en\/wp-json\/wp\/v2\/comments?post=41223"}],"wp:featuredmedia":[{"embeddable":true,"href":"https:\/\/annhouse.com.vn\/en\/wp-json\/wp\/v2\/media\/39619"}],"wp:attachment":[{"href":"https:\/\/annhouse.com.vn\/en\/wp-json\/wp\/v2\/media?parent=41223"}],"wp:term":[{"taxonomy":"product_cat","embeddable":true,"href":"https:\/\/annhouse.com.vn\/en\/wp-json\/wp\/v2\/product_cat?post=41223"},{"taxonomy":"product_tag","embeddable":true,"href":"https:\/\/annhouse.com.vn\/en\/wp-json\/wp\/v2\/product_tag?post=41223"}],"curies":[{"name":"wp","href":"https:\/\/api.w.org\/{rel}","templated":true}]}}