{"id":38918,"date":"2023-03-01T19:37:02","date_gmt":"2023-03-01T12:37:02","guid":{"rendered":"https:\/\/annhouse.com.vn\/?post_type=product&#038;p=38918"},"modified":"2023-03-01T19:37:03","modified_gmt":"2023-03-01T12:37:03","slug":"shank-left-for-micro-mini-deluxe","status":"publish","type":"product","link":"https:\/\/annhouse.com.vn\/en\/san-pham\/shank-left-for-micro-mini-deluxe","title":{"rendered":"Shank left for Micro Mini Deluxe"},"content":{"rendered":"<h4><span style=\"color: #000000;\"><strong>\u0110\u1ecaA \u0110I\u1ec2M B\u00c1N V\u00c0 THAY TH\u1ebe LINH KI\u1ec6N:<\/strong><\/span><\/h4>\n<p><span style=\"color: #000000;\"><strong>H\u1ed3 Ch\u00ed Minh:<\/strong>\u00a0online ho\u1eb7c t\u1ea1i c\u1eeda h\u00e0ng Ann House Landmark 81.<\/span><\/p>\n<p><span style=\"color: #000000;\"><strong>H\u00e0 N\u1ed9i:<\/strong> online ho\u1eb7c t\u1ea1i \u0111\u1ecba \u0111i\u1ec3m nh\u1eadn b\u1ea3o h\u00e0nh.<\/span><\/p>\n<h4><span style=\"color: #000000;\"><strong>XIN L\u01afU \u00dd:<\/strong><\/span><\/h4>\n<p><span style=\"color: #000000;\"><strong>V\u1edbi c\u00e1c linh ki\u1ec7n \u0111\u01b0\u1ee3c khuy\u1ebfn kh\u00edch s\u1eeda ch\u1eefa t\u1ea1i c\u1eeda h\u00e0ng,<\/strong> b\u1ea1n n\u00ean li\u00ean h\u1ec7 tr\u01b0\u1edbc v\u1edbi ch\u00fang t\u00f4i trong khung gi\u1edd h\u00e0nh ch\u00ednh tr\u01b0\u1edbc khi gh\u00e9 qua.<\/span><\/p>\n<p><span style=\"color: #000000;\"><strong>V\u1edbi c\u00e1c linh ki\u1ec7n \u0111\u01b0\u1ee3c ghi ch\u00fa c\u00f3 th\u1ec3 l\u1eafp \u0111\u1eb7t t\u1ea1i nh\u00e0,<\/strong>\u00a0b\u1ea1n s\u1ebd c\u00f3 th\u1ec3 c\u1ea7n t\u1ef1 chu\u1ea9n b\u1ecb v\u00edt\/ k\u1ec1m\/ c\u1edd l\u00ea\/\u2026<\/span><\/p>\n<p><span style=\"color: #000000;\">N\u1ebfu s\u1ea3n ph\u1ea9m Micro c\u1ee7a b\u1ea1n c\u00f3 nh\u1eefng h\u01b0 h\u1ecfng v\u00e0 hao m\u00f2n kh\u00e1c, vui l\u00f2ng li\u00ean h\u1ec7 ho\u1eb7c mang \u0111\u1ebfn c\u1eeda h\u00e0ng nh\u1eadn b\u1ea3o h\u00e0nh \u0111\u1ec3 \u0111\u01b0\u1ee3c h\u1ed7 tr\u1ee3. (Th\u00f4ng tin xem\u00a0<a style=\"color: #000000;\" href=\"https:\/\/annhouse.com.vn\/chinh-sach-bao-hanh\">t\u1ea1i \u0111\u00e2y<\/a>).<\/span><\/p>\n<p><span style=\"color: #000000;\">C\u00e1c linh ki\u1ec7n v\u00e0 ph\u1ee5 t\u00f9ng thay th\u1ebf ch\u1ec9 t\u01b0\u01a1ng th\u00edch v\u1edbi d\u00f2ng xe tr\u01b0\u1ee3t \u0111\u01b0\u1ee3c ch\u1ec9 \u0111\u1ecbnh, thu\u1ed9c th\u01b0\u01a1ng hi\u1ec7u Micro Mobility (Thu\u1ef5 S\u0129).<\/span><\/p>\n<p><span style=\"color: #000000;\">Gi\u00e1 linh ki\u1ec7n hi\u1ec3n tr\u1ecb tr\u00ean website ch\u01b0a bao g\u1ed3m chi ph\u00ed s\u1eeda ch\u1eefa n\u1ebfu h\u1ebft th\u1eddi gian b\u1ea3o h\u00e0nh.<\/span><\/p>\n<p><span style=\"color: #000000;\">C\u1ea7n h\u1ed7 tr\u1ee3 v\u00e0 t\u01b0 v\u1ea5n nhanh nh\u1ea5t, vui l\u00f2ng nh\u1eafn tin v\u1ec1 v\u1ea5n \u0111\u1ec1 b\u1ea1n \u0111ang g\u1eb7p ph\u1ea3i k\u00e8m h\u00ecnh \u1ea3nh, v\u00e0 g\u1eedi cho ch\u00fang t\u00f4i t\u1ea1i Facebook: Micro Scooters Vietnam ho\u1eb7c Ann House.<\/span><\/p>\n","protected":false},"excerpt":{"rendered":"<p><span style=\"color: #000000;\">Linh ki\u1ec7n t\u01b0\u01a1ng th\u00edch v\u1edbi Micro Mini Deluxe.<\/span><\/p>\n","protected":false},"featured_media":38885,"comment_status":"open","ping_status":"closed","template":"","meta":{"kk_blocks_editor_width":"","_kiokenblocks_attr":"","_kiokenblocks_dimensions":""},"product_cat":[173],"product_tag":[],"yoast_head":"<!-- This site is optimized with the Yoast SEO plugin v16.2 - https:\/\/yoast.com\/wordpress\/plugins\/seo\/ -->\n<title>Shank left for Micro Mini Deluxe - Ann House<\/title>\n<meta name=\"robots\" content=\"index, follow, max-snippet:-1, max-image-preview:large, max-video-preview:-1\" \/>\n<link rel=\"canonical\" href=\"https:\/\/annhouse.com.vn\/san-pham\/shank-left-for-micro-mini-deluxe\" \/>\n<meta property=\"og:locale\" content=\"en_US\" \/>\n<meta property=\"og:type\" content=\"article\" \/>\n<meta property=\"og:title\" content=\"Shank left for Micro Mini Deluxe - Ann House\" \/>\n<meta property=\"og:description\" content=\"Linh ki\u1ec7n t\u01b0\u01a1ng th\u00edch v\u1edbi Micro Mini Deluxe.\" \/>\n<meta property=\"og:url\" content=\"https:\/\/annhouse.com.vn\/san-pham\/shank-left-for-micro-mini-deluxe\" \/>\n<meta property=\"og:site_name\" content=\"Ann House\" \/>\n<meta property=\"article:publisher\" content=\"https:\/\/www.facebook.com\/MicroScootersVN\" \/>\n<meta property=\"article:modified_time\" content=\"2023-03-01T12:37:03+00:00\" \/>\n<meta property=\"og:image\" content=\"https:\/\/annhouse.com.vn\/wp-content\/uploads\/2023\/03\/1144-shank-left-mini.jpg\" \/>\n\t<meta property=\"og:image:width\" content=\"800\" \/>\n\t<meta property=\"og:image:height\" content=\"1000\" \/>\n<meta name=\"twitter:card\" content=\"summary_large_image\" \/>\n<meta name=\"twitter:label1\" content=\"Est. reading time\">\n\t<meta name=\"twitter:data1\" content=\"1 minute\">\n<script type=\"application\/ld+json\" class=\"yoast-schema-graph\">{\"@context\":\"https:\/\/schema.org\",\"@graph\":[{\"@type\":\"Organization\",\"@id\":\"https:\/\/annhouse.com.vn\/#organization\",\"name\":\"Ann House - Micro Scooters Vietnam\",\"url\":\"https:\/\/annhouse.com.vn\/\",\"sameAs\":[\"https:\/\/www.facebook.com\/MicroScootersVN\",\"https:\/\/www.instagram.com\/annhouse.store\/\"],\"logo\":{\"@type\":\"ImageObject\",\"@id\":\"https:\/\/annhouse.com.vn\/#logo\",\"inLanguage\":\"en-US\",\"url\":\"https:\/\/annhouse.com.vn\/wp-content\/uploads\/2019\/12\/LOGO-ANN.png\",\"contentUrl\":\"https:\/\/annhouse.com.vn\/wp-content\/uploads\/2019\/12\/LOGO-ANN.png\",\"width\":1080,\"height\":642,\"caption\":\"Ann House - Micro Scooters Vietnam\"},\"image\":{\"@id\":\"https:\/\/annhouse.com.vn\/#logo\"}},{\"@type\":\"WebSite\",\"@id\":\"https:\/\/annhouse.com.vn\/#website\",\"url\":\"https:\/\/annhouse.com.vn\/\",\"name\":\"Ann House\",\"description\":\"Micro Scooters Vietnam\",\"publisher\":{\"@id\":\"https:\/\/annhouse.com.vn\/#organization\"},\"potentialAction\":[{\"@type\":\"SearchAction\",\"target\":\"https:\/\/annhouse.com.vn\/?s={search_term_string}\",\"query-input\":\"required name=search_term_string\"}],\"inLanguage\":\"en-US\"},{\"@type\":\"ImageObject\",\"@id\":\"https:\/\/annhouse.com.vn\/san-pham\/shank-left-for-micro-mini-deluxe#primaryimage\",\"inLanguage\":\"en-US\",\"url\":\"https:\/\/annhouse.com.vn\/wp-content\/uploads\/2023\/03\/1144-shank-left-mini.jpg\",\"contentUrl\":\"https:\/\/annhouse.com.vn\/wp-content\/uploads\/2023\/03\/1144-shank-left-mini.jpg\",\"width\":800,\"height\":1000},{\"@type\":\"WebPage\",\"@id\":\"https:\/\/annhouse.com.vn\/san-pham\/shank-left-for-micro-mini-deluxe#webpage\",\"url\":\"https:\/\/annhouse.com.vn\/san-pham\/shank-left-for-micro-mini-deluxe\",\"name\":\"Shank left for Micro Mini Deluxe - Ann House\",\"isPartOf\":{\"@id\":\"https:\/\/annhouse.com.vn\/#website\"},\"primaryImageOfPage\":{\"@id\":\"https:\/\/annhouse.com.vn\/san-pham\/shank-left-for-micro-mini-deluxe#primaryimage\"},\"datePublished\":\"2023-03-01T12:37:02+00:00\",\"dateModified\":\"2023-03-01T12:37:03+00:00\",\"breadcrumb\":{\"@id\":\"https:\/\/annhouse.com.vn\/san-pham\/shank-left-for-micro-mini-deluxe#breadcrumb\"},\"inLanguage\":\"en-US\",\"potentialAction\":[{\"@type\":\"ReadAction\",\"target\":[\"https:\/\/annhouse.com.vn\/san-pham\/shank-left-for-micro-mini-deluxe\"]}]},{\"@type\":\"BreadcrumbList\",\"@id\":\"https:\/\/annhouse.com.vn\/san-pham\/shank-left-for-micro-mini-deluxe#breadcrumb\",\"itemListElement\":[{\"@type\":\"ListItem\",\"position\":1,\"item\":{\"@type\":\"WebPage\",\"@id\":\"https:\/\/annhouse.com.vn\/en\",\"url\":\"https:\/\/annhouse.com.vn\/en\",\"name\":\"Trang ch\\u1ee7\"}},{\"@type\":\"ListItem\",\"position\":2,\"item\":{\"@type\":\"WebPage\",\"@id\":\"https:\/\/annhouse.com.vn\/en\/shop\",\"url\":\"https:\/\/annhouse.com.vn\/en\/shop\",\"name\":\"Shop\"}},{\"@type\":\"ListItem\",\"position\":3,\"item\":{\"@id\":\"https:\/\/annhouse.com.vn\/san-pham\/shank-left-for-micro-mini-deluxe#webpage\"}}]}]}<\/script>\n<!-- \/ Yoast SEO plugin. -->","_links":{"self":[{"href":"https:\/\/annhouse.com.vn\/en\/wp-json\/wp\/v2\/product\/38918"}],"collection":[{"href":"https:\/\/annhouse.com.vn\/en\/wp-json\/wp\/v2\/product"}],"about":[{"href":"https:\/\/annhouse.com.vn\/en\/wp-json\/wp\/v2\/types\/product"}],"replies":[{"embeddable":true,"href":"https:\/\/annhouse.com.vn\/en\/wp-json\/wp\/v2\/comments?post=38918"}],"wp:featuredmedia":[{"embeddable":true,"href":"https:\/\/annhouse.com.vn\/en\/wp-json\/wp\/v2\/media\/38885"}],"wp:attachment":[{"href":"https:\/\/annhouse.com.vn\/en\/wp-json\/wp\/v2\/media?parent=38918"}],"wp:term":[{"taxonomy":"product_cat","embeddable":true,"href":"https:\/\/annhouse.com.vn\/en\/wp-json\/wp\/v2\/product_cat?post=38918"},{"taxonomy":"product_tag","embeddable":true,"href":"https:\/\/annhouse.com.vn\/en\/wp-json\/wp\/v2\/product_tag?post=38918"}],"curies":[{"name":"wp","href":"https:\/\/api.w.org\/{rel}","templated":true}]}}