{"id":37892,"date":"2022-09-29T13:02:20","date_gmt":"2022-09-29T06:02:20","guid":{"rendered":"https:\/\/annhouse.com.vn\/?post_type=product&#038;p=37892"},"modified":"2026-03-24T10:06:19","modified_gmt":"2026-03-24T03:06:19","slug":"vixen","status":"publish","type":"product","link":"https:\/\/annhouse.com.vn\/en\/san-pham\/vixen","title":{"rendered":"VIXEN &#8211; 03003"},"content":{"rendered":"","protected":false},"excerpt":{"rendered":"<p><span style=\"color: #d7344a;\"><strong><span style=\"color: #000000;\">XIN L\u01afU \u00dd:<\/span><br \/>\nS\u1ea3n ph\u1ea9m \u01b0u \u0111\u00e3i ch\u1ec9 \u00e1p d\u1ee5ng khi \u0111\u1eb7t h\u00e0ng online v\u00e0 ch\u01b0a bao g\u1ed3m ph\u00ed giao h\u00e0ng.<br \/>\nM\u1ed9t s\u1ed1 s\u1ea3n ph\u1ea9m \u01b0u \u0111\u00e3i c\u00f3 h\u1ed9p b\u1ecb x\u01b0\u1edbc x\u00e1c, ch\u00fang t\u00f4i s\u1ebd c\u1eadp nh\u1eadt c\u1ee5 th\u1ec3 \u0111\u1ebfn b\u1ea1n t\u00ecnh tr\u1ea1ng c\u1ee7a s\u1ea3n ph\u1ea9m v\u00e0 h\u1ed9p sau khi nh\u1eadn \u0111\u01b0\u1ee3c \u0111\u01a1n \u0111\u1eb7t h\u00e0ng t\u1eeb b\u1ea1n.<\/strong><\/span><\/p>\n","protected":false},"featured_media":37800,"comment_status":"open","ping_status":"closed","template":"","meta":{"kk_blocks_editor_width":"","_kiokenblocks_attr":"","_kiokenblocks_dimensions":""},"product_cat":[345,738,21,716],"product_tag":[],"yoast_head":"<!-- This site is optimized with the Yoast SEO plugin v16.2 - https:\/\/yoast.com\/wordpress\/plugins\/seo\/ -->\n<title>VIXEN - 03003 - Ann House<\/title>\n<meta name=\"robots\" content=\"index, follow, max-snippet:-1, max-image-preview:large, max-video-preview:-1\" \/>\n<link rel=\"canonical\" href=\"https:\/\/annhouse.com.vn\/san-pham\/vixen\" \/>\n<meta property=\"og:locale\" content=\"en_US\" \/>\n<meta property=\"og:type\" content=\"article\" \/>\n<meta property=\"og:title\" content=\"VIXEN - 03003 - Ann House\" \/>\n<meta property=\"og:description\" content=\"XIN L\u01afU \u00dd: S\u1ea3n ph\u1ea9m \u01b0u \u0111\u00e3i ch\u1ec9 \u00e1p d\u1ee5ng khi \u0111\u1eb7t h\u00e0ng online v\u00e0 ch\u01b0a bao g\u1ed3m ph\u00ed giao h\u00e0ng. M\u1ed9t s\u1ed1 s\u1ea3n ph\u1ea9m \u01b0u \u0111\u00e3i c\u00f3 h\u1ed9p b\u1ecb x\u01b0\u1edbc x\u00e1c, ch\u00fang t\u00f4i s\u1ebd c\u1eadp nh\u1eadt c\u1ee5 th\u1ec3 \u0111\u1ebfn b\u1ea1n t\u00ecnh tr\u1ea1ng c\u1ee7a s\u1ea3n ph\u1ea9m v\u00e0 h\u1ed9p sau khi nh\u1eadn \u0111\u01b0\u1ee3c \u0111\u01a1n \u0111\u1eb7t h\u00e0ng t\u1eeb b\u1ea1n.\" \/>\n<meta property=\"og:url\" content=\"https:\/\/annhouse.com.vn\/san-pham\/vixen\" \/>\n<meta property=\"og:site_name\" content=\"Ann House\" \/>\n<meta property=\"article:publisher\" content=\"https:\/\/www.facebook.com\/MicroScootersVN\" \/>\n<meta property=\"article:modified_time\" content=\"2026-03-24T03:06:19+00:00\" \/>\n<meta property=\"og:image\" content=\"https:\/\/annhouse.com.vn\/wp-content\/uploads\/2022\/09\/03003-VIXEN.jpg\" \/>\n\t<meta property=\"og:image:width\" content=\"800\" \/>\n\t<meta property=\"og:image:height\" content=\"1000\" \/>\n<meta name=\"twitter:card\" content=\"summary_large_image\" \/>\n<script type=\"application\/ld+json\" class=\"yoast-schema-graph\">{\"@context\":\"https:\/\/schema.org\",\"@graph\":[{\"@type\":\"Organization\",\"@id\":\"https:\/\/annhouse.com.vn\/#organization\",\"name\":\"Ann House - Micro Scooters Vietnam\",\"url\":\"https:\/\/annhouse.com.vn\/\",\"sameAs\":[\"https:\/\/www.facebook.com\/MicroScootersVN\",\"https:\/\/www.instagram.com\/annhouse.store\/\"],\"logo\":{\"@type\":\"ImageObject\",\"@id\":\"https:\/\/annhouse.com.vn\/#logo\",\"inLanguage\":\"en-US\",\"url\":\"https:\/\/annhouse.com.vn\/wp-content\/uploads\/2019\/12\/LOGO-ANN.png\",\"contentUrl\":\"https:\/\/annhouse.com.vn\/wp-content\/uploads\/2019\/12\/LOGO-ANN.png\",\"width\":1080,\"height\":642,\"caption\":\"Ann House - Micro Scooters Vietnam\"},\"image\":{\"@id\":\"https:\/\/annhouse.com.vn\/#logo\"}},{\"@type\":\"WebSite\",\"@id\":\"https:\/\/annhouse.com.vn\/#website\",\"url\":\"https:\/\/annhouse.com.vn\/\",\"name\":\"Ann House\",\"description\":\"Micro Scooters Vietnam\",\"publisher\":{\"@id\":\"https:\/\/annhouse.com.vn\/#organization\"},\"potentialAction\":[{\"@type\":\"SearchAction\",\"target\":\"https:\/\/annhouse.com.vn\/?s={search_term_string}\",\"query-input\":\"required name=search_term_string\"}],\"inLanguage\":\"en-US\"},{\"@type\":\"ImageObject\",\"@id\":\"https:\/\/annhouse.com.vn\/san-pham\/vixen#primaryimage\",\"inLanguage\":\"en-US\",\"url\":\"https:\/\/annhouse.com.vn\/wp-content\/uploads\/2022\/09\/03003-VIXEN.jpg\",\"contentUrl\":\"https:\/\/annhouse.com.vn\/wp-content\/uploads\/2022\/09\/03003-VIXEN.jpg\",\"width\":800,\"height\":1000},{\"@type\":\"WebPage\",\"@id\":\"https:\/\/annhouse.com.vn\/san-pham\/vixen#webpage\",\"url\":\"https:\/\/annhouse.com.vn\/san-pham\/vixen\",\"name\":\"VIXEN - 03003 - Ann House\",\"isPartOf\":{\"@id\":\"https:\/\/annhouse.com.vn\/#website\"},\"primaryImageOfPage\":{\"@id\":\"https:\/\/annhouse.com.vn\/san-pham\/vixen#primaryimage\"},\"datePublished\":\"2022-09-29T06:02:20+00:00\",\"dateModified\":\"2026-03-24T03:06:19+00:00\",\"breadcrumb\":{\"@id\":\"https:\/\/annhouse.com.vn\/san-pham\/vixen#breadcrumb\"},\"inLanguage\":\"en-US\",\"potentialAction\":[{\"@type\":\"ReadAction\",\"target\":[\"https:\/\/annhouse.com.vn\/san-pham\/vixen\"]}]},{\"@type\":\"BreadcrumbList\",\"@id\":\"https:\/\/annhouse.com.vn\/san-pham\/vixen#breadcrumb\",\"itemListElement\":[{\"@type\":\"ListItem\",\"position\":1,\"item\":{\"@type\":\"WebPage\",\"@id\":\"https:\/\/annhouse.com.vn\/en\",\"url\":\"https:\/\/annhouse.com.vn\/en\",\"name\":\"Trang ch\\u1ee7\"}},{\"@type\":\"ListItem\",\"position\":2,\"item\":{\"@type\":\"WebPage\",\"@id\":\"https:\/\/annhouse.com.vn\/en\/shop\",\"url\":\"https:\/\/annhouse.com.vn\/en\/shop\",\"name\":\"Shop\"}},{\"@type\":\"ListItem\",\"position\":3,\"item\":{\"@id\":\"https:\/\/annhouse.com.vn\/san-pham\/vixen#webpage\"}}]}]}<\/script>\n<!-- \/ Yoast SEO plugin. -->","_links":{"self":[{"href":"https:\/\/annhouse.com.vn\/en\/wp-json\/wp\/v2\/product\/37892"}],"collection":[{"href":"https:\/\/annhouse.com.vn\/en\/wp-json\/wp\/v2\/product"}],"about":[{"href":"https:\/\/annhouse.com.vn\/en\/wp-json\/wp\/v2\/types\/product"}],"replies":[{"embeddable":true,"href":"https:\/\/annhouse.com.vn\/en\/wp-json\/wp\/v2\/comments?post=37892"}],"wp:featuredmedia":[{"embeddable":true,"href":"https:\/\/annhouse.com.vn\/en\/wp-json\/wp\/v2\/media\/37800"}],"wp:attachment":[{"href":"https:\/\/annhouse.com.vn\/en\/wp-json\/wp\/v2\/media?parent=37892"}],"wp:term":[{"taxonomy":"product_cat","embeddable":true,"href":"https:\/\/annhouse.com.vn\/en\/wp-json\/wp\/v2\/product_cat?post=37892"},{"taxonomy":"product_tag","embeddable":true,"href":"https:\/\/annhouse.com.vn\/en\/wp-json\/wp\/v2\/product_tag?post=37892"}],"curies":[{"name":"wp","href":"https:\/\/api.w.org\/{rel}","templated":true}]}}