{"id":37510,"date":"2022-07-27T16:39:16","date_gmt":"2022-07-27T09:39:16","guid":{"rendered":"https:\/\/annhouse.com.vn\/?post_type=product&#038;p=37510"},"modified":"2026-03-24T10:06:04","modified_gmt":"2026-03-24T03:06:04","slug":"cleo-pyjama-2","status":"publish","type":"product","link":"https:\/\/annhouse.com.vn\/en\/san-pham\/cleo-pyjama-2","title":{"rendered":"B\u00fap b\u00ea da m\u00e0u &#8211; Paola Reina &#8211; CLEO PYJAMA &#8211; 14830"},"content":{"rendered":"","protected":false},"excerpt":{"rendered":"<div class=\"kvgmc6g5 cxmmr5t8 oygrvhab hcukyx3x c1et5uql ii04i59q\">\n<div dir=\"auto\">\n<p><span style=\"color: #000000;\">Phi\u00ean b\u1ea3n Amigas trong trang ph\u1ee5c Pyjama r\u1ea5t n\u1ed5i ti\u1ebfng c\u1ee7a th\u01b0\u01a1ng hi\u1ec7u Paola Reina. B\u1ea1n c\u00f3 th\u1ec3 t\u1ef1 thi\u1ebft k\u1ebf v\u00e0 may \u0111\u1ed3 cho c\u00e1c em b\u00fap b\u00ea xinh \u0111\u1eb9p theo s\u1edf th\u00edch v\u00e0 phong c\u00e1ch c\u1ee7a m\u00ecnh, c\u00f9ng s\u00e1ng t\u1ea1o v\u00e0 vi\u1ebft n\u00ean nh\u1eefng c\u00e2u chuy\u1ec7n c\u1ee7a ri\u00eang b\u1ea1n m\u00e0 kh\u00f4ng c\u00f3 m\u1ed9t gi\u1edbi h\u1ea1n n\u00e0o.<\/span><\/p>\n<p><span style=\"color: #000000;\"><strong>\u0110\u1eb7c \u0111i\u1ec3m:<\/strong> Th\u00e2n c\u1ee9ng, m\u1eaft lu\u00f4n m\u1edf<\/span><br \/>\n<span style=\"color: #000000;\"><strong>C\u00f3 kh\u1edbp:<\/strong> \u0110\u1ea7u, c\u00e1nh tay v\u00e0 ch\u00e2n<\/span><br \/>\n<span style=\"color: #000000;\"><strong>Chi\u1ec1u cao:<\/strong> 32cm<\/span><br \/>\n<span style=\"color: #000000;\"><strong>S\u1ea3n xu\u1ea5t t\u1ea1i:<\/strong> T\u00e2y Ban Nha<\/span><\/p>\n<\/div>\n<\/div>\n<p><span style=\"color: #d7344a;\"><strong>V\u00ec sao b\u1ea1n n\u00ean mua Paola Reina t\u1ea1i Ann House?<\/strong><\/span><br \/>\n<span style=\"color: #000000;\">&#8211; Ann House l\u00e0 Nh\u00e0 ph\u00e2n ph\u1ed1i \u0111\u1ed9c quy\u1ec1n th\u01b0\u01a1ng hi\u1ec7u Paola Reina t\u1ea1i Vi\u1ec7t Nam, ch\u00fang t\u00f4i \u0111\u1ea1i di\u1ec7n cho H\u00e3ng \u0111\u1ec3 mang \u0111\u1ebfn b\u1ea1n nh\u1eefng em b\u00fap b\u00ea m\u1edbi nh\u1ea5t c\u00f9ng v\u1edbi ch\u1ea5t l\u01b0\u1ee3ng an to\u00e0n v\u00e0 \u0111\u1ea3m b\u1ea3o.<\/span><br \/>\n<span style=\"color: #000000;\">&#8211; T\u1ea5t c\u1ea3 c\u00e1c s\u1ea3n ph\u1ea9m \u0111\u1ec1u \u0111\u01b0\u1ee3c ki\u1ec3m tra ch\u1ea5t l\u01b0\u1ee3ng khi nh\u1eadp kh\u1ea9u v\u1ec1 Vi\u1ec7t Nam v\u00e0 \u0111\u1ea1t chu\u1ea9n an to\u00e0n.<\/span><br \/>\n<span style=\"color: #000000;\">&#8211; C\u00e1c s\u1ea3n ph\u1ea9m b\u00fap b\u00ea \u0111\u01b0\u1ee3c l\u00e0m b\u1eb1ng tay n\u00ean r\u1ea5t t\u1ec9 m\u1ec9 v\u00e0 ch\u1ec9n chu.<\/span><br \/>\n<span style=\"color: #000000;\">&#8211; Paola Reina l\u00e0 th\u01b0\u01a1ng hi\u1ec7u b\u00fap b\u00ea c\u00f3 h\u01b0\u01a1ng th\u01a1m \u0111\u1eb7c bi\u1ec7t, s\u1ebd mang \u0111\u1ebfn cho b\u1ea1n m\u1ed9t tr\u1ea3i nghi\u1ec7m ho\u00e0n to\u00e0n m\u1edbi l\u1ea1.<\/span><\/p>\n","protected":false},"featured_media":37504,"comment_status":"open","ping_status":"closed","template":"","meta":{"kk_blocks_editor_width":"","_kiokenblocks_attr":"","_kiokenblocks_dimensions":""},"product_cat":[345,738,21,506,851,711],"product_tag":[],"yoast_head":"<!-- This site is optimized with the Yoast SEO plugin v16.2 - https:\/\/yoast.com\/wordpress\/plugins\/seo\/ -->\n<title>B\u00fap b\u00ea da m\u00e0u - Paola Reina - CLEO PYJAMA - 14830 - Ann House<\/title>\n<meta name=\"robots\" content=\"index, follow, max-snippet:-1, max-image-preview:large, max-video-preview:-1\" \/>\n<link rel=\"canonical\" href=\"https:\/\/annhouse.com.vn\/san-pham\/cleo-pyjama-2\" \/>\n<meta property=\"og:locale\" content=\"en_US\" \/>\n<meta property=\"og:type\" content=\"article\" \/>\n<meta property=\"og:title\" content=\"B\u00fap b\u00ea da m\u00e0u - Paola Reina - CLEO PYJAMA - 14830 - Ann House\" \/>\n<meta property=\"og:description\" content=\"Phi\u00ean b\u1ea3n Amigas trong trang ph\u1ee5c Pyjama r\u1ea5t n\u1ed5i ti\u1ebfng c\u1ee7a th\u01b0\u01a1ng hi\u1ec7u Paola Reina. B\u1ea1n c\u00f3 th\u1ec3 t\u1ef1 thi\u1ebft k\u1ebf v\u00e0 may \u0111\u1ed3 cho c\u00e1c em b\u00fap b\u00ea xinh \u0111\u1eb9p theo s\u1edf th\u00edch v\u00e0 phong c\u00e1ch c\u1ee7a m\u00ecnh, c\u00f9ng s\u00e1ng t\u1ea1o v\u00e0 vi\u1ebft n\u00ean nh\u1eefng c\u00e2u chuy\u1ec7n c\u1ee7a ri\u00eang b\u1ea1n m\u00e0 kh\u00f4ng c\u00f3 m\u1ed9t gi\u1edbi h\u1ea1n n\u00e0o.  \u0110\u1eb7c \u0111i\u1ec3m: Th\u00e2n c\u1ee9ng, m\u1eaft lu\u00f4n m\u1edf C\u00f3 kh\u1edbp: \u0110\u1ea7u, c\u00e1nh tay v\u00e0 ch\u00e2n Chi\u1ec1u cao: 32cm S\u1ea3n xu\u1ea5t t\u1ea1i: T\u00e2y Ban Nha    V\u00ec sao b\u1ea1n n\u00ean mua Paola Reina t\u1ea1i Ann House? - Ann House l\u00e0 Nh\u00e0 ph\u00e2n ph\u1ed1i \u0111\u1ed9c quy\u1ec1n th\u01b0\u01a1ng hi\u1ec7u Paola Reina t\u1ea1i Vi\u1ec7t Nam, ch\u00fang t\u00f4i \u0111\u1ea1i di\u1ec7n cho H\u00e3ng \u0111\u1ec3 mang \u0111\u1ebfn b\u1ea1n nh\u1eefng em b\u00fap b\u00ea m\u1edbi nh\u1ea5t c\u00f9ng v\u1edbi ch\u1ea5t l\u01b0\u1ee3ng an to\u00e0n v\u00e0 \u0111\u1ea3m b\u1ea3o. - T\u1ea5t c\u1ea3 c\u00e1c s\u1ea3n ph\u1ea9m \u0111\u1ec1u \u0111\u01b0\u1ee3c ki\u1ec3m tra ch\u1ea5t l\u01b0\u1ee3ng khi nh\u1eadp kh\u1ea9u v\u1ec1 Vi\u1ec7t Nam v\u00e0 \u0111\u1ea1t chu\u1ea9n an to\u00e0n. - C\u00e1c s\u1ea3n ph\u1ea9m b\u00fap b\u00ea \u0111\u01b0\u1ee3c l\u00e0m b\u1eb1ng tay n\u00ean r\u1ea5t t\u1ec9 m\u1ec9 v\u00e0 ch\u1ec9n chu. - Paola Reina l\u00e0 th\u01b0\u01a1ng hi\u1ec7u b\u00fap b\u00ea c\u00f3 h\u01b0\u01a1ng th\u01a1m \u0111\u1eb7c bi\u1ec7t, s\u1ebd mang \u0111\u1ebfn cho b\u1ea1n m\u1ed9t tr\u1ea3i nghi\u1ec7m ho\u00e0n to\u00e0n m\u1edbi l\u1ea1.\" \/>\n<meta property=\"og:url\" content=\"https:\/\/annhouse.com.vn\/san-pham\/cleo-pyjama-2\" \/>\n<meta property=\"og:site_name\" content=\"Ann House\" \/>\n<meta property=\"article:publisher\" content=\"https:\/\/www.facebook.com\/MicroScootersVN\" \/>\n<meta property=\"article:modified_time\" content=\"2026-03-24T03:06:04+00:00\" \/>\n<meta property=\"og:image\" content=\"https:\/\/annhouse.com.vn\/wp-content\/uploads\/2022\/07\/14830-CLEO.jpg\" \/>\n\t<meta property=\"og:image:width\" content=\"800\" \/>\n\t<meta property=\"og:image:height\" content=\"1000\" \/>\n<meta name=\"twitter:card\" content=\"summary_large_image\" \/>\n<meta name=\"twitter:label1\" content=\"Est. reading time\">\n\t<meta name=\"twitter:data1\" content=\"4 minutes\">\n<script type=\"application\/ld+json\" class=\"yoast-schema-graph\">{\"@context\":\"https:\/\/schema.org\",\"@graph\":[{\"@type\":\"Organization\",\"@id\":\"https:\/\/annhouse.com.vn\/#organization\",\"name\":\"Ann House - Micro Scooters Vietnam\",\"url\":\"https:\/\/annhouse.com.vn\/\",\"sameAs\":[\"https:\/\/www.facebook.com\/MicroScootersVN\",\"https:\/\/www.instagram.com\/annhouse.store\/\"],\"logo\":{\"@type\":\"ImageObject\",\"@id\":\"https:\/\/annhouse.com.vn\/#logo\",\"inLanguage\":\"en-US\",\"url\":\"https:\/\/annhouse.com.vn\/wp-content\/uploads\/2019\/12\/LOGO-ANN.png\",\"contentUrl\":\"https:\/\/annhouse.com.vn\/wp-content\/uploads\/2019\/12\/LOGO-ANN.png\",\"width\":1080,\"height\":642,\"caption\":\"Ann House - Micro Scooters Vietnam\"},\"image\":{\"@id\":\"https:\/\/annhouse.com.vn\/#logo\"}},{\"@type\":\"WebSite\",\"@id\":\"https:\/\/annhouse.com.vn\/#website\",\"url\":\"https:\/\/annhouse.com.vn\/\",\"name\":\"Ann House\",\"description\":\"Micro Scooters Vietnam\",\"publisher\":{\"@id\":\"https:\/\/annhouse.com.vn\/#organization\"},\"potentialAction\":[{\"@type\":\"SearchAction\",\"target\":\"https:\/\/annhouse.com.vn\/?s={search_term_string}\",\"query-input\":\"required name=search_term_string\"}],\"inLanguage\":\"en-US\"},{\"@type\":\"ImageObject\",\"@id\":\"https:\/\/annhouse.com.vn\/san-pham\/cleo-pyjama-2#primaryimage\",\"inLanguage\":\"en-US\",\"url\":\"https:\/\/annhouse.com.vn\/wp-content\/uploads\/2022\/07\/14830-CLEO.jpg\",\"contentUrl\":\"https:\/\/annhouse.com.vn\/wp-content\/uploads\/2022\/07\/14830-CLEO.jpg\",\"width\":800,\"height\":1000},{\"@type\":\"WebPage\",\"@id\":\"https:\/\/annhouse.com.vn\/san-pham\/cleo-pyjama-2#webpage\",\"url\":\"https:\/\/annhouse.com.vn\/san-pham\/cleo-pyjama-2\",\"name\":\"B\\u00fap b\\u00ea da m\\u00e0u - Paola Reina - CLEO PYJAMA - 14830 - Ann House\",\"isPartOf\":{\"@id\":\"https:\/\/annhouse.com.vn\/#website\"},\"primaryImageOfPage\":{\"@id\":\"https:\/\/annhouse.com.vn\/san-pham\/cleo-pyjama-2#primaryimage\"},\"datePublished\":\"2022-07-27T09:39:16+00:00\",\"dateModified\":\"2026-03-24T03:06:04+00:00\",\"breadcrumb\":{\"@id\":\"https:\/\/annhouse.com.vn\/san-pham\/cleo-pyjama-2#breadcrumb\"},\"inLanguage\":\"en-US\",\"potentialAction\":[{\"@type\":\"ReadAction\",\"target\":[\"https:\/\/annhouse.com.vn\/san-pham\/cleo-pyjama-2\"]}]},{\"@type\":\"BreadcrumbList\",\"@id\":\"https:\/\/annhouse.com.vn\/san-pham\/cleo-pyjama-2#breadcrumb\",\"itemListElement\":[{\"@type\":\"ListItem\",\"position\":1,\"item\":{\"@type\":\"WebPage\",\"@id\":\"https:\/\/annhouse.com.vn\/en\",\"url\":\"https:\/\/annhouse.com.vn\/en\",\"name\":\"Trang ch\\u1ee7\"}},{\"@type\":\"ListItem\",\"position\":2,\"item\":{\"@type\":\"WebPage\",\"@id\":\"https:\/\/annhouse.com.vn\/en\/shop\",\"url\":\"https:\/\/annhouse.com.vn\/en\/shop\",\"name\":\"Shop\"}},{\"@type\":\"ListItem\",\"position\":3,\"item\":{\"@id\":\"https:\/\/annhouse.com.vn\/san-pham\/cleo-pyjama-2#webpage\"}}]}]}<\/script>\n<!-- \/ Yoast SEO plugin. -->","_links":{"self":[{"href":"https:\/\/annhouse.com.vn\/en\/wp-json\/wp\/v2\/product\/37510"}],"collection":[{"href":"https:\/\/annhouse.com.vn\/en\/wp-json\/wp\/v2\/product"}],"about":[{"href":"https:\/\/annhouse.com.vn\/en\/wp-json\/wp\/v2\/types\/product"}],"replies":[{"embeddable":true,"href":"https:\/\/annhouse.com.vn\/en\/wp-json\/wp\/v2\/comments?post=37510"}],"wp:featuredmedia":[{"embeddable":true,"href":"https:\/\/annhouse.com.vn\/en\/wp-json\/wp\/v2\/media\/37504"}],"wp:attachment":[{"href":"https:\/\/annhouse.com.vn\/en\/wp-json\/wp\/v2\/media?parent=37510"}],"wp:term":[{"taxonomy":"product_cat","embeddable":true,"href":"https:\/\/annhouse.com.vn\/en\/wp-json\/wp\/v2\/product_cat?post=37510"},{"taxonomy":"product_tag","embeddable":true,"href":"https:\/\/annhouse.com.vn\/en\/wp-json\/wp\/v2\/product_tag?post=37510"}],"curies":[{"name":"wp","href":"https:\/\/api.w.org\/{rel}","templated":true}]}}