{"id":36930,"date":"2022-05-28T19:29:34","date_gmt":"2022-05-28T12:29:34","guid":{"rendered":"https:\/\/annhouse.com.vn\/shop\/uncategorized\/mu-bao-ho-red"},"modified":"2026-01-01T00:17:20","modified_gmt":"2025-12-31T17:17:20","slug":"mu-bao-ho-red","status":"publish","type":"product","link":"https:\/\/annhouse.com.vn\/en\/san-pham\/mu-bao-ho-red","title":{"rendered":"M\u0168 B\u1ea2O H\u1ed8 RED"},"content":{"rendered":"<p><iframe loading=\"lazy\" title=\"H\u01b0\u1edbng d\u1eabn \u0111o v\u00f2ng \u0111\u1ea7u c\u1ee7a b\u00e9 | M\u0169 b\u1ea3o h\u1ed9 Micro Helmet\" width=\"1170\" height=\"658\" src=\"https:\/\/www.youtube.com\/embed\/6sFdl4ypww4?feature=oembed\" frameborder=\"0\" allow=\"accelerometer; autoplay; clipboard-write; encrypted-media; gyroscope; picture-in-picture\" allowfullscreen><\/iframe><\/p>\n","protected":false},"excerpt":{"rendered":"<p><span style=\"color: #000000;\">M\u0169 b\u1ea3o h\u1ed9 Micro mang \u0111\u1ebfn cho em tr\u1ea3i nghi\u1ec7m an to\u00e0n v\u00e0 th\u00fa v\u1ecb h\u01a1n khi tham gia th\u1ec3 thao, \u0111\u1eb7c bi\u1ec7t l\u00e0 khi s\u1eed d\u1ee5ng xe tr\u01b0\u1ee3t<\/span><\/p>\n<p><span style=\"color: #000000;\">K\u00edch c\u1ee1: 48 \u2013 53cm (Size S), 52cm \u2013 56cm (Size M)<\/span><\/p>\n","protected":false},"featured_media":36925,"comment_status":"open","ping_status":"closed","template":"","meta":{"kk_blocks_editor_width":"","_kiokenblocks_attr":"","_kiokenblocks_dimensions":""},"product_cat":[346,742,215,218],"product_tag":[],"yoast_head":"<!-- This site is optimized with the Yoast SEO plugin v16.2 - https:\/\/yoast.com\/wordpress\/plugins\/seo\/ -->\n<title>M\u0168 B\u1ea2O H\u1ed8 RED - Ann House<\/title>\n<meta name=\"robots\" content=\"index, follow, max-snippet:-1, max-image-preview:large, max-video-preview:-1\" \/>\n<link rel=\"canonical\" href=\"https:\/\/annhouse.com.vn\/en\/san-pham\/mu-bao-ho-red\" \/>\n<meta property=\"og:locale\" content=\"en_US\" \/>\n<meta property=\"og:type\" content=\"article\" \/>\n<meta property=\"og:title\" content=\"M\u0168 B\u1ea2O H\u1ed8 RED - Ann House\" \/>\n<meta property=\"og:description\" content=\"M\u0169 b\u1ea3o h\u1ed9 Micro mang \u0111\u1ebfn cho em tr\u1ea3i nghi\u1ec7m an to\u00e0n v\u00e0 th\u00fa v\u1ecb h\u01a1n khi tham gia th\u1ec3 thao, \u0111\u1eb7c bi\u1ec7t l\u00e0 khi s\u1eed d\u1ee5ng xe tr\u01b0\u1ee3t  K\u00edch c\u1ee1: 48 \u2013 53cm (Size S), 52cm \u2013 56cm (Size M)\" \/>\n<meta property=\"og:url\" content=\"https:\/\/annhouse.com.vn\/en\/san-pham\/mu-bao-ho-red\" \/>\n<meta property=\"og:site_name\" content=\"Ann House\" \/>\n<meta property=\"article:publisher\" content=\"https:\/\/www.facebook.com\/MicroScootersVN\" \/>\n<meta property=\"article:modified_time\" content=\"2025-12-31T17:17:20+00:00\" \/>\n<meta property=\"og:image\" content=\"https:\/\/annhouse.com.vn\/wp-content\/uploads\/2019\/12\/LOGO-ANN.png\" \/>\n\t<meta property=\"og:image:width\" content=\"1080\" \/>\n\t<meta property=\"og:image:height\" content=\"642\" \/>\n<meta name=\"twitter:card\" content=\"summary_large_image\" \/>\n<script type=\"application\/ld+json\" class=\"yoast-schema-graph\">{\"@context\":\"https:\/\/schema.org\",\"@graph\":[{\"@type\":\"Organization\",\"@id\":\"https:\/\/annhouse.com.vn\/#organization\",\"name\":\"Ann House - Micro Scooters Vietnam\",\"url\":\"https:\/\/annhouse.com.vn\/\",\"sameAs\":[\"https:\/\/www.facebook.com\/MicroScootersVN\",\"https:\/\/www.instagram.com\/annhouse.store\/\"],\"logo\":{\"@type\":\"ImageObject\",\"@id\":\"https:\/\/annhouse.com.vn\/#logo\",\"inLanguage\":\"en-US\",\"url\":\"https:\/\/annhouse.com.vn\/wp-content\/uploads\/2019\/12\/LOGO-ANN.png\",\"contentUrl\":\"https:\/\/annhouse.com.vn\/wp-content\/uploads\/2019\/12\/LOGO-ANN.png\",\"width\":1080,\"height\":642,\"caption\":\"Ann House - Micro Scooters Vietnam\"},\"image\":{\"@id\":\"https:\/\/annhouse.com.vn\/#logo\"}},{\"@type\":\"WebSite\",\"@id\":\"https:\/\/annhouse.com.vn\/#website\",\"url\":\"https:\/\/annhouse.com.vn\/\",\"name\":\"Ann House\",\"description\":\"Micro Scooters Vietnam\",\"publisher\":{\"@id\":\"https:\/\/annhouse.com.vn\/#organization\"},\"potentialAction\":[{\"@type\":\"SearchAction\",\"target\":\"https:\/\/annhouse.com.vn\/?s={search_term_string}\",\"query-input\":\"required name=search_term_string\"}],\"inLanguage\":\"en-US\"},{\"@type\":\"ImageObject\",\"@id\":\"https:\/\/annhouse.com.vn\/en\/san-pham\/mu-bao-ho-red#primaryimage\",\"inLanguage\":\"en-US\",\"url\":\"https:\/\/annhouse.com.vn\/wp-content\/uploads\/2022\/05\/helmet-red.jpg\",\"contentUrl\":\"https:\/\/annhouse.com.vn\/wp-content\/uploads\/2022\/05\/helmet-red.jpg\",\"width\":800,\"height\":1000},{\"@type\":\"WebPage\",\"@id\":\"https:\/\/annhouse.com.vn\/en\/san-pham\/mu-bao-ho-red#webpage\",\"url\":\"https:\/\/annhouse.com.vn\/en\/san-pham\/mu-bao-ho-red\",\"name\":\"M\\u0168 B\\u1ea2O H\\u1ed8 RED - Ann House\",\"isPartOf\":{\"@id\":\"https:\/\/annhouse.com.vn\/#website\"},\"primaryImageOfPage\":{\"@id\":\"https:\/\/annhouse.com.vn\/en\/san-pham\/mu-bao-ho-red#primaryimage\"},\"datePublished\":\"2022-05-28T12:29:34+00:00\",\"dateModified\":\"2025-12-31T17:17:20+00:00\",\"breadcrumb\":{\"@id\":\"https:\/\/annhouse.com.vn\/en\/san-pham\/mu-bao-ho-red#breadcrumb\"},\"inLanguage\":\"en-US\",\"potentialAction\":[{\"@type\":\"ReadAction\",\"target\":[\"https:\/\/annhouse.com.vn\/en\/san-pham\/mu-bao-ho-red\"]}]},{\"@type\":\"BreadcrumbList\",\"@id\":\"https:\/\/annhouse.com.vn\/en\/san-pham\/mu-bao-ho-red#breadcrumb\",\"itemListElement\":[{\"@type\":\"ListItem\",\"position\":1,\"item\":{\"@type\":\"WebPage\",\"@id\":\"https:\/\/annhouse.com.vn\/en\",\"url\":\"https:\/\/annhouse.com.vn\/en\",\"name\":\"Trang ch\\u1ee7\"}},{\"@type\":\"ListItem\",\"position\":2,\"item\":{\"@type\":\"WebPage\",\"@id\":\"https:\/\/annhouse.com.vn\/en\/shop\",\"url\":\"https:\/\/annhouse.com.vn\/en\/shop\",\"name\":\"Shop\"}},{\"@type\":\"ListItem\",\"position\":3,\"item\":{\"@id\":\"https:\/\/annhouse.com.vn\/en\/san-pham\/mu-bao-ho-red#webpage\"}}]}]}<\/script>\n<!-- \/ Yoast SEO plugin. -->","_links":{"self":[{"href":"https:\/\/annhouse.com.vn\/en\/wp-json\/wp\/v2\/product\/36930"}],"collection":[{"href":"https:\/\/annhouse.com.vn\/en\/wp-json\/wp\/v2\/product"}],"about":[{"href":"https:\/\/annhouse.com.vn\/en\/wp-json\/wp\/v2\/types\/product"}],"replies":[{"embeddable":true,"href":"https:\/\/annhouse.com.vn\/en\/wp-json\/wp\/v2\/comments?post=36930"}],"wp:featuredmedia":[{"embeddable":true,"href":"https:\/\/annhouse.com.vn\/en\/wp-json\/wp\/v2\/media\/36925"}],"wp:attachment":[{"href":"https:\/\/annhouse.com.vn\/en\/wp-json\/wp\/v2\/media?parent=36930"}],"wp:term":[{"taxonomy":"product_cat","embeddable":true,"href":"https:\/\/annhouse.com.vn\/en\/wp-json\/wp\/v2\/product_cat?post=36930"},{"taxonomy":"product_tag","embeddable":true,"href":"https:\/\/annhouse.com.vn\/en\/wp-json\/wp\/v2\/product_tag?post=36930"}],"curies":[{"name":"wp","href":"https:\/\/api.w.org\/{rel}","templated":true}]}}