{"id":36895,"date":"2022-05-23T23:28:54","date_gmt":"2022-05-23T16:28:54","guid":{"rendered":"https:\/\/annhouse.com.vn\/shop\/uncategorized\/xe-truot-micro-navigator"},"modified":"2022-12-26T00:01:45","modified_gmt":"2022-12-25T17:01:45","slug":"micro-navigator","status":"publish","type":"product","link":"https:\/\/annhouse.com.vn\/en\/san-pham\/micro-navigator","title":{"rendered":"MICRO NAVIGATOR"},"content":{"rendered":"<h3 style=\"text-align: center;\"><span style=\"color: #d7344a;\"><strong>MICRO NAVIGATOR<\/strong><\/span><\/h3>\n<p style=\"text-align: center;\"><span style=\"color: #000000;\">Celebrate 25 years of Micro with the Navigator\u2019s retro chic. Using all our engineering know-how and scooting expertise, we\u2019ve created a scooter that is like no other. Premium tan leatherette handles, curved handlebars and wide wood-effect deck bring some classic cool. While a slick one-click fold, large PU wheels, and adjustable handlebars guarantee the ultimate riding comfort. With splash-proof mudguards, easy kickstand and rear reflector for on-the-go ease. Topped off with an integrated compass on the handlebars \u2013 to fuel the most discerning rider\u2019s spirit of adventure.\u00a0<\/span><\/p>\n<p><img loading=\"lazy\" class=\"aligncenter wp-image-36868 size-full\" src=\"https:\/\/annhouse.com.vn\/wp-content\/uploads\/2022\/05\/large-Micro-Navigator-5.jpg\" alt=\"\" width=\"1600\" height=\"1067\" srcset=\"https:\/\/annhouse.com.vn\/wp-content\/uploads\/2022\/05\/large-Micro-Navigator-5.jpg 1600w, https:\/\/annhouse.com.vn\/wp-content\/uploads\/2022\/05\/large-Micro-Navigator-5-1000x667.jpg 1000w, https:\/\/annhouse.com.vn\/wp-content\/uploads\/2022\/05\/large-Micro-Navigator-5-300x200.jpg 300w, https:\/\/annhouse.com.vn\/wp-content\/uploads\/2022\/05\/large-Micro-Navigator-5-1024x683.jpg 1024w, https:\/\/annhouse.com.vn\/wp-content\/uploads\/2022\/05\/large-Micro-Navigator-5-942x628.jpg 942w, https:\/\/annhouse.com.vn\/wp-content\/uploads\/2022\/05\/large-Micro-Navigator-5-768x512.jpg 768w, https:\/\/annhouse.com.vn\/wp-content\/uploads\/2022\/05\/large-Micro-Navigator-5-1536x1024.jpg 1536w\" sizes=\"(max-width: 1600px) 100vw, 1600px\" \/><\/p>\n<p style=\"text-align: center;\"><span style=\"color: #ffffff;\">__<\/span><\/p>\n<div id=\"metaslider-id-36882\" style=\"width: 100%; margin: 0 auto;\" class=\"ml-slider-3-106-0 metaslider metaslider-flex metaslider-36882 ml-slider has-dots-nav has-carousel-mode ml-slider-lightbox-2-22-0 simple-lightbox-2-9-5 ms-theme-default\" role=\"region\" aria-label=\"Micro Navigator\" data-height=\"450\" data-width=\"450\">\n    <div id=\"metaslider_container_36882\">\n        <div id=\"metaslider_36882\">\n            <ul class='slides'>\n                <li style=\"display: none; width: 100%;\" class=\"slide-36891 ms-image \" aria-roledescription=\"slide\" data-date=\"2022-05-24 12:52:47\" data-filename=\"navigator-1.jpg\" data-slide-type=\"image\"><img src=\"https:\/\/annhouse.com.vn\/wp-content\/uploads\/2022\/05\/navigator-1.jpg\" height=\"450\" width=\"450\" alt=\"\" class=\"slider-36882 slide-36891 msDefaultImage ml-lightbox-enabled\" title=\"navigator-1\" \/><\/li>\n                <li style=\"display: none; width: 100%;\" class=\"slide-36890 ms-image \" aria-roledescription=\"slide\" data-date=\"2022-05-24 12:52:46\" data-filename=\"navigator-2.jpg\" data-slide-type=\"image\"><img src=\"https:\/\/annhouse.com.vn\/wp-content\/uploads\/2022\/05\/navigator-2.jpg\" height=\"450\" width=\"450\" alt=\"\" class=\"slider-36882 slide-36890 msDefaultImage ml-lightbox-enabled\" title=\"navigator-2\" \/><\/li>\n                <li style=\"display: none; width: 100%;\" class=\"slide-36889 ms-image \" aria-roledescription=\"slide\" data-date=\"2022-05-24 12:52:46\" data-filename=\"navigator-3.jpg\" data-slide-type=\"image\"><img src=\"https:\/\/annhouse.com.vn\/wp-content\/uploads\/2022\/05\/navigator-3.jpg\" height=\"450\" width=\"450\" alt=\"\" class=\"slider-36882 slide-36889 msDefaultImage ml-lightbox-enabled\" title=\"navigator-3\" \/><\/li>\n                <li style=\"display: none; width: 100%;\" class=\"slide-36888 ms-image \" aria-roledescription=\"slide\" data-date=\"2022-05-24 12:52:46\" data-filename=\"navigator-4.jpg\" data-slide-type=\"image\"><img src=\"https:\/\/annhouse.com.vn\/wp-content\/uploads\/2022\/05\/navigator-4.jpg\" height=\"450\" width=\"450\" alt=\"\" class=\"slider-36882 slide-36888 msDefaultImage ml-lightbox-enabled\" title=\"navigator-4\" \/><\/li>\n                <li style=\"display: none; width: 100%;\" class=\"slide-36887 ms-image \" aria-roledescription=\"slide\" data-date=\"2022-05-24 12:52:46\" data-filename=\"navigator-5.jpg\" data-slide-type=\"image\"><img src=\"https:\/\/annhouse.com.vn\/wp-content\/uploads\/2022\/05\/navigator-5.jpg\" height=\"450\" width=\"450\" alt=\"\" class=\"slider-36882 slide-36887 msDefaultImage ml-lightbox-enabled\" title=\"navigator-5\" \/><\/li>\n            <\/ul>\n        <\/div>\n        \n    <\/div>\n<\/div>\n<p style=\"text-align: center;\"><span style=\"color: #ffffff;\">__<\/span><\/p>\n<p><img loading=\"lazy\" class=\"aligncenter wp-image-36870 size-full\" src=\"https:\/\/annhouse.com.vn\/wp-content\/uploads\/2022\/05\/large-Micro-Navigator-6.jpg\" alt=\"\" width=\"1600\" height=\"1067\" srcset=\"https:\/\/annhouse.com.vn\/wp-content\/uploads\/2022\/05\/large-Micro-Navigator-6.jpg 1600w, https:\/\/annhouse.com.vn\/wp-content\/uploads\/2022\/05\/large-Micro-Navigator-6-1000x667.jpg 1000w, https:\/\/annhouse.com.vn\/wp-content\/uploads\/2022\/05\/large-Micro-Navigator-6-300x200.jpg 300w, https:\/\/annhouse.com.vn\/wp-content\/uploads\/2022\/05\/large-Micro-Navigator-6-1024x683.jpg 1024w, https:\/\/annhouse.com.vn\/wp-content\/uploads\/2022\/05\/large-Micro-Navigator-6-942x628.jpg 942w, https:\/\/annhouse.com.vn\/wp-content\/uploads\/2022\/05\/large-Micro-Navigator-6-768x512.jpg 768w, https:\/\/annhouse.com.vn\/wp-content\/uploads\/2022\/05\/large-Micro-Navigator-6-1536x1024.jpg 1536w\" sizes=\"(max-width: 1600px) 100vw, 1600px\" \/><\/p>\n<p><img loading=\"lazy\" class=\"aligncenter wp-image-36872 size-full\" src=\"https:\/\/annhouse.com.vn\/wp-content\/uploads\/2022\/05\/large-Micro-Navigator-7.jpg\" alt=\"\" width=\"1600\" height=\"1056\" srcset=\"https:\/\/annhouse.com.vn\/wp-content\/uploads\/2022\/05\/large-Micro-Navigator-7.jpg 1600w, https:\/\/annhouse.com.vn\/wp-content\/uploads\/2022\/05\/large-Micro-Navigator-7-1000x660.jpg 1000w, https:\/\/annhouse.com.vn\/wp-content\/uploads\/2022\/05\/large-Micro-Navigator-7-300x198.jpg 300w, https:\/\/annhouse.com.vn\/wp-content\/uploads\/2022\/05\/large-Micro-Navigator-7-1024x676.jpg 1024w, https:\/\/annhouse.com.vn\/wp-content\/uploads\/2022\/05\/large-Micro-Navigator-7-952x628.jpg 952w, https:\/\/annhouse.com.vn\/wp-content\/uploads\/2022\/05\/large-Micro-Navigator-7-768x507.jpg 768w, https:\/\/annhouse.com.vn\/wp-content\/uploads\/2022\/05\/large-Micro-Navigator-7-1536x1014.jpg 1536w\" sizes=\"(max-width: 1600px) 100vw, 1600px\" \/><\/p>\n<p><img loading=\"lazy\" class=\"aligncenter wp-image-36874 size-full\" src=\"https:\/\/annhouse.com.vn\/wp-content\/uploads\/2022\/05\/large-Micro-Navigator-8.jpg\" alt=\"\" width=\"1600\" height=\"1067\" srcset=\"https:\/\/annhouse.com.vn\/wp-content\/uploads\/2022\/05\/large-Micro-Navigator-8.jpg 1600w, https:\/\/annhouse.com.vn\/wp-content\/uploads\/2022\/05\/large-Micro-Navigator-8-1000x667.jpg 1000w, https:\/\/annhouse.com.vn\/wp-content\/uploads\/2022\/05\/large-Micro-Navigator-8-300x200.jpg 300w, https:\/\/annhouse.com.vn\/wp-content\/uploads\/2022\/05\/large-Micro-Navigator-8-1024x683.jpg 1024w, https:\/\/annhouse.com.vn\/wp-content\/uploads\/2022\/05\/large-Micro-Navigator-8-942x628.jpg 942w, https:\/\/annhouse.com.vn\/wp-content\/uploads\/2022\/05\/large-Micro-Navigator-8-768x512.jpg 768w, https:\/\/annhouse.com.vn\/wp-content\/uploads\/2022\/05\/large-Micro-Navigator-8-1536x1024.jpg 1536w\" sizes=\"(max-width: 1600px) 100vw, 1600px\" \/><\/p>\n<p><img loading=\"lazy\" class=\"aligncenter wp-image-36876 size-full\" src=\"https:\/\/annhouse.com.vn\/wp-content\/uploads\/2022\/05\/large-Micro-Navigator-9.jpg\" alt=\"\" width=\"1600\" height=\"1067\" srcset=\"https:\/\/annhouse.com.vn\/wp-content\/uploads\/2022\/05\/large-Micro-Navigator-9.jpg 1600w, https:\/\/annhouse.com.vn\/wp-content\/uploads\/2022\/05\/large-Micro-Navigator-9-1000x667.jpg 1000w, https:\/\/annhouse.com.vn\/wp-content\/uploads\/2022\/05\/large-Micro-Navigator-9-300x200.jpg 300w, https:\/\/annhouse.com.vn\/wp-content\/uploads\/2022\/05\/large-Micro-Navigator-9-1024x683.jpg 1024w, https:\/\/annhouse.com.vn\/wp-content\/uploads\/2022\/05\/large-Micro-Navigator-9-942x628.jpg 942w, https:\/\/annhouse.com.vn\/wp-content\/uploads\/2022\/05\/large-Micro-Navigator-9-768x512.jpg 768w, https:\/\/annhouse.com.vn\/wp-content\/uploads\/2022\/05\/large-Micro-Navigator-9-1536x1024.jpg 1536w\" sizes=\"(max-width: 1600px) 100vw, 1600px\" \/><\/p>\n<p><img loading=\"lazy\" class=\"aligncenter wp-image-36878 size-full\" src=\"https:\/\/annhouse.com.vn\/wp-content\/uploads\/2022\/05\/large-Micro-Navigator-10.jpg\" alt=\"\" width=\"832\" height=\"1200\" srcset=\"https:\/\/annhouse.com.vn\/wp-content\/uploads\/2022\/05\/large-Micro-Navigator-10.jpg 832w, https:\/\/annhouse.com.vn\/wp-content\/uploads\/2022\/05\/large-Micro-Navigator-10-208x300.jpg 208w, https:\/\/annhouse.com.vn\/wp-content\/uploads\/2022\/05\/large-Micro-Navigator-10-710x1024.jpg 710w, https:\/\/annhouse.com.vn\/wp-content\/uploads\/2022\/05\/large-Micro-Navigator-10-435x628.jpg 435w, https:\/\/annhouse.com.vn\/wp-content\/uploads\/2022\/05\/large-Micro-Navigator-10-768x1108.jpg 768w, https:\/\/annhouse.com.vn\/wp-content\/uploads\/2022\/05\/large-Micro-Navigator-10-500x721.jpg 500w, https:\/\/annhouse.com.vn\/wp-content\/uploads\/2022\/05\/large-Micro-Navigator-10-800x1154.jpg 800w\" sizes=\"(max-width: 832px) 100vw, 832px\" \/><\/p>\n<p><img loading=\"lazy\" class=\"aligncenter wp-image-36880 size-full\" src=\"https:\/\/annhouse.com.vn\/wp-content\/uploads\/2022\/05\/large-Micro-Navigator-11.jpg\" alt=\"\" width=\"1600\" height=\"1067\" srcset=\"https:\/\/annhouse.com.vn\/wp-content\/uploads\/2022\/05\/large-Micro-Navigator-11.jpg 1600w, https:\/\/annhouse.com.vn\/wp-content\/uploads\/2022\/05\/large-Micro-Navigator-11-1000x667.jpg 1000w, https:\/\/annhouse.com.vn\/wp-content\/uploads\/2022\/05\/large-Micro-Navigator-11-300x200.jpg 300w, https:\/\/annhouse.com.vn\/wp-content\/uploads\/2022\/05\/large-Micro-Navigator-11-1024x683.jpg 1024w, https:\/\/annhouse.com.vn\/wp-content\/uploads\/2022\/05\/large-Micro-Navigator-11-942x628.jpg 942w, https:\/\/annhouse.com.vn\/wp-content\/uploads\/2022\/05\/large-Micro-Navigator-11-768x512.jpg 768w, https:\/\/annhouse.com.vn\/wp-content\/uploads\/2022\/05\/large-Micro-Navigator-11-1536x1024.jpg 1536w\" sizes=\"(max-width: 1600px) 100vw, 1600px\" \/><\/p>\n","protected":false},"excerpt":{"rendered":"<h4><strong><span style=\"color: #000000;\"><span style=\"color: #d7344a;\">State-of-the-art technology packed in a timeless retro look!<\/span><\/span><\/strong><\/h4>\n<p><span style=\"color: #000000;\">The <strong>Micro Navigator<\/strong> makes collectors and aesthetes hearts beat faster. In addition to the classic design, the ergonomic aluminum scooter offers maximum riding comfort thanks to the 200mm large, smooth-running PU wheels and the height-adjustable handlebar. In addition, the Micro Navigator can be parked effortlessly anytime and anywhere thanks to the integrated kick stand. The high-quality leatherette handles, the integrated compass on the handlebar and the wide deck with wooden design give the scooter its unique nostalgic look.<\/span><\/p>\n<p><span style=\"color: #000000;\"><b>Specifications:<\/b><br \/>\nFor:\u00a0 \u00a0 \u00a0 \u00a0 \u00a0 \u00a0 12+ years and Adult<br \/>\nMax load:\u00a0 \u00a0100kg<\/span><br \/>\n<span style=\"color: #000000;\">Weight:\u00a0 \u00a0 \u00a0 \u00a06.7kg<\/span><br \/>\n<span style=\"color: #000000;\">Height:\u00a0 \u00a0 \u00a0 \u00a0 82cm &#8211; 106cm<br \/>\nWheels:\u00a0 \u00a0 \u00a0 200mm, bearing ABEC 9<br \/>\nFoldable; High quality faux leather handles; Integrated compass<\/span><\/p>\n<p><span style=\"color: #000000;\"><strong>After-sale services:<\/strong><\/span><br \/>\n<span style=\"color: #000000;\">2 years warranty for manufacturer defects<\/span><br \/>\n<span style=\"color: #000000;\">Technical consulting &amp; assistance<\/span><br \/>\n<span style=\"color: #000000;\">Provide original spare parts in case you need\u00a0<\/span><\/p>\n","protected":false},"featured_media":36754,"comment_status":"open","ping_status":"closed","template":"","meta":{"kk_blocks_editor_width":"","_kiokenblocks_attr":"","_kiokenblocks_dimensions":""},"product_cat":[203,206],"product_tag":[],"yoast_head":"<!-- This site is optimized with the Yoast SEO plugin v16.2 - https:\/\/yoast.com\/wordpress\/plugins\/seo\/ -->\n<title>XE TR\u01af\u1ee2T MICRO NAVIGATOR | V\u1ebb \u0111\u1eb9p c\u1ed5 \u0111i\u1ec3n v\u01b0\u1ee3t th\u1eddi gian!<\/title>\n<meta name=\"description\" content=\"Micro Navigator l\u00e0 m\u1ed9t ng\u01b0\u1eddi b\u1ea1n \u0111\u1ed3ng h\u00e0nh \u0111\u1ed9c \u0111\u00e1o, m\u1ed9t chi\u1ebfc xe tr\u01b0\u1ee3t scooter cao c\u1ea5p, mang v\u1ebb \u0111\u1eb9p c\u1ed5 \u0111i\u1ec3n c\u00f9ng t\u00ednh n\u0103ng hi\u1ec7n \u0111\u1ea1i!\" \/>\n<meta name=\"robots\" content=\"index, follow, max-snippet:-1, max-image-preview:large, max-video-preview:-1\" \/>\n<link rel=\"canonical\" href=\"https:\/\/annhouse.com.vn\/en\/san-pham\/micro-navigator\" \/>\n<meta property=\"og:locale\" content=\"en_US\" \/>\n<meta property=\"og:type\" content=\"article\" \/>\n<meta property=\"og:title\" content=\"XE TR\u01af\u1ee2T MICRO NAVIGATOR | V\u1ebb \u0111\u1eb9p c\u1ed5 \u0111i\u1ec3n v\u01b0\u1ee3t th\u1eddi gian!\" \/>\n<meta property=\"og:description\" content=\"Micro Navigator l\u00e0 m\u1ed9t ng\u01b0\u1eddi b\u1ea1n \u0111\u1ed3ng h\u00e0nh \u0111\u1ed9c \u0111\u00e1o, m\u1ed9t chi\u1ebfc xe tr\u01b0\u1ee3t scooter cao c\u1ea5p, mang v\u1ebb \u0111\u1eb9p c\u1ed5 \u0111i\u1ec3n c\u00f9ng t\u00ednh n\u0103ng hi\u1ec7n \u0111\u1ea1i!\" \/>\n<meta property=\"og:url\" content=\"https:\/\/annhouse.com.vn\/en\/san-pham\/micro-navigator\" \/>\n<meta property=\"og:site_name\" content=\"Ann House\" \/>\n<meta property=\"article:publisher\" content=\"https:\/\/www.facebook.com\/MicroScootersVN\" \/>\n<meta property=\"article:modified_time\" content=\"2022-12-25T17:01:45+00:00\" \/>\n<meta property=\"og:image\" content=\"https:\/\/annhouse.com.vn\/wp-content\/uploads\/2022\/05\/SA0232-1.jpg\" \/>\n\t<meta property=\"og:image:width\" content=\"800\" \/>\n\t<meta property=\"og:image:height\" content=\"1000\" \/>\n<meta name=\"twitter:card\" content=\"summary_large_image\" \/>\n<meta name=\"twitter:label1\" content=\"Est. reading time\">\n\t<meta name=\"twitter:data1\" content=\"2 minutes\">\n<script type=\"application\/ld+json\" class=\"yoast-schema-graph\">{\"@context\":\"https:\/\/schema.org\",\"@graph\":[{\"@type\":\"Organization\",\"@id\":\"https:\/\/annhouse.com.vn\/#organization\",\"name\":\"Ann House - Micro Scooters Vietnam\",\"url\":\"https:\/\/annhouse.com.vn\/\",\"sameAs\":[\"https:\/\/www.facebook.com\/MicroScootersVN\",\"https:\/\/www.instagram.com\/annhouse.store\/\"],\"logo\":{\"@type\":\"ImageObject\",\"@id\":\"https:\/\/annhouse.com.vn\/#logo\",\"inLanguage\":\"en-US\",\"url\":\"https:\/\/annhouse.com.vn\/wp-content\/uploads\/2019\/12\/LOGO-ANN.png\",\"contentUrl\":\"https:\/\/annhouse.com.vn\/wp-content\/uploads\/2019\/12\/LOGO-ANN.png\",\"width\":1080,\"height\":642,\"caption\":\"Ann House - Micro Scooters Vietnam\"},\"image\":{\"@id\":\"https:\/\/annhouse.com.vn\/#logo\"}},{\"@type\":\"WebSite\",\"@id\":\"https:\/\/annhouse.com.vn\/#website\",\"url\":\"https:\/\/annhouse.com.vn\/\",\"name\":\"Ann House\",\"description\":\"Micro Scooters Vietnam\",\"publisher\":{\"@id\":\"https:\/\/annhouse.com.vn\/#organization\"},\"potentialAction\":[{\"@type\":\"SearchAction\",\"target\":\"https:\/\/annhouse.com.vn\/?s={search_term_string}\",\"query-input\":\"required name=search_term_string\"}],\"inLanguage\":\"en-US\"},{\"@type\":\"ImageObject\",\"@id\":\"https:\/\/annhouse.com.vn\/en\/san-pham\/micro-navigator#primaryimage\",\"inLanguage\":\"en-US\",\"url\":\"https:\/\/annhouse.com.vn\/wp-content\/uploads\/2022\/05\/SA0232-1.jpg\",\"contentUrl\":\"https:\/\/annhouse.com.vn\/wp-content\/uploads\/2022\/05\/SA0232-1.jpg\",\"width\":800,\"height\":1000,\"caption\":\"Micro Navigator\"},{\"@type\":\"WebPage\",\"@id\":\"https:\/\/annhouse.com.vn\/en\/san-pham\/micro-navigator#webpage\",\"url\":\"https:\/\/annhouse.com.vn\/en\/san-pham\/micro-navigator\",\"name\":\"XE TR\\u01af\\u1ee2T MICRO NAVIGATOR | V\\u1ebb \\u0111\\u1eb9p c\\u1ed5 \\u0111i\\u1ec3n v\\u01b0\\u1ee3t th\\u1eddi gian!\",\"isPartOf\":{\"@id\":\"https:\/\/annhouse.com.vn\/#website\"},\"primaryImageOfPage\":{\"@id\":\"https:\/\/annhouse.com.vn\/en\/san-pham\/micro-navigator#primaryimage\"},\"datePublished\":\"2022-05-23T16:28:54+00:00\",\"dateModified\":\"2022-12-25T17:01:45+00:00\",\"description\":\"Micro Navigator l\\u00e0 m\\u1ed9t ng\\u01b0\\u1eddi b\\u1ea1n \\u0111\\u1ed3ng h\\u00e0nh \\u0111\\u1ed9c \\u0111\\u00e1o, m\\u1ed9t chi\\u1ebfc xe tr\\u01b0\\u1ee3t scooter cao c\\u1ea5p, mang v\\u1ebb \\u0111\\u1eb9p c\\u1ed5 \\u0111i\\u1ec3n c\\u00f9ng t\\u00ednh n\\u0103ng hi\\u1ec7n \\u0111\\u1ea1i!\",\"breadcrumb\":{\"@id\":\"https:\/\/annhouse.com.vn\/en\/san-pham\/micro-navigator#breadcrumb\"},\"inLanguage\":\"en-US\",\"potentialAction\":[{\"@type\":\"ReadAction\",\"target\":[\"https:\/\/annhouse.com.vn\/en\/san-pham\/micro-navigator\"]}]},{\"@type\":\"BreadcrumbList\",\"@id\":\"https:\/\/annhouse.com.vn\/en\/san-pham\/micro-navigator#breadcrumb\",\"itemListElement\":[{\"@type\":\"ListItem\",\"position\":1,\"item\":{\"@type\":\"WebPage\",\"@id\":\"https:\/\/annhouse.com.vn\/en\",\"url\":\"https:\/\/annhouse.com.vn\/en\",\"name\":\"Trang ch\\u1ee7\"}},{\"@type\":\"ListItem\",\"position\":2,\"item\":{\"@type\":\"WebPage\",\"@id\":\"https:\/\/annhouse.com.vn\/en\/shop\",\"url\":\"https:\/\/annhouse.com.vn\/en\/shop\",\"name\":\"Shop\"}},{\"@type\":\"ListItem\",\"position\":3,\"item\":{\"@id\":\"https:\/\/annhouse.com.vn\/en\/san-pham\/micro-navigator#webpage\"}}]}]}<\/script>\n<!-- \/ Yoast SEO plugin. -->","_links":{"self":[{"href":"https:\/\/annhouse.com.vn\/en\/wp-json\/wp\/v2\/product\/36895"}],"collection":[{"href":"https:\/\/annhouse.com.vn\/en\/wp-json\/wp\/v2\/product"}],"about":[{"href":"https:\/\/annhouse.com.vn\/en\/wp-json\/wp\/v2\/types\/product"}],"replies":[{"embeddable":true,"href":"https:\/\/annhouse.com.vn\/en\/wp-json\/wp\/v2\/comments?post=36895"}],"wp:featuredmedia":[{"embeddable":true,"href":"https:\/\/annhouse.com.vn\/en\/wp-json\/wp\/v2\/media\/36754"}],"wp:attachment":[{"href":"https:\/\/annhouse.com.vn\/en\/wp-json\/wp\/v2\/media?parent=36895"}],"wp:term":[{"taxonomy":"product_cat","embeddable":true,"href":"https:\/\/annhouse.com.vn\/en\/wp-json\/wp\/v2\/product_cat?post=36895"},{"taxonomy":"product_tag","embeddable":true,"href":"https:\/\/annhouse.com.vn\/en\/wp-json\/wp\/v2\/product_tag?post=36895"}],"curies":[{"name":"wp","href":"https:\/\/api.w.org\/{rel}","templated":true}]}}