{"id":35161,"date":"2021-07-06T11:17:50","date_gmt":"2021-07-06T04:17:50","guid":{"rendered":"https:\/\/annhouse.com.vn\/shop\/uncategorized\/thu-nhun-micro-air-hopper"},"modified":"2026-03-26T10:16:18","modified_gmt":"2026-03-26T03:16:18","slug":"micro-air-hopper-2","status":"publish","type":"product","link":"https:\/\/annhouse.com.vn\/en\/san-pham\/micro-air-hopper-2","title":{"rendered":"Micro Air Hopper 2.0"},"content":{"rendered":"<p><img loading=\"lazy\" class=\"aligncenter wp-image-43888 size-full\" title=\"th\u00fa nh\u00fan\" src=\"https:\/\/annhouse.com.vn\/wp-content\/uploads\/2021\/07\/Hopper-Banner-1.webp\" alt=\"\" width=\"2048\" height=\"1501\" srcset=\"https:\/\/annhouse.com.vn\/wp-content\/uploads\/2021\/07\/Hopper-Banner-1.webp 2048w, https:\/\/annhouse.com.vn\/wp-content\/uploads\/2021\/07\/Hopper-Banner-1-300x220.webp 300w, https:\/\/annhouse.com.vn\/wp-content\/uploads\/2021\/07\/Hopper-Banner-1-1024x751.webp 1024w, https:\/\/annhouse.com.vn\/wp-content\/uploads\/2021\/07\/Hopper-Banner-1-857x628.webp 857w, https:\/\/annhouse.com.vn\/wp-content\/uploads\/2021\/07\/Hopper-Banner-1-768x563.webp 768w, https:\/\/annhouse.com.vn\/wp-content\/uploads\/2021\/07\/Hopper-Banner-1-1536x1126.webp 1536w, https:\/\/annhouse.com.vn\/wp-content\/uploads\/2021\/07\/Hopper-Banner-1-1000x733.webp 1000w\" sizes=\"(max-width: 2048px) 100vw, 2048px\" \/><\/p>\n<h3 style=\"text-align: center;\"><span style=\"color: #ffffff;\">&#8212;<\/span><\/h3>\n<h3 style=\"text-align: center;\"><span style=\"color: #d71249;\">MICRO AIR HOPPER 2.0<\/span><\/h3>\n<p style=\"text-align: center;\"><span style=\"color: #ffffff;\">&#8211;<\/span><\/p>\n<p style=\"text-align: center;\"><span style=\"color: #000000;\">Our Micro Hopper delivers twice the fun. It is an inflatable hopper for hours of up-down bouncing action. It is also a smart ride-on for toddlers who like to be on the move. These two products in one will last them from their first steps at 18 months to ride-on adventures until around the age of 5.<\/span><\/p>\n<h4><span style=\"color: #000000;\"><b>Indoor And Outdoor Fun Every Day<\/b><\/span><\/h4>\n<p><span style=\"color: #000000;\">With a unique ergonomic design, the Hopper improves kids&#8217; balance and coordination as they play, hop, and bounce indoors or outdoors. The Hopper seamlessly transforms into a ride-on hopper, meaning kids can enjoy their first adventure on non-marking wheels indoors or outdoors.<\/span><\/p>\n<h4><span style=\"color: #000000;\"><b>Smooth mover<\/b><\/span><\/h4>\n<p><span style=\"color: #000000;\">Our PU wheels rotate a full 360 degrees for the ultimate manoeuvrability. They are also quiet, non-marking, and housed in a rubber chassis free of sharp edges, which means little ankles can roam freely (and keep furniture safe, too).<\/span><\/p>\n<h4><span style=\"color: #000000;\"><b>Size Adjustable<\/b><\/span><\/h4>\n<p><span style=\"color: #000000;\">The Hopper can be filled with more or less air depending on your child&#8217;s size, which means it&#8217;s perfectly tuned to grow with your child.<\/span><\/p>\n<h4><span style=\"color: #000000;\"><b>An adaptable friend<\/b><\/span><\/h4>\n<p><span style=\"color: #000000;\">Inflate the body for some living room bouncing. Connect the chassis for a ride around the block. Deflate and disconnect to pop in the car boot. The Hopper is designed to adapt to your needs.<\/span><\/p>\n<h4><span style=\"color: #000000;\"><b>Store or Transport<\/b><\/span><\/h4>\n<p><span style=\"color: #000000;\">The air can be completely let out for easy storage or transportation, so you can take the Hopper with you on holiday, to Granny&#8217;s, or on a weekend away.<\/span><\/p>\n<p><img loading=\"lazy\" class=\"aligncenter wp-image-43890 size-full\" src=\"https:\/\/annhouse.com.vn\/wp-content\/uploads\/2021\/07\/Hopper-Banner-2.webp\" alt=\"\" width=\"2048\" height=\"1501\" srcset=\"https:\/\/annhouse.com.vn\/wp-content\/uploads\/2021\/07\/Hopper-Banner-2.webp 2048w, https:\/\/annhouse.com.vn\/wp-content\/uploads\/2021\/07\/Hopper-Banner-2-300x220.webp 300w, https:\/\/annhouse.com.vn\/wp-content\/uploads\/2021\/07\/Hopper-Banner-2-1024x751.webp 1024w, https:\/\/annhouse.com.vn\/wp-content\/uploads\/2021\/07\/Hopper-Banner-2-857x628.webp 857w, https:\/\/annhouse.com.vn\/wp-content\/uploads\/2021\/07\/Hopper-Banner-2-768x563.webp 768w, https:\/\/annhouse.com.vn\/wp-content\/uploads\/2021\/07\/Hopper-Banner-2-1536x1126.webp 1536w, https:\/\/annhouse.com.vn\/wp-content\/uploads\/2021\/07\/Hopper-Banner-2-1000x733.webp 1000w\" sizes=\"(max-width: 2048px) 100vw, 2048px\" \/><\/p>\n<p><span style=\"color: #000000;\"><img loading=\"lazy\" class=\"aligncenter wp-image-43892 size-full\" src=\"https:\/\/annhouse.com.vn\/wp-content\/uploads\/2021\/07\/Hopper-Banner-3.webp\" alt=\"\" width=\"2048\" height=\"1031\" srcset=\"https:\/\/annhouse.com.vn\/wp-content\/uploads\/2021\/07\/Hopper-Banner-3.webp 2048w, https:\/\/annhouse.com.vn\/wp-content\/uploads\/2021\/07\/Hopper-Banner-3-300x151.webp 300w, https:\/\/annhouse.com.vn\/wp-content\/uploads\/2021\/07\/Hopper-Banner-3-1024x516.webp 1024w, https:\/\/annhouse.com.vn\/wp-content\/uploads\/2021\/07\/Hopper-Banner-3-1200x604.webp 1200w, https:\/\/annhouse.com.vn\/wp-content\/uploads\/2021\/07\/Hopper-Banner-3-768x387.webp 768w, https:\/\/annhouse.com.vn\/wp-content\/uploads\/2021\/07\/Hopper-Banner-3-1536x773.webp 1536w, https:\/\/annhouse.com.vn\/wp-content\/uploads\/2021\/07\/Hopper-Banner-3-1000x503.webp 1000w\" sizes=\"(max-width: 2048px) 100vw, 2048px\" \/><\/span><\/p>\n<p><img loading=\"lazy\" class=\"aligncenter wp-image-43872 size-full\" src=\"https:\/\/annhouse.com.vn\/wp-content\/uploads\/2021\/07\/Hopper_new_2-copy.webp\" alt=\"\" width=\"800\" height=\"1000\" srcset=\"https:\/\/annhouse.com.vn\/wp-content\/uploads\/2021\/07\/Hopper_new_2-copy.webp 800w, https:\/\/annhouse.com.vn\/wp-content\/uploads\/2021\/07\/Hopper_new_2-copy-240x300.webp 240w, https:\/\/annhouse.com.vn\/wp-content\/uploads\/2021\/07\/Hopper_new_2-copy-502x628.webp 502w, https:\/\/annhouse.com.vn\/wp-content\/uploads\/2021\/07\/Hopper_new_2-copy-768x960.webp 768w\" sizes=\"(max-width: 800px) 100vw, 800px\" \/> <img loading=\"lazy\" class=\"aligncenter wp-image-43870 size-full\" src=\"https:\/\/annhouse.com.vn\/wp-content\/uploads\/2021\/07\/Hopper_New-copy.webp\" alt=\"\" width=\"800\" height=\"1000\" srcset=\"https:\/\/annhouse.com.vn\/wp-content\/uploads\/2021\/07\/Hopper_New-copy.webp 800w, https:\/\/annhouse.com.vn\/wp-content\/uploads\/2021\/07\/Hopper_New-copy-240x300.webp 240w, https:\/\/annhouse.com.vn\/wp-content\/uploads\/2021\/07\/Hopper_New-copy-502x628.webp 502w, https:\/\/annhouse.com.vn\/wp-content\/uploads\/2021\/07\/Hopper_New-copy-768x960.webp 768w\" sizes=\"(max-width: 800px) 100vw, 800px\" \/><\/p>\n<p><img loading=\"lazy\" class=\"aligncenter wp-image-43880 size-full\" src=\"https:\/\/annhouse.com.vn\/wp-content\/uploads\/2021\/07\/HP_new_2.webp\" alt=\"\" width=\"800\" height=\"1000\" srcset=\"https:\/\/annhouse.com.vn\/wp-content\/uploads\/2021\/07\/HP_new_2.webp 800w, https:\/\/annhouse.com.vn\/wp-content\/uploads\/2021\/07\/HP_new_2-240x300.webp 240w, https:\/\/annhouse.com.vn\/wp-content\/uploads\/2021\/07\/HP_new_2-502x628.webp 502w, https:\/\/annhouse.com.vn\/wp-content\/uploads\/2021\/07\/HP_new_2-768x960.webp 768w\" sizes=\"(max-width: 800px) 100vw, 800px\" \/> <img loading=\"lazy\" class=\"aligncenter wp-image-43886 size-full\" src=\"https:\/\/annhouse.com.vn\/wp-content\/uploads\/2021\/07\/Thong_So.webp\" alt=\"\" width=\"800\" height=\"1000\" srcset=\"https:\/\/annhouse.com.vn\/wp-content\/uploads\/2021\/07\/Thong_So.webp 800w, https:\/\/annhouse.com.vn\/wp-content\/uploads\/2021\/07\/Thong_So-240x300.webp 240w, https:\/\/annhouse.com.vn\/wp-content\/uploads\/2021\/07\/Thong_So-502x628.webp 502w, https:\/\/annhouse.com.vn\/wp-content\/uploads\/2021\/07\/Thong_So-768x960.webp 768w\" sizes=\"(max-width: 800px) 100vw, 800px\" \/> <img loading=\"lazy\" class=\"aligncenter wp-image-43884 size-full\" src=\"https:\/\/annhouse.com.vn\/wp-content\/uploads\/2021\/07\/HP_New_4.webp\" alt=\"\" width=\"800\" height=\"1000\" srcset=\"https:\/\/annhouse.com.vn\/wp-content\/uploads\/2021\/07\/HP_New_4.webp 800w, https:\/\/annhouse.com.vn\/wp-content\/uploads\/2021\/07\/HP_New_4-240x300.webp 240w, https:\/\/annhouse.com.vn\/wp-content\/uploads\/2021\/07\/HP_New_4-502x628.webp 502w, https:\/\/annhouse.com.vn\/wp-content\/uploads\/2021\/07\/HP_New_4-768x960.webp 768w\" sizes=\"(max-width: 800px) 100vw, 800px\" \/> <img loading=\"lazy\" class=\"aligncenter wp-image-43882 size-full\" src=\"https:\/\/annhouse.com.vn\/wp-content\/uploads\/2021\/07\/HP_New_3.webp\" alt=\"\" width=\"800\" height=\"1000\" srcset=\"https:\/\/annhouse.com.vn\/wp-content\/uploads\/2021\/07\/HP_New_3.webp 800w, https:\/\/annhouse.com.vn\/wp-content\/uploads\/2021\/07\/HP_New_3-240x300.webp 240w, https:\/\/annhouse.com.vn\/wp-content\/uploads\/2021\/07\/HP_New_3-502x628.webp 502w, https:\/\/annhouse.com.vn\/wp-content\/uploads\/2021\/07\/HP_New_3-768x960.webp 768w\" sizes=\"(max-width: 800px) 100vw, 800px\" \/><\/p>\n<p style=\"text-align: center;\"><span style=\"color: #ffffff;\">&#8212;<\/span><\/p>\n<h4><\/h4>\n<h4><\/h4>\n","protected":false},"excerpt":{"rendered":"<h4 dir=\"ltr\" data-placeholder=\"B\u1ea3n d\u1ecbch\"><span style=\"color: #d7344a;\"><span style=\"caret-color: #d7344a;\">DOUBLE THE FUN!<\/span><\/span><\/h4>\n<p id=\"tw-target-text\" class=\"tw-data-text tw-text-large XcVN5d tw-ta\" dir=\"ltr\" data-placeholder=\"B\u1ea3n d\u1ecbch\">In a revolutionary way, the Micro Air Hopper combines the well-known hopper ball concept with the fun of riding on wheels. The ergonomically designed children\u2019s toy consists of two components \u2013 an inflatable main body, and a chassis with 360-degree PU wheels that are exceptionally quiet and leave no marks. The ball can be filled with more or less air, depending on size of the child, so that your kid is always safe and comfortable. With the Micro Air Hopper, the toddlers are already mobile and active before their first attempts at walking. Furthermore, beyond the giggles and fun, coordination and balance are skillfully promoted.<\/p>\n<p dir=\"ltr\" data-placeholder=\"B\u1ea3n d\u1ecbch\"><strong>Specifications<\/strong><br \/>\nAge range: 18 months \u2013 5 years<br \/>\nMax load: 25kg<br \/>\nWeight: 2,4kg<\/p>\n<p dir=\"ltr\" data-placeholder=\"B\u1ea3n d\u1ecbch\"><strong>After-sale services:<\/strong><br \/>\n2 years warranty for manufacturer defects<br \/>\nTechnical consulting &amp; assistance<\/p>\n","protected":false},"featured_media":43877,"comment_status":"open","ping_status":"closed","template":"","meta":{"kk_blocks_editor_width":"","_kiokenblocks_attr":"","_kiokenblocks_dimensions":""},"product_cat":[202,209,211],"product_tag":[846],"yoast_head":"<!-- This site is optimized with the Yoast SEO plugin v16.2 - https:\/\/yoast.com\/wordpress\/plugins\/seo\/ -->\n<title>Micro Air Hopper 2.0<\/title>\n<meta name=\"description\" content=\"Micro Air Hopper 2.0 l\u00e0 m\u1ed9t m\u00f3n \u0111\u1ed3 ch\u01a1i \u0111\u1eb7c bi\u1ec7t. Th\u01b0\u01a1ng hi\u1ec7u cao c\u1ea5p t\u1eeb Thu\u1ef5 S\u0129. B\u1ea3o h\u00e0nh l\u00ean \u0111\u1ebfn 2 n\u0103m!\" \/>\n<meta name=\"robots\" content=\"index, follow, max-snippet:-1, max-image-preview:large, max-video-preview:-1\" \/>\n<link rel=\"canonical\" href=\"https:\/\/annhouse.com.vn\/en\/san-pham\/micro-air-hopper-2\" \/>\n<meta property=\"og:locale\" content=\"en_US\" \/>\n<meta property=\"og:type\" content=\"article\" \/>\n<meta property=\"og:title\" content=\"Micro Air Hopper 2.0\" \/>\n<meta property=\"og:description\" content=\"Micro Air Hopper 2.0 l\u00e0 m\u1ed9t m\u00f3n \u0111\u1ed3 ch\u01a1i \u0111\u1eb7c bi\u1ec7t. Th\u01b0\u01a1ng hi\u1ec7u cao c\u1ea5p t\u1eeb Thu\u1ef5 S\u0129. B\u1ea3o h\u00e0nh l\u00ean \u0111\u1ebfn 2 n\u0103m!\" \/>\n<meta property=\"og:url\" content=\"https:\/\/annhouse.com.vn\/en\/san-pham\/micro-air-hopper-2\" \/>\n<meta property=\"og:site_name\" content=\"Ann House\" \/>\n<meta property=\"article:publisher\" content=\"https:\/\/www.facebook.com\/MicroScootersVN\" \/>\n<meta property=\"article:modified_time\" content=\"2026-03-26T03:16:18+00:00\" \/>\n<meta property=\"og:image\" content=\"https:\/\/annhouse.com.vn\/wp-content\/uploads\/2019\/12\/LOGO-ANN.png\" \/>\n\t<meta property=\"og:image:width\" content=\"1080\" \/>\n\t<meta property=\"og:image:height\" content=\"642\" \/>\n<meta name=\"twitter:card\" content=\"summary_large_image\" \/>\n<meta name=\"twitter:label1\" content=\"Est. reading time\">\n\t<meta name=\"twitter:data1\" content=\"3 minutes\">\n<script type=\"application\/ld+json\" class=\"yoast-schema-graph\">{\"@context\":\"https:\/\/schema.org\",\"@graph\":[{\"@type\":\"Organization\",\"@id\":\"https:\/\/annhouse.com.vn\/#organization\",\"name\":\"Ann House - Micro Scooters Vietnam\",\"url\":\"https:\/\/annhouse.com.vn\/\",\"sameAs\":[\"https:\/\/www.facebook.com\/MicroScootersVN\",\"https:\/\/www.instagram.com\/annhouse.store\/\"],\"logo\":{\"@type\":\"ImageObject\",\"@id\":\"https:\/\/annhouse.com.vn\/#logo\",\"inLanguage\":\"en-US\",\"url\":\"https:\/\/annhouse.com.vn\/wp-content\/uploads\/2019\/12\/LOGO-ANN.png\",\"contentUrl\":\"https:\/\/annhouse.com.vn\/wp-content\/uploads\/2019\/12\/LOGO-ANN.png\",\"width\":1080,\"height\":642,\"caption\":\"Ann House - Micro Scooters Vietnam\"},\"image\":{\"@id\":\"https:\/\/annhouse.com.vn\/#logo\"}},{\"@type\":\"WebSite\",\"@id\":\"https:\/\/annhouse.com.vn\/#website\",\"url\":\"https:\/\/annhouse.com.vn\/\",\"name\":\"Ann House\",\"description\":\"Micro Scooters Vietnam\",\"publisher\":{\"@id\":\"https:\/\/annhouse.com.vn\/#organization\"},\"potentialAction\":[{\"@type\":\"SearchAction\",\"target\":\"https:\/\/annhouse.com.vn\/?s={search_term_string}\",\"query-input\":\"required name=search_term_string\"}],\"inLanguage\":\"en-US\"},{\"@type\":\"ImageObject\",\"@id\":\"https:\/\/annhouse.com.vn\/en\/san-pham\/micro-air-hopper-2#primaryimage\",\"inLanguage\":\"en-US\",\"url\":\"https:\/\/annhouse.com.vn\/wp-content\/uploads\/2021\/07\/Hopper_New.webp\",\"contentUrl\":\"https:\/\/annhouse.com.vn\/wp-content\/uploads\/2021\/07\/Hopper_New.webp\",\"width\":800,\"height\":1000},{\"@type\":\"WebPage\",\"@id\":\"https:\/\/annhouse.com.vn\/en\/san-pham\/micro-air-hopper-2#webpage\",\"url\":\"https:\/\/annhouse.com.vn\/en\/san-pham\/micro-air-hopper-2\",\"name\":\"Micro Air Hopper 2.0\",\"isPartOf\":{\"@id\":\"https:\/\/annhouse.com.vn\/#website\"},\"primaryImageOfPage\":{\"@id\":\"https:\/\/annhouse.com.vn\/en\/san-pham\/micro-air-hopper-2#primaryimage\"},\"datePublished\":\"2021-07-06T04:17:50+00:00\",\"dateModified\":\"2026-03-26T03:16:18+00:00\",\"description\":\"Micro Air Hopper 2.0 l\\u00e0 m\\u1ed9t m\\u00f3n \\u0111\\u1ed3 ch\\u01a1i \\u0111\\u1eb7c bi\\u1ec7t. Th\\u01b0\\u01a1ng hi\\u1ec7u cao c\\u1ea5p t\\u1eeb Thu\\u1ef5 S\\u0129. B\\u1ea3o h\\u00e0nh l\\u00ean \\u0111\\u1ebfn 2 n\\u0103m!\",\"breadcrumb\":{\"@id\":\"https:\/\/annhouse.com.vn\/en\/san-pham\/micro-air-hopper-2#breadcrumb\"},\"inLanguage\":\"en-US\",\"potentialAction\":[{\"@type\":\"ReadAction\",\"target\":[\"https:\/\/annhouse.com.vn\/en\/san-pham\/micro-air-hopper-2\"]}]},{\"@type\":\"BreadcrumbList\",\"@id\":\"https:\/\/annhouse.com.vn\/en\/san-pham\/micro-air-hopper-2#breadcrumb\",\"itemListElement\":[{\"@type\":\"ListItem\",\"position\":1,\"item\":{\"@type\":\"WebPage\",\"@id\":\"https:\/\/annhouse.com.vn\/en\",\"url\":\"https:\/\/annhouse.com.vn\/en\",\"name\":\"Trang ch\\u1ee7\"}},{\"@type\":\"ListItem\",\"position\":2,\"item\":{\"@type\":\"WebPage\",\"@id\":\"https:\/\/annhouse.com.vn\/en\/shop\",\"url\":\"https:\/\/annhouse.com.vn\/en\/shop\",\"name\":\"Shop\"}},{\"@type\":\"ListItem\",\"position\":3,\"item\":{\"@id\":\"https:\/\/annhouse.com.vn\/en\/san-pham\/micro-air-hopper-2#webpage\"}}]}]}<\/script>\n<!-- \/ Yoast SEO plugin. -->","_links":{"self":[{"href":"https:\/\/annhouse.com.vn\/en\/wp-json\/wp\/v2\/product\/35161"}],"collection":[{"href":"https:\/\/annhouse.com.vn\/en\/wp-json\/wp\/v2\/product"}],"about":[{"href":"https:\/\/annhouse.com.vn\/en\/wp-json\/wp\/v2\/types\/product"}],"replies":[{"embeddable":true,"href":"https:\/\/annhouse.com.vn\/en\/wp-json\/wp\/v2\/comments?post=35161"}],"wp:featuredmedia":[{"embeddable":true,"href":"https:\/\/annhouse.com.vn\/en\/wp-json\/wp\/v2\/media\/43877"}],"wp:attachment":[{"href":"https:\/\/annhouse.com.vn\/en\/wp-json\/wp\/v2\/media?parent=35161"}],"wp:term":[{"taxonomy":"product_cat","embeddable":true,"href":"https:\/\/annhouse.com.vn\/en\/wp-json\/wp\/v2\/product_cat?post=35161"},{"taxonomy":"product_tag","embeddable":true,"href":"https:\/\/annhouse.com.vn\/en\/wp-json\/wp\/v2\/product_tag?post=35161"}],"curies":[{"name":"wp","href":"https:\/\/api.w.org\/{rel}","templated":true}]}}