{"id":17552,"date":"2019-12-11T20:46:40","date_gmt":"2019-12-11T13:46:40","guid":{"rendered":"https:\/\/annhouse.com.vn\/?post_type=product&#038;p=17552"},"modified":"2025-12-26T15:01:29","modified_gmt":"2025-12-26T08:01:29","slug":"ao-boi-lien-kidsumplay-2","status":"publish","type":"product","link":"https:\/\/annhouse.com.vn\/en\/san-pham\/ao-boi-lien-kidsumplay-2","title":{"rendered":"\u00c1O B\u01a0I LI\u1ec0N KIDSUMPLAY"},"content":{"rendered":"<p><img loading=\"lazy\" class=\"aligncenter wp-image-17507 size-full\" src=\"https:\/\/annhouse.com.vn\/wp-content\/uploads\/2019\/12\/900_kidsumplay_top-1.jpg\" alt=\"\" width=\"900\" height=\"640\" srcset=\"https:\/\/annhouse.com.vn\/wp-content\/uploads\/2019\/12\/900_kidsumplay_top-1.jpg 900w, https:\/\/annhouse.com.vn\/wp-content\/uploads\/2019\/12\/900_kidsumplay_top-1-500x356.jpg 500w, https:\/\/annhouse.com.vn\/wp-content\/uploads\/2019\/12\/900_kidsumplay_top-1-800x569.jpg 800w, https:\/\/annhouse.com.vn\/wp-content\/uploads\/2019\/12\/900_kidsumplay_top-1-300x213.jpg 300w, https:\/\/annhouse.com.vn\/wp-content\/uploads\/2019\/12\/900_kidsumplay_top-1-768x546.jpg 768w\" sizes=\"(max-width: 900px) 100vw, 900px\" \/><\/p>\n<p><img loading=\"lazy\" class=\"aligncenter wp-image-17509 size-full\" src=\"https:\/\/annhouse.com.vn\/wp-content\/uploads\/2019\/12\/900_kidsumplay_logo-2.jpg\" alt=\"\" width=\"900\" height=\"200\" srcset=\"https:\/\/annhouse.com.vn\/wp-content\/uploads\/2019\/12\/900_kidsumplay_logo-2.jpg 900w, https:\/\/annhouse.com.vn\/wp-content\/uploads\/2019\/12\/900_kidsumplay_logo-2-500x111.jpg 500w, https:\/\/annhouse.com.vn\/wp-content\/uploads\/2019\/12\/900_kidsumplay_logo-2-800x178.jpg 800w, https:\/\/annhouse.com.vn\/wp-content\/uploads\/2019\/12\/900_kidsumplay_logo-2-300x67.jpg 300w, https:\/\/annhouse.com.vn\/wp-content\/uploads\/2019\/12\/900_kidsumplay_logo-2-768x171.jpg 768w\" sizes=\"(max-width: 900px) 100vw, 900px\" \/><\/p>\n<p><img loading=\"lazy\" class=\"aligncenter wp-image-17553 size-full\" src=\"https:\/\/annhouse.com.vn\/wp-content\/uploads\/2019\/12\/frill_fitting_cut-2.jpg\" alt=\"\" width=\"780\" height=\"1412\" srcset=\"https:\/\/annhouse.com.vn\/wp-content\/uploads\/2019\/12\/frill_fitting_cut-2.jpg 780w, https:\/\/annhouse.com.vn\/wp-content\/uploads\/2019\/12\/frill_fitting_cut-2-500x905.jpg 500w, https:\/\/annhouse.com.vn\/wp-content\/uploads\/2019\/12\/frill_fitting_cut-2-600x1086.jpg 600w, https:\/\/annhouse.com.vn\/wp-content\/uploads\/2019\/12\/frill_fitting_cut-2-166x300.jpg 166w, https:\/\/annhouse.com.vn\/wp-content\/uploads\/2019\/12\/frill_fitting_cut-2-566x1024.jpg 566w, https:\/\/annhouse.com.vn\/wp-content\/uploads\/2019\/12\/frill_fitting_cut-2-768x1390.jpg 768w\" sizes=\"(max-width: 780px) 100vw, 780px\" \/><\/p>\n<p><img loading=\"lazy\" class=\"aligncenter wp-image-17554 size-full\" src=\"https:\/\/annhouse.com.vn\/wp-content\/uploads\/2019\/12\/frill_color.jpg\" alt=\"\" width=\"780\" height=\"543\" srcset=\"https:\/\/annhouse.com.vn\/wp-content\/uploads\/2019\/12\/frill_color.jpg 780w, https:\/\/annhouse.com.vn\/wp-content\/uploads\/2019\/12\/frill_color-500x348.jpg 500w, https:\/\/annhouse.com.vn\/wp-content\/uploads\/2019\/12\/frill_color-600x418.jpg 600w, https:\/\/annhouse.com.vn\/wp-content\/uploads\/2019\/12\/frill_color-300x209.jpg 300w, https:\/\/annhouse.com.vn\/wp-content\/uploads\/2019\/12\/frill_color-768x535.jpg 768w\" sizes=\"(max-width: 780px) 100vw, 780px\" \/><\/p>\n<p><img loading=\"lazy\" class=\"aligncenter wp-image-17555 size-full\" src=\"https:\/\/annhouse.com.vn\/wp-content\/uploads\/2019\/12\/frill_detail_cut.jpg\" alt=\"\" width=\"780\" height=\"475\" srcset=\"https:\/\/annhouse.com.vn\/wp-content\/uploads\/2019\/12\/frill_detail_cut.jpg 780w, https:\/\/annhouse.com.vn\/wp-content\/uploads\/2019\/12\/frill_detail_cut-500x304.jpg 500w, https:\/\/annhouse.com.vn\/wp-content\/uploads\/2019\/12\/frill_detail_cut-600x365.jpg 600w, https:\/\/annhouse.com.vn\/wp-content\/uploads\/2019\/12\/frill_detail_cut-300x183.jpg 300w, https:\/\/annhouse.com.vn\/wp-content\/uploads\/2019\/12\/frill_detail_cut-768x468.jpg 768w\" sizes=\"(max-width: 780px) 100vw, 780px\" \/><\/p>\n<p>&nbsp;<\/p>\n<p><img loading=\"lazy\" class=\"aligncenter wp-image-17526 size-full\" src=\"https:\/\/annhouse.com.vn\/wp-content\/uploads\/2019\/12\/170503-2443-scaled.jpg\" alt=\"\" width=\"2529\" height=\"2560\" srcset=\"https:\/\/annhouse.com.vn\/wp-content\/uploads\/2019\/12\/170503-2443-scaled.jpg 2529w, https:\/\/annhouse.com.vn\/wp-content\/uploads\/2019\/12\/170503-2443-scaled-1000x1012.jpg 1000w, https:\/\/annhouse.com.vn\/wp-content\/uploads\/2019\/12\/170503-2443-scaled-100x100.jpg 100w, https:\/\/annhouse.com.vn\/wp-content\/uploads\/2019\/12\/170503-2443-296x300.jpg 296w, https:\/\/annhouse.com.vn\/wp-content\/uploads\/2019\/12\/170503-2443-1012x1024.jpg 1012w, https:\/\/annhouse.com.vn\/wp-content\/uploads\/2019\/12\/170503-2443-768x777.jpg 768w, https:\/\/annhouse.com.vn\/wp-content\/uploads\/2019\/12\/170503-2443-1518x1536.jpg 1518w, https:\/\/annhouse.com.vn\/wp-content\/uploads\/2019\/12\/170503-2443-2024x2048.jpg 2024w\" sizes=\"(max-width: 2529px) 100vw, 2529px\" \/><\/p>\n","protected":false},"excerpt":{"rendered":"<p><span style=\"color: #000000;\"><b>KIDSUMPLAY<\/b> &#8211; Th\u01b0\u01a1ng hi\u1ec7u \u0111\u1ed3 b\u01a1i cao c\u1ea5p d\u00e0nh cho tr\u1ebb em \u0111\u1ebfn t\u1eeb H\u00e0n Qu\u1ed1c, v\u1edbi ch\u1ea5t v\u1ea3i \u0111\u01b0\u1ee3c s\u1ea3n xu\u1ea5t t\u1ea1i \u00dd<\/span><\/p>\n<p><span style=\"color: #000000;\">&#8211; T\u1ea5t c\u1ea3 s\u1ea3n ph\u1ea9m c\u1ee7a KidSumPlay \u0111\u01b0\u1ee3c d\u1ec7t t\u1eeb nh\u1eefng s\u1ee3i v\u1ea3i si\u00eau nh\u1ecf cao c\u1ea5p, l\u00e0 nh\u00e3n hi\u1ec7u \u0111\u00e3 \u0111\u0103ng k\u00fd \u0111\u1ed9c quy\u1ec1n c\u1ee7a Radici Group \u2013 Th\u01b0\u01a1ng hi\u1ec7u s\u1ea3n xu\u1ea5t v\u1ea3i \u0111\u1ebfn t\u1eeb \u00dd<br \/>\n&#8211; V\u1ea3i co d\u00e3n 4 chi\u1ec1u, d\u1ec5 d\u00e0ng ph\u1ee5c h\u1ed3i l\u1ea1i tr\u1ea1ng th\u00e1i ban \u0111\u1ea7u<span class=\"Apple-converted-space\"><br \/>\n<\/span>&#8211; V\u1ea3i kh\u00f4 tho\u00e1ng nhanh, mang \u0111\u1ebfn s\u1ef1 tho\u1ea3i m\u00e1i cho tr\u1ebb em\u00a0<span class=\"Apple-converted-space\"><br \/>\n<\/span>&#8211; UPF50 + v\u1ea3i gia c\u00f4ng \u0111\u1ec3 b\u1ea3o v\u1ec7 c\u01a1 th\u1ec3 \u00a0t\u1eeb tia c\u1ef1c t\u00edm v\u00e0 \u0111\u01b0\u1ee3c ch\u1ee9ng nh\u1eadn ng\u0103n ch\u1eb7n UVA v\u00e0 UVB 99,9%<br \/>\n&#8211; K\u1ef9 thu\u1eadt in silicon ti\u00ean ti\u1ebfn gi\u00fap ng\u0103n ng\u1eeba bong tr\u00f3c v\u00e0 duy tr\u00ec m\u00e0u s\u1eafc v\u00e0 ki\u1ec3u d\u00e1ng tinh t\u1ebf, kh\u00f4ng gi\u1ed1ng nh\u01b0 in \u1ea5n th\u00f4ng th\u01b0\u1eddng<\/span><\/p>\n","protected":false},"featured_media":28768,"comment_status":"open","ping_status":"closed","template":"","meta":{"kk_blocks_editor_width":"","_kiokenblocks_attr":"","_kiokenblocks_dimensions":""},"product_cat":[345,739],"product_tag":[],"yoast_head":"<!-- This site is optimized with the Yoast SEO plugin v16.2 - https:\/\/yoast.com\/wordpress\/plugins\/seo\/ -->\n<title>\u00c1O B\u01a0I LI\u1ec0N KIDSUMPLAY - Ann House<\/title>\n<meta name=\"robots\" content=\"index, follow, max-snippet:-1, max-image-preview:large, max-video-preview:-1\" \/>\n<link rel=\"canonical\" href=\"https:\/\/annhouse.com.vn\/san-pham\/ao-boi-lien-kidsumplay-2\" \/>\n<meta property=\"og:locale\" content=\"en_US\" \/>\n<meta property=\"og:type\" content=\"article\" \/>\n<meta property=\"og:title\" content=\"\u00c1O B\u01a0I LI\u1ec0N KIDSUMPLAY - Ann House\" \/>\n<meta property=\"og:description\" content=\"KIDSUMPLAY - Th\u01b0\u01a1ng hi\u1ec7u \u0111\u1ed3 b\u01a1i cao c\u1ea5p d\u00e0nh cho tr\u1ebb em \u0111\u1ebfn t\u1eeb H\u00e0n Qu\u1ed1c, v\u1edbi ch\u1ea5t v\u1ea3i \u0111\u01b0\u1ee3c s\u1ea3n xu\u1ea5t t\u1ea1i \u00dd  - T\u1ea5t c\u1ea3 s\u1ea3n ph\u1ea9m c\u1ee7a KidSumPlay \u0111\u01b0\u1ee3c d\u1ec7t t\u1eeb nh\u1eefng s\u1ee3i v\u1ea3i si\u00eau nh\u1ecf cao c\u1ea5p, l\u00e0 nh\u00e3n hi\u1ec7u \u0111\u00e3 \u0111\u0103ng k\u00fd \u0111\u1ed9c quy\u1ec1n c\u1ee7a Radici Group \u2013 Th\u01b0\u01a1ng hi\u1ec7u s\u1ea3n xu\u1ea5t v\u1ea3i \u0111\u1ebfn t\u1eeb \u00dd - V\u1ea3i co d\u00e3n 4 chi\u1ec1u, d\u1ec5 d\u00e0ng ph\u1ee5c h\u1ed3i l\u1ea1i tr\u1ea1ng th\u00e1i ban \u0111\u1ea7u - V\u1ea3i kh\u00f4 tho\u00e1ng nhanh, mang \u0111\u1ebfn s\u1ef1 tho\u1ea3i m\u00e1i cho tr\u1ebb em\u00a0 - UPF50 + v\u1ea3i gia c\u00f4ng \u0111\u1ec3 b\u1ea3o v\u1ec7 c\u01a1 th\u1ec3 \u00a0t\u1eeb tia c\u1ef1c t\u00edm v\u00e0 \u0111\u01b0\u1ee3c ch\u1ee9ng nh\u1eadn ng\u0103n ch\u1eb7n UVA v\u00e0 UVB 99,9% - K\u1ef9 thu\u1eadt in silicon ti\u00ean ti\u1ebfn gi\u00fap ng\u0103n ng\u1eeba bong tr\u00f3c v\u00e0 duy tr\u00ec m\u00e0u s\u1eafc v\u00e0 ki\u1ec3u d\u00e1ng tinh t\u1ebf, kh\u00f4ng gi\u1ed1ng nh\u01b0 in \u1ea5n th\u00f4ng th\u01b0\u1eddng\" \/>\n<meta property=\"og:url\" content=\"https:\/\/annhouse.com.vn\/san-pham\/ao-boi-lien-kidsumplay-2\" \/>\n<meta property=\"og:site_name\" content=\"Ann House\" \/>\n<meta property=\"article:publisher\" content=\"https:\/\/www.facebook.com\/MicroScootersVN\" \/>\n<meta property=\"article:modified_time\" content=\"2025-12-26T08:01:29+00:00\" \/>\n<meta property=\"og:image\" content=\"https:\/\/annhouse.com.vn\/wp-content\/uploads\/2020\/10\/ksp-motmanh-02.jpg\" \/>\n\t<meta property=\"og:image:width\" content=\"800\" \/>\n\t<meta property=\"og:image:height\" content=\"800\" \/>\n<meta name=\"twitter:card\" content=\"summary_large_image\" \/>\n<script type=\"application\/ld+json\" class=\"yoast-schema-graph\">{\"@context\":\"https:\/\/schema.org\",\"@graph\":[{\"@type\":\"Organization\",\"@id\":\"https:\/\/annhouse.com.vn\/#organization\",\"name\":\"Ann House - Micro Scooters Vietnam\",\"url\":\"https:\/\/annhouse.com.vn\/\",\"sameAs\":[\"https:\/\/www.facebook.com\/MicroScootersVN\",\"https:\/\/www.instagram.com\/annhouse.store\/\"],\"logo\":{\"@type\":\"ImageObject\",\"@id\":\"https:\/\/annhouse.com.vn\/#logo\",\"inLanguage\":\"en-US\",\"url\":\"https:\/\/annhouse.com.vn\/wp-content\/uploads\/2019\/12\/LOGO-ANN.png\",\"contentUrl\":\"https:\/\/annhouse.com.vn\/wp-content\/uploads\/2019\/12\/LOGO-ANN.png\",\"width\":1080,\"height\":642,\"caption\":\"Ann House - Micro Scooters Vietnam\"},\"image\":{\"@id\":\"https:\/\/annhouse.com.vn\/#logo\"}},{\"@type\":\"WebSite\",\"@id\":\"https:\/\/annhouse.com.vn\/#website\",\"url\":\"https:\/\/annhouse.com.vn\/\",\"name\":\"Ann House\",\"description\":\"Micro Scooters Vietnam\",\"publisher\":{\"@id\":\"https:\/\/annhouse.com.vn\/#organization\"},\"potentialAction\":[{\"@type\":\"SearchAction\",\"target\":\"https:\/\/annhouse.com.vn\/?s={search_term_string}\",\"query-input\":\"required name=search_term_string\"}],\"inLanguage\":\"en-US\"},{\"@type\":\"ImageObject\",\"@id\":\"https:\/\/annhouse.com.vn\/san-pham\/ao-boi-lien-kidsumplay-2#primaryimage\",\"inLanguage\":\"en-US\",\"url\":\"https:\/\/annhouse.com.vn\/wp-content\/uploads\/2020\/10\/ksp-motmanh-02.jpg\",\"contentUrl\":\"https:\/\/annhouse.com.vn\/wp-content\/uploads\/2020\/10\/ksp-motmanh-02.jpg\",\"width\":800,\"height\":800},{\"@type\":\"WebPage\",\"@id\":\"https:\/\/annhouse.com.vn\/san-pham\/ao-boi-lien-kidsumplay-2#webpage\",\"url\":\"https:\/\/annhouse.com.vn\/san-pham\/ao-boi-lien-kidsumplay-2\",\"name\":\"\\u00c1O B\\u01a0I LI\\u1ec0N KIDSUMPLAY - Ann House\",\"isPartOf\":{\"@id\":\"https:\/\/annhouse.com.vn\/#website\"},\"primaryImageOfPage\":{\"@id\":\"https:\/\/annhouse.com.vn\/san-pham\/ao-boi-lien-kidsumplay-2#primaryimage\"},\"datePublished\":\"2019-12-11T13:46:40+00:00\",\"dateModified\":\"2025-12-26T08:01:29+00:00\",\"breadcrumb\":{\"@id\":\"https:\/\/annhouse.com.vn\/san-pham\/ao-boi-lien-kidsumplay-2#breadcrumb\"},\"inLanguage\":\"en-US\",\"potentialAction\":[{\"@type\":\"ReadAction\",\"target\":[\"https:\/\/annhouse.com.vn\/san-pham\/ao-boi-lien-kidsumplay-2\"]}]},{\"@type\":\"BreadcrumbList\",\"@id\":\"https:\/\/annhouse.com.vn\/san-pham\/ao-boi-lien-kidsumplay-2#breadcrumb\",\"itemListElement\":[{\"@type\":\"ListItem\",\"position\":1,\"item\":{\"@type\":\"WebPage\",\"@id\":\"https:\/\/annhouse.com.vn\/en\",\"url\":\"https:\/\/annhouse.com.vn\/en\",\"name\":\"Trang ch\\u1ee7\"}},{\"@type\":\"ListItem\",\"position\":2,\"item\":{\"@type\":\"WebPage\",\"@id\":\"https:\/\/annhouse.com.vn\/en\/shop\",\"url\":\"https:\/\/annhouse.com.vn\/en\/shop\",\"name\":\"Shop\"}},{\"@type\":\"ListItem\",\"position\":3,\"item\":{\"@id\":\"https:\/\/annhouse.com.vn\/san-pham\/ao-boi-lien-kidsumplay-2#webpage\"}}]}]}<\/script>\n<!-- \/ Yoast SEO plugin. -->","_links":{"self":[{"href":"https:\/\/annhouse.com.vn\/en\/wp-json\/wp\/v2\/product\/17552"}],"collection":[{"href":"https:\/\/annhouse.com.vn\/en\/wp-json\/wp\/v2\/product"}],"about":[{"href":"https:\/\/annhouse.com.vn\/en\/wp-json\/wp\/v2\/types\/product"}],"replies":[{"embeddable":true,"href":"https:\/\/annhouse.com.vn\/en\/wp-json\/wp\/v2\/comments?post=17552"}],"wp:featuredmedia":[{"embeddable":true,"href":"https:\/\/annhouse.com.vn\/en\/wp-json\/wp\/v2\/media\/28768"}],"wp:attachment":[{"href":"https:\/\/annhouse.com.vn\/en\/wp-json\/wp\/v2\/media?parent=17552"}],"wp:term":[{"taxonomy":"product_cat","embeddable":true,"href":"https:\/\/annhouse.com.vn\/en\/wp-json\/wp\/v2\/product_cat?post=17552"},{"taxonomy":"product_tag","embeddable":true,"href":"https:\/\/annhouse.com.vn\/en\/wp-json\/wp\/v2\/product_tag?post=17552"}],"curies":[{"name":"wp","href":"https:\/\/api.w.org\/{rel}","templated":true}]}}